{"id":9418,"date":"2024-12-11T12:39:00","date_gmt":"2024-12-11T17:39:00","guid":{"rendered":"https:\/\/wedgehillslodge.com\/circuits\/trek-et-randonnees\/tundra-discovery-hike\/"},"modified":"2025-10-24T16:03:08","modified_gmt":"2025-10-24T20:03:08","slug":"randonnee-decouverte-de-la-toundra","status":"publish","type":"page","link":"https:\/\/wedgehillslodge.com\/fr\/circuits\/trek-et-randonnees\/randonnee-decouverte-de-la-toundra\/","title":{"rendered":"Randonn\u00e9e D\u00e9couverte de la Toundra"},"content":{"rendered":"<div class=\"wpb-content-wrapper\"><p>[vc_row][vc_column][vc_column_text css=\"\"]<\/p>\n<h1>Randonn\u00e9e D\u00e9couverte de la Toundra depuis Wedge Hills Lodge<\/h1>\n<p>[\/vc_column_text][\/vc_column][\/vc_row][vc_row][vc_column width=\"1\/2\"][vc_column_text css=\"\"]<\/p>\n<h3 data-start=\"0\" data-end=\"43\">Exp\u00e9dition sur la toundra subarctique<\/h3>\n<p data-start=\"45\" data-end=\"349\">Partez pour une aventure de randonn\u00e9e et de camping \u00e0 travers la toundra subarctique du Qu\u00e9bec, et d\u00e9couvrez la richesse de la flore, de la faune et de la g\u00e9ologie qui fa\u00e7onnent ce magnifique paysage post-glaciaire. Ici, la seule chose que vous \u00eates s\u00fbr de <em data-start=\"302\" data-end=\"310\">ne pas<\/em> croiser, c\u2019est un autre \u00eatre humain.<\/p>\n<p data-start=\"351\" data-end=\"955\">Il s\u2019agit d\u2019une exp\u00e9dition autonome \u2014 la libert\u00e9 \u00e0 son \u00e9tat pur. Choisissez de voyager seul pour vivre un moment de r\u00e9flexion et de reconnexion, ou partagez l\u2019exp\u00e9rience avec un petit groupe de huit aventuriers au maximum. Vous d\u00e9cidez de la direction, de la distance parcourue chaque jour et de l\u2019endroit o\u00f9 installer votre tente chaque soir. D\u00e8s que vous quittez le <strong data-start=\"719\" data-end=\"740\">Wedge Hills Lodge<\/strong> et franchissez la cr\u00eate dominant la <strong data-start=\"777\" data-end=\"808\">vall\u00e9e de la rivi\u00e8re George<\/strong>, la v\u00e9g\u00e9tation se fait plus rare, laissant place \u00e0 une vaste toundra ondulante \u2014 un paysage id\u00e9al pour marcher librement et voir \u00e0 perte de vue.<\/p>\n<p data-start=\"957\" data-end=\"1664\">Quelle que soit la direction que vous choisirez, chaque pas vous r\u00e9v\u00e9lera de nouvelles merveilles. Des fleurs de toundra \u00e9clatantes et des baies color\u00e9es tapissent le sol, tandis que la faune se d\u00e9place \u00e0 l\u2019horizon : caribous du troupeau de la rivi\u00e8re George, ours noirs, loups gris et arctiques, renards, lemmings, lagop\u00e8des et g\u00e9linottes. Un petit troupeau de b\u0153ufs musqu\u00e9s, r\u00e9cemment observ\u00e9 \u00e0 seulement quelques kilom\u00e8tres du lodge, offre une occasion unique d\u2019admirer et de photographier ces cr\u00e9atures \u00e0 l\u2019allure pr\u00e9historique dans leur habitat naturel. En chemin, vous croiserez des lacs cristallins et des ruisseaux glac\u00e9s o\u00f9 vous pourrez remplir votre gourde d\u2019une eau d\u2019une puret\u00e9 exceptionnelle.<\/p>\n<p data-start=\"1666\" data-end=\"1960\" data-is-last-node=\"\" data-is-only-node=\"\">Le soir venu, installez votre campement en pleine solitude et laissez le silence du Nord vous envelopper. Si le ciel est d\u00e9gag\u00e9, allongez-vous pr\u00e8s de votre tente et admirez les <strong data-start=\"1844\" data-end=\"1864\">aurores bor\u00e9ales<\/strong> danser \u00e0 l\u2019horizon \u2014 un spectacle inoubliable pour clore une journ\u00e9e pass\u00e9e au c\u0153ur du sauvage.<\/p>\n<p>[\/vc_column_text][\/vc_column][vc_column width=\"1\/2\"][vc_gallery type=\"flexslider_slide\" interval=\"5\" images=\"8134,9460,8843,9440,9450,9438,5126,2943,7944,9104,8320,8316,8308,8306,8286,8278,8276,8214,7976,7948,6171,6087,5739,4553,4106,3681,2740,1437,585,9480,9466,9468,9470,9472,9476,9478,9464,9462,9458,9456,9444,9446,9448\" img_size=\"500x500\" onclick=\"img_link_large\" custom_links_target=\"_blank\" css=\".vc_custom_1761335343322{margin-top: 20px !important;}\" el_class=\"tour-slider\"][vc_btn title=\"BOOK NOW\" link=\"url:https%3A%2F%2Fwedgehillslodge.com%2Fbook-your-tour%2F%3Fmenu-951%3DTrek%2520above%2520the%2520Hebron%2520Fjords%2520in%2520Labrador|||\"][\/vc_column][\/vc_row]<\/p>\n<\/div>","protected":false},"excerpt":{"rendered":"<p>[vc_row][vc_column][vc_column_text css=\"\"] Randonn\u00e9e D\u00e9couverte de la Toundra depuis Wedge Hills Lodge [\/vc_column_text][\/vc_column][\/vc_row][vc_row][vc_column width=\"1\/2\"][vc_column_text css=\"\"] Exp\u00e9dition sur la toundra subarctique Partez pour une aventure de randonn\u00e9e et de camping \u00e0 travers la toundra subarctique du Qu\u00e9bec, et d\u00e9couvrez la richesse de la flore, de la faune et de la g\u00e9ologie qui fa\u00e7onnent ce magnifique paysage post-glaciaire. &hellip; <a href=\"https:\/\/wedgehillslodge.com\/fr\/circuits\/trek-et-randonnees\/randonnee-decouverte-de-la-toundra\/\">Continued<\/a><\/p>\n","protected":false},"author":4,"featured_media":9474,"parent":1404,"menu_order":0,"comment_status":"closed","ping_status":"closed","template":"templates\/page-sub-tours.php","meta":{"_acf_changed":false,"footnotes":""},"class_list":["post-9418","page","type-page","status-publish","has-post-thumbnail","hentry"],"acf":[],"yoast_head":"<!-- This site is optimized with the Yoast SEO plugin v24.7 - https:\/\/yoast.com\/wordpress\/plugins\/seo\/ -->\n<title>Tundra discovery hike Nunavik Quebec, Canada<\/title>\n<meta name=\"description\" content=\"Discover the tundra landscapes and unique flora and fauna on this autonomous hike in the Far North of Quebec, from Wedge Hills Lodge\" \/>\n<meta name=\"robots\" content=\"index, follow, max-snippet:-1, max-image-preview:large, max-video-preview:-1\" \/>\n<link rel=\"canonical\" href=\"https:\/\/wedgehillslodge.com\/fr\/circuits\/trek-et-randonnees\/randonnee-decouverte-de-la-toundra\/\" \/>\n<meta property=\"og:locale\" content=\"fr_FR\" \/>\n<meta property=\"og:type\" content=\"article\" \/>\n<meta property=\"og:title\" content=\"Tundra discovery hike Nunavik Quebec, Canada\" \/>\n<meta property=\"og:description\" content=\"Discover the tundra landscapes and unique flora and fauna on this autonomous hike in the Far North of Quebec, from Wedge Hills Lodge\" \/>\n<meta property=\"og:url\" content=\"https:\/\/wedgehillslodge.com\/fr\/circuits\/trek-et-randonnees\/randonnee-decouverte-de-la-toundra\/\" \/>\n<meta property=\"og:site_name\" content=\"Wedge Hills Lodge\" \/>\n<meta property=\"article:modified_time\" content=\"2025-10-24T20:03:08+00:00\" \/>\n<meta property=\"og:image\" content=\"https:\/\/wedgehillslodge.com\/wp-content\/uploads\/2024\/12\/IMG_8213-e1761336111234.jpeg\" \/>\n\t<meta property=\"og:image:width\" content=\"2048\" \/>\n\t<meta property=\"og:image:height\" content=\"1270\" \/>\n\t<meta property=\"og:image:type\" content=\"image\/jpeg\" \/>\n<meta name=\"twitter:card\" content=\"summary_large_image\" \/>\n<meta name=\"twitter:label1\" content=\"Est. reading time\" \/>\n\t<meta name=\"twitter:data1\" content=\"7 minutes\" \/>\n<script type=\"application\/ld+json\" class=\"yoast-schema-graph\">{\"@context\":\"https:\/\/schema.org\",\"@graph\":[{\"@type\":\"WebPage\",\"@id\":\"https:\/\/wedgehillslodge.com\/fr\/circuits\/trek-et-randonnees\/randonnee-decouverte-de-la-toundra\/\",\"url\":\"https:\/\/wedgehillslodge.com\/fr\/circuits\/trek-et-randonnees\/randonnee-decouverte-de-la-toundra\/\",\"name\":\"Tundra discovery hike Nunavik Quebec, Canada\",\"isPartOf\":{\"@id\":\"https:\/\/wedgehillslodge.com\/#website\"},\"primaryImageOfPage\":{\"@id\":\"https:\/\/wedgehillslodge.com\/fr\/circuits\/trek-et-randonnees\/randonnee-decouverte-de-la-toundra\/#primaryimage\"},\"image\":{\"@id\":\"https:\/\/wedgehillslodge.com\/fr\/circuits\/trek-et-randonnees\/randonnee-decouverte-de-la-toundra\/#primaryimage\"},\"thumbnailUrl\":\"https:\/\/wedgehillslodge.com\/wp-content\/uploads\/2024\/12\/IMG_8213-e1761336111234.jpeg\",\"datePublished\":\"2024-12-11T17:39:00+00:00\",\"dateModified\":\"2025-10-24T20:03:08+00:00\",\"description\":\"Discover the tundra landscapes and unique flora and fauna on this autonomous hike in the Far North of Quebec, from Wedge Hills Lodge\",\"breadcrumb\":{\"@id\":\"https:\/\/wedgehillslodge.com\/fr\/circuits\/trek-et-randonnees\/randonnee-decouverte-de-la-toundra\/#breadcrumb\"},\"inLanguage\":\"fr-FR\",\"potentialAction\":[{\"@type\":\"ReadAction\",\"target\":[\"https:\/\/wedgehillslodge.com\/fr\/circuits\/trek-et-randonnees\/randonnee-decouverte-de-la-toundra\/\"]}]},{\"@type\":\"ImageObject\",\"inLanguage\":\"fr-FR\",\"@id\":\"https:\/\/wedgehillslodge.com\/fr\/circuits\/trek-et-randonnees\/randonnee-decouverte-de-la-toundra\/#primaryimage\",\"url\":\"https:\/\/wedgehillslodge.com\/wp-content\/uploads\/2024\/12\/IMG_8213-e1761336111234.jpeg\",\"contentUrl\":\"https:\/\/wedgehillslodge.com\/wp-content\/uploads\/2024\/12\/IMG_8213-e1761336111234.jpeg\",\"width\":2048,\"height\":1270},{\"@type\":\"BreadcrumbList\",\"@id\":\"https:\/\/wedgehillslodge.com\/fr\/circuits\/trek-et-randonnees\/randonnee-decouverte-de-la-toundra\/#breadcrumb\",\"itemListElement\":[{\"@type\":\"ListItem\",\"position\":1,\"name\":\"Home\",\"item\":\"https:\/\/wedgehillslodge.com\/fr\/\"},{\"@type\":\"ListItem\",\"position\":2,\"name\":\"Circuits\",\"item\":\"https:\/\/wedgehillslodge.com\/fr\/circuits\/\"},{\"@type\":\"ListItem\",\"position\":3,\"name\":\"Trek et Randonn\u00e9e\",\"item\":\"https:\/\/wedgehillslodge.com\/fr\/circuits\/trek-et-randonnees\/\"},{\"@type\":\"ListItem\",\"position\":4,\"name\":\"Randonn\u00e9e D\u00e9couverte de la Toundra\"}]},{\"@type\":\"WebSite\",\"@id\":\"https:\/\/wedgehillslodge.com\/#website\",\"url\":\"https:\/\/wedgehillslodge.com\/\",\"name\":\"Wedge Hills Lodge\",\"description\":\"Atlantic Salmon Fly Fishing trips in Nunavik, Canada - INUA\",\"potentialAction\":[{\"@type\":\"SearchAction\",\"target\":{\"@type\":\"EntryPoint\",\"urlTemplate\":\"https:\/\/wedgehillslodge.com\/?s={search_term_string}\"},\"query-input\":{\"@type\":\"PropertyValueSpecification\",\"valueRequired\":true,\"valueName\":\"search_term_string\"}}],\"inLanguage\":\"fr-FR\"}]}<\/script>\n<!-- \/ Yoast SEO plugin. -->","yoast_head_json":{"title":"Tundra discovery hike Nunavik Quebec, Canada","description":"Discover the tundra landscapes and unique flora and fauna on this autonomous hike in the Far North of Quebec, from Wedge Hills Lodge","robots":{"index":"index","follow":"follow","max-snippet":"max-snippet:-1","max-image-preview":"max-image-preview:large","max-video-preview":"max-video-preview:-1"},"canonical":"https:\/\/wedgehillslodge.com\/fr\/circuits\/trek-et-randonnees\/randonnee-decouverte-de-la-toundra\/","og_locale":"fr_FR","og_type":"article","og_title":"Tundra discovery hike Nunavik Quebec, Canada","og_description":"Discover the tundra landscapes and unique flora and fauna on this autonomous hike in the Far North of Quebec, from Wedge Hills Lodge","og_url":"https:\/\/wedgehillslodge.com\/fr\/circuits\/trek-et-randonnees\/randonnee-decouverte-de-la-toundra\/","og_site_name":"Wedge Hills Lodge","article_modified_time":"2025-10-24T20:03:08+00:00","og_image":[{"width":2048,"height":1270,"url":"https:\/\/wedgehillslodge.com\/wp-content\/uploads\/2024\/12\/IMG_8213-e1761336111234.jpeg","type":"image\/jpeg"}],"twitter_card":"summary_large_image","twitter_misc":{"Est. reading time":"7 minutes"},"schema":{"@context":"https:\/\/schema.org","@graph":[{"@type":"WebPage","@id":"https:\/\/wedgehillslodge.com\/fr\/circuits\/trek-et-randonnees\/randonnee-decouverte-de-la-toundra\/","url":"https:\/\/wedgehillslodge.com\/fr\/circuits\/trek-et-randonnees\/randonnee-decouverte-de-la-toundra\/","name":"Tundra discovery hike Nunavik Quebec, Canada","isPartOf":{"@id":"https:\/\/wedgehillslodge.com\/#website"},"primaryImageOfPage":{"@id":"https:\/\/wedgehillslodge.com\/fr\/circuits\/trek-et-randonnees\/randonnee-decouverte-de-la-toundra\/#primaryimage"},"image":{"@id":"https:\/\/wedgehillslodge.com\/fr\/circuits\/trek-et-randonnees\/randonnee-decouverte-de-la-toundra\/#primaryimage"},"thumbnailUrl":"https:\/\/wedgehillslodge.com\/wp-content\/uploads\/2024\/12\/IMG_8213-e1761336111234.jpeg","datePublished":"2024-12-11T17:39:00+00:00","dateModified":"2025-10-24T20:03:08+00:00","description":"Discover the tundra landscapes and unique flora and fauna on this autonomous hike in the Far North of Quebec, from Wedge Hills Lodge","breadcrumb":{"@id":"https:\/\/wedgehillslodge.com\/fr\/circuits\/trek-et-randonnees\/randonnee-decouverte-de-la-toundra\/#breadcrumb"},"inLanguage":"fr-FR","potentialAction":[{"@type":"ReadAction","target":["https:\/\/wedgehillslodge.com\/fr\/circuits\/trek-et-randonnees\/randonnee-decouverte-de-la-toundra\/"]}]},{"@type":"ImageObject","inLanguage":"fr-FR","@id":"https:\/\/wedgehillslodge.com\/fr\/circuits\/trek-et-randonnees\/randonnee-decouverte-de-la-toundra\/#primaryimage","url":"https:\/\/wedgehillslodge.com\/wp-content\/uploads\/2024\/12\/IMG_8213-e1761336111234.jpeg","contentUrl":"https:\/\/wedgehillslodge.com\/wp-content\/uploads\/2024\/12\/IMG_8213-e1761336111234.jpeg","width":2048,"height":1270},{"@type":"BreadcrumbList","@id":"https:\/\/wedgehillslodge.com\/fr\/circuits\/trek-et-randonnees\/randonnee-decouverte-de-la-toundra\/#breadcrumb","itemListElement":[{"@type":"ListItem","position":1,"name":"Home","item":"https:\/\/wedgehillslodge.com\/fr\/"},{"@type":"ListItem","position":2,"name":"Circuits","item":"https:\/\/wedgehillslodge.com\/fr\/circuits\/"},{"@type":"ListItem","position":3,"name":"Trek et Randonn\u00e9e","item":"https:\/\/wedgehillslodge.com\/fr\/circuits\/trek-et-randonnees\/"},{"@type":"ListItem","position":4,"name":"Randonn\u00e9e D\u00e9couverte de la Toundra"}]},{"@type":"WebSite","@id":"https:\/\/wedgehillslodge.com\/#website","url":"https:\/\/wedgehillslodge.com\/","name":"Wedge Hills Lodge","description":"Atlantic Salmon Fly Fishing trips in Nunavik, Canada - INUA","potentialAction":[{"@type":"SearchAction","target":{"@type":"EntryPoint","urlTemplate":"https:\/\/wedgehillslodge.com\/?s={search_term_string}"},"query-input":{"@type":"PropertyValueSpecification","valueRequired":true,"valueName":"search_term_string"}}],"inLanguage":"fr-FR"}]}},"_links":{"self":[{"href":"https:\/\/wedgehillslodge.com\/fr\/wp-json\/wp\/v2\/pages\/9418","targetHints":{"allow":["GET"]}}],"collection":[{"href":"https:\/\/wedgehillslodge.com\/fr\/wp-json\/wp\/v2\/pages"}],"about":[{"href":"https:\/\/wedgehillslodge.com\/fr\/wp-json\/wp\/v2\/types\/page"}],"author":[{"embeddable":true,"href":"https:\/\/wedgehillslodge.com\/fr\/wp-json\/wp\/v2\/users\/4"}],"replies":[{"embeddable":true,"href":"https:\/\/wedgehillslodge.com\/fr\/wp-json\/wp\/v2\/comments?post=9418"}],"version-history":[{"count":35,"href":"https:\/\/wedgehillslodge.com\/fr\/wp-json\/wp\/v2\/pages\/9418\/revisions"}],"predecessor-version":[{"id":10732,"href":"https:\/\/wedgehillslodge.com\/fr\/wp-json\/wp\/v2\/pages\/9418\/revisions\/10732"}],"up":[{"embeddable":true,"href":"https:\/\/wedgehillslodge.com\/fr\/wp-json\/wp\/v2\/pages\/1404"}],"wp:featuredmedia":[{"embeddable":true,"href":"https:\/\/wedgehillslodge.com\/fr\/wp-json\/wp\/v2\/media\/9474"}],"wp:attachment":[{"href":"https:\/\/wedgehillslodge.com\/fr\/wp-json\/wp\/v2\/media?parent=9418"}],"curies":[{"name":"wp","href":"https:\/\/api.w.org\/{rel}","templated":true}]}}