{"id":8734,"date":"2023-07-27T11:31:45","date_gmt":"2023-07-27T15:31:45","guid":{"rendered":"https:\/\/wedgehillslodge.com\/wildlife-photography-trip-and-floatplane-nature-tour\/"},"modified":"2026-03-27T14:03:17","modified_gmt":"2026-03-27T18:03:17","slug":"voyage-de-photographie-animaliere-et-excursion-nature-en-hydravion","status":"publish","type":"page","link":"https:\/\/wedgehillslodge.com\/fr\/voyage-de-photographie-animaliere-et-excursion-nature-en-hydravion\/","title":{"rendered":"Voyage de photographie animali\u00e8re et excursion nature en hydravion"},"content":{"rendered":"<div class=\"wpb-content-wrapper\"><p>[vc_row][vc_column][vc_column_text]<\/p>\n<h1>Voyage de photographie animali\u00e8re et excursion nature en hydravion<\/h1>\n<p>[\/vc_column_text][\/vc_column][\/vc_row][vc_row][vc_column width=\"1\/2\"][vc_column_text css=\"\"]<\/p>\n<h3>P\u00e9ninsule Qu\u00e9bec-Labrador, la grande boucle -<br \/>\nentre la baie d\u2019Ungava et la Mer du Labrador<\/h3>\n<h3>Vous aimerez\u202f:<\/h3>\n<ul>\n<li>Explorez la p\u00e9ninsule du Qu\u00e9bec Arctique et du Labrador, de la rivi\u00e8re George aux fjords du Labrador, des monts Torngat \u00e0 l'extr\u00e9mit\u00e9 nord-est de l'Am\u00e9rique du Nord.<\/li>\n<li>Observez les ours polaires p\u00eacheurs, la migration des ombles chevaliers, les ours noirs, les caribous et les loups.<\/li>\n<li>Randonnez dans les fjords, le long du littoral, en montagne, et survolez le Couloir de Icebergs\u00a0: baleines, morses, phoques et oiseaux.<\/li>\n<\/ul>\n<p>D\u00e9couvrez le Grand Nord canadien (loin du tourisme de masse) en voyageant en hydravion et en visitant des sites o\u00f9 les ours polaires p\u00eachent dans des rivi\u00e8res sauvages et limpides. Accompagn\u00e9 d'un guide-pilote animalier exp\u00e9riment\u00e9, vous ferez l'exp\u00e9rience de bivouacs sous la tente pour \u00eatre au plus pr\u00e8s de la faune d\u00e8s l'aube.[\/vc_column_text][vc_btn title=\"\u00c9CHANGER AVEC UN CONSEILLER-EXPERT\" css=\".vc_custom_1690549634007{margin-right: 15px !important;}\" link=\"url:https%3A%2F%2Fwedgehillslodge.com%2Ffr%2Fcontact%2F\"][vc_btn title=\"RESERVEZ MAINTENANT\" link=\"url:https%3A%2F%2Fwedgehillslodge.com%2Ffr%2Freservez-votre-voyage%2F\"][\/vc_column][vc_column width=\"1\/2\"][vc_gallery interval=\"3\" images=\"8732,8716,8707,8711,8718,8720,9601,9036,8843,8841,8990,8805,8278,8274,8276,8254,8262,8232,8202\" img_size=\"600x400\" css=\".vc_custom_1747482607994{margin-top: 20px !important;}\" el_class=\"tour-slider\"][\/vc_column][\/vc_row][vc_row full_width=\"stretch_row\" content_placement=\"middle\" css=\".vc_custom_1690481592705{background-color: #e4e3d8 !important;}\"][vc_column width=\"1\/12\"][\/vc_column][vc_column width=\"3\/12\"][vc_single_image image=\"9570\" css=\"\"][\/vc_column][vc_column width=\"7\/12\"][vc_column_text css=\"\" el_class=\"liens-textes\"]<\/p>\n<h2>FAITES CR\u00c9ER VOTRE VOYAGE SUR-MESURE<\/h2>\n<p>Nous vous proposons un <strong><a href=\"https:\/\/wedgehillslodge.com\/fr\/les_incontournables\/\">voyage itin\u00e9rant sur-mesure<\/a><\/strong> que nous avons con\u00e7u \u00e0 titre indicatif et modulable. Vous pouvez ajouter des sites embl\u00e9matiques et des activit\u00e9s facultatives qui vous tiennent \u00e0 c\u0153ur et en fonction de votre budget. Nous sommes heureux de faire ces ajustements \u00e0 votre convenance. Nos <a href=\"https:\/\/wedgehillslodge.com\/fr\/les_incontournables\/\"><strong>voyages itin\u00e9rants sur-mesure<\/strong><\/a> sont con\u00e7us pour les personnes seules, les familles et les petits groupes d\u2019amis. D\u00e9part assur\u00e9 d\u00e8s 4 participants, (maximum).[\/vc_column_text][\/vc_column][vc_column width=\"1\/12\"][\/vc_column][\/vc_row][vc_row][vc_column width=\"1\/12\"][\/vc_column][vc_column width=\"10\/12\"][vc_column_text css=\"\"]<\/p>\n<h2 style=\"text-align: center;\">Le Grand Tour de la P\u00e9ninsule d\u2019Or<\/h2>\n<p style=\"text-align: center;\"><strong>Circuit photo animalier de 12 jours, incluant 10 jours en hydravion pour observer les ours polaires p\u00eacheurs dans les meilleurs endroits possibles, entre la c\u00f4te est de l'Ungava et l\u2019extr\u00e9mit\u00e9 nord-est de l'Am\u00e9rique du Nord.<\/strong><\/p>\n<p style=\"text-align: center;\">Profitez pleinement de votre voyage au Qu\u00e9bec Arctique et au Labrador avec ce circuit sur mesure de 12 jours et 11 nuits. Cette aventure unique vous fera d\u00e9couvrir <a href=\"https:\/\/wedgehillslodge.com\/fr\/les_incontournables\/\">les incontournables de la P\u00e9ninsule d'Or<\/a> ainsi que des sites parmi les plus secrets et hors des sentiers battus. Une aventure en Arctique, avec des voyages en hydravion et des bivouacs dans les endroits les plus sauvages.<\/p>\n<p style=\"text-align: center;\">L'hydravion n'est pas seulement un moyen de transport, il fait aussi partie int\u00e9grante du plaisir. L'itin\u00e9raire est trac\u00e9 pour survoler les points de vue les plus spectaculaires, et le pilote se fera un plaisir d'incliner l'hydravion pour vous permettre de prendre une photo ou de faire un tour suppl\u00e9mentaire au-dessus d'un point de rep\u00e8re remarquable. Qu'il s'agisse d'une cascade ou d'un iceberg, il vous suffit de demander, car tout au long du voyage, l'hydravion et le pilote vous sont exclusivement d\u00e9di\u00e9s\u00a0!<\/p>\n<p style=\"text-align: center;\">\u00c0 bord de l'hydravion, vous longerez les c\u00f4tes de l'Ungava et du Labrador et photographierez le comportement unique des ours polaires.<\/p>\n<p style=\"text-align: center;\">L'aventure ne manque pas de confort\u00a0: lors de votre premi\u00e8re et derni\u00e8re journ\u00e9e de voyage, vous s\u00e9journerez dans des h\u00e9bergements de qualit\u00e9 avec petit d\u00e9jeuner inclus. Lors de votre voyage photographique en hydravion sur la P\u00e9ninsule d'Or, accompagn\u00e9 de votre guide de voyage, vous installerez votre bivouac dans des lieux sauvages pour \u00eatre pr\u00eat \u00e0 observer le mouvement de la faune et les plus beaux paysages d\u00e8s le lever du jour.<\/p>\n<p style=\"text-align: center;\">Avec ce voyage photographique guid\u00e9 par Alain Lagac\u00e9 exp\u00e9riment\u00e9 en observation des ours polaires, vous b\u00e9n\u00e9ficierez d'un encadrement expert qui vous aidera \u00e0 capturer les comportements exceptionnels de la faune et la beaut\u00e9 naturelle de cette r\u00e9gion.<\/p>\n<p style=\"text-align: center;\">Attendez-vous \u00e0 10 jours remplis d'aventures et de d\u00e9couvertes naturelles \u00e9tonnantes. Pour une exp\u00e9rience compl\u00e8te, les excursions se d\u00e9roulent en petits groupes. Notre \u00e9quipe se consacre \u00e0 vous faire d\u00e9couvrir les plus beaux endroits et \u00e0 vous faire vivre les plus belles exp\u00e9riences. Une fois votre forfait r\u00e9serv\u00e9, nous pr\u00e9parons votre voyage et vous envoyons vos documents de voyage par courriel.<\/p>\n<p style=\"text-align: center;\"><strong><em>Inspirez-vous de ce programme pour co-construire avec nos concepteurs de voyages et personnaliser votre voyage, selon vos envies.<\/em><\/strong><\/p>\n<p>[\/vc_column_text][\/vc_column][vc_column width=\"1\/12\"][\/vc_column][\/vc_row]<\/p>\n<\/div>","protected":false},"excerpt":{"rendered":"<p>[vc_row][vc_column][vc_column_text] Voyage de photographie animali\u00e8re et excursion nature en hydravion [\/vc_column_text][\/vc_column][\/vc_row][vc_row][vc_column width=\"1\/2\"][vc_column_text css=\"\"] P\u00e9ninsule Qu\u00e9bec-Labrador, la grande boucle - entre la baie d\u2019Ungava et la Mer du Labrador Vous aimerez\u202f: Explorez la p\u00e9ninsule du Qu\u00e9bec Arctique et du Labrador, de la rivi\u00e8re George aux fjords du Labrador, des monts Torngat \u00e0 l'extr\u00e9mit\u00e9 nord-est de l'Am\u00e9rique &hellip; <a href=\"https:\/\/wedgehillslodge.com\/fr\/voyage-de-photographie-animaliere-et-excursion-nature-en-hydravion\/\">Continued<\/a><\/p>\n","protected":false},"author":5,"featured_media":10932,"parent":0,"menu_order":0,"comment_status":"closed","ping_status":"closed","template":"templates\/page-sub-tours.php","meta":{"_acf_changed":false,"footnotes":""},"class_list":["post-8734","page","type-page","status-publish","has-post-thumbnail","hentry"],"acf":[],"yoast_head":"<!-- This site is optimized with the Yoast SEO plugin v24.7 - https:\/\/yoast.com\/wordpress\/plugins\/seo\/ -->\n<title>Nature and Landscape Discovery Tour<\/title>\n<meta name=\"description\" content=\"Embark on a tour in Arctic Quebec and Labrador. Travel in small groups to these northern provinces, visit the hidden treasures of the Golden Peninsula.\" \/>\n<meta name=\"robots\" content=\"index, follow, max-snippet:-1, max-image-preview:large, max-video-preview:-1\" \/>\n<link rel=\"canonical\" href=\"https:\/\/wedgehillslodge.com\/fr\/voyage-de-photographie-animaliere-et-excursion-nature-en-hydravion\/\" \/>\n<meta property=\"og:locale\" content=\"fr_FR\" \/>\n<meta property=\"og:type\" content=\"article\" \/>\n<meta property=\"og:title\" content=\"Nature and Landscape Discovery Tour\" \/>\n<meta property=\"og:description\" content=\"Embark on a tour in Arctic Quebec and Labrador. Travel in small groups to these northern provinces, visit the hidden treasures of the Golden Peninsula.\" \/>\n<meta property=\"og:url\" content=\"https:\/\/wedgehillslodge.com\/fr\/voyage-de-photographie-animaliere-et-excursion-nature-en-hydravion\/\" \/>\n<meta property=\"og:site_name\" content=\"Wedge Hills Lodge\" \/>\n<meta property=\"article:modified_time\" content=\"2026-03-27T18:03:17+00:00\" \/>\n<meta property=\"og:image\" content=\"https:\/\/wedgehillslodge.com\/wp-content\/uploads\/2025\/12\/RES0Z9B_8088.jpg\" \/>\n\t<meta property=\"og:image:width\" content=\"2534\" \/>\n\t<meta property=\"og:image:height\" content=\"1689\" \/>\n\t<meta property=\"og:image:type\" content=\"image\/jpeg\" \/>\n<meta name=\"twitter:card\" content=\"summary_large_image\" \/>\n<meta name=\"twitter:label1\" content=\"Est. reading time\" \/>\n\t<meta name=\"twitter:data1\" content=\"5 minutes\" \/>\n<script type=\"application\/ld+json\" class=\"yoast-schema-graph\">{\"@context\":\"https:\/\/schema.org\",\"@graph\":[{\"@type\":\"WebPage\",\"@id\":\"https:\/\/wedgehillslodge.com\/fr\/voyage-de-photographie-animaliere-et-excursion-nature-en-hydravion\/\",\"url\":\"https:\/\/wedgehillslodge.com\/fr\/voyage-de-photographie-animaliere-et-excursion-nature-en-hydravion\/\",\"name\":\"Nature and Landscape Discovery Tour\",\"isPartOf\":{\"@id\":\"https:\/\/wedgehillslodge.com\/#website\"},\"primaryImageOfPage\":{\"@id\":\"https:\/\/wedgehillslodge.com\/fr\/voyage-de-photographie-animaliere-et-excursion-nature-en-hydravion\/#primaryimage\"},\"image\":{\"@id\":\"https:\/\/wedgehillslodge.com\/fr\/voyage-de-photographie-animaliere-et-excursion-nature-en-hydravion\/#primaryimage\"},\"thumbnailUrl\":\"https:\/\/wedgehillslodge.com\/wp-content\/uploads\/2025\/12\/RES0Z9B_8088.jpg\",\"datePublished\":\"2023-07-27T15:31:45+00:00\",\"dateModified\":\"2026-03-27T18:03:17+00:00\",\"description\":\"Embark on a tour in Arctic Quebec and Labrador. Travel in small groups to these northern provinces, visit the hidden treasures of the Golden Peninsula.\",\"breadcrumb\":{\"@id\":\"https:\/\/wedgehillslodge.com\/fr\/voyage-de-photographie-animaliere-et-excursion-nature-en-hydravion\/#breadcrumb\"},\"inLanguage\":\"fr-FR\",\"potentialAction\":[{\"@type\":\"ReadAction\",\"target\":[\"https:\/\/wedgehillslodge.com\/fr\/voyage-de-photographie-animaliere-et-excursion-nature-en-hydravion\/\"]}]},{\"@type\":\"ImageObject\",\"inLanguage\":\"fr-FR\",\"@id\":\"https:\/\/wedgehillslodge.com\/fr\/voyage-de-photographie-animaliere-et-excursion-nature-en-hydravion\/#primaryimage\",\"url\":\"https:\/\/wedgehillslodge.com\/wp-content\/uploads\/2025\/12\/RES0Z9B_8088.jpg\",\"contentUrl\":\"https:\/\/wedgehillslodge.com\/wp-content\/uploads\/2025\/12\/RES0Z9B_8088.jpg\",\"width\":2534,\"height\":1689},{\"@type\":\"BreadcrumbList\",\"@id\":\"https:\/\/wedgehillslodge.com\/fr\/voyage-de-photographie-animaliere-et-excursion-nature-en-hydravion\/#breadcrumb\",\"itemListElement\":[{\"@type\":\"ListItem\",\"position\":1,\"name\":\"Home\",\"item\":\"https:\/\/wedgehillslodge.com\/fr\/\"},{\"@type\":\"ListItem\",\"position\":2,\"name\":\"Voyage de photographie animali\u00e8re et excursion nature en hydravion\"}]},{\"@type\":\"WebSite\",\"@id\":\"https:\/\/wedgehillslodge.com\/#website\",\"url\":\"https:\/\/wedgehillslodge.com\/\",\"name\":\"Wedge Hills Lodge\",\"description\":\"Atlantic Salmon Fly Fishing trips in Nunavik, Canada - INUA\",\"potentialAction\":[{\"@type\":\"SearchAction\",\"target\":{\"@type\":\"EntryPoint\",\"urlTemplate\":\"https:\/\/wedgehillslodge.com\/?s={search_term_string}\"},\"query-input\":{\"@type\":\"PropertyValueSpecification\",\"valueRequired\":true,\"valueName\":\"search_term_string\"}}],\"inLanguage\":\"fr-FR\"}]}<\/script>\n<!-- \/ Yoast SEO plugin. -->","yoast_head_json":{"title":"Nature and Landscape Discovery Tour","description":"Embark on a tour in Arctic Quebec and Labrador. Travel in small groups to these northern provinces, visit the hidden treasures of the Golden Peninsula.","robots":{"index":"index","follow":"follow","max-snippet":"max-snippet:-1","max-image-preview":"max-image-preview:large","max-video-preview":"max-video-preview:-1"},"canonical":"https:\/\/wedgehillslodge.com\/fr\/voyage-de-photographie-animaliere-et-excursion-nature-en-hydravion\/","og_locale":"fr_FR","og_type":"article","og_title":"Nature and Landscape Discovery Tour","og_description":"Embark on a tour in Arctic Quebec and Labrador. Travel in small groups to these northern provinces, visit the hidden treasures of the Golden Peninsula.","og_url":"https:\/\/wedgehillslodge.com\/fr\/voyage-de-photographie-animaliere-et-excursion-nature-en-hydravion\/","og_site_name":"Wedge Hills Lodge","article_modified_time":"2026-03-27T18:03:17+00:00","og_image":[{"width":2534,"height":1689,"url":"https:\/\/wedgehillslodge.com\/wp-content\/uploads\/2025\/12\/RES0Z9B_8088.jpg","type":"image\/jpeg"}],"twitter_card":"summary_large_image","twitter_misc":{"Est. reading time":"5 minutes"},"schema":{"@context":"https:\/\/schema.org","@graph":[{"@type":"WebPage","@id":"https:\/\/wedgehillslodge.com\/fr\/voyage-de-photographie-animaliere-et-excursion-nature-en-hydravion\/","url":"https:\/\/wedgehillslodge.com\/fr\/voyage-de-photographie-animaliere-et-excursion-nature-en-hydravion\/","name":"Nature and Landscape Discovery Tour","isPartOf":{"@id":"https:\/\/wedgehillslodge.com\/#website"},"primaryImageOfPage":{"@id":"https:\/\/wedgehillslodge.com\/fr\/voyage-de-photographie-animaliere-et-excursion-nature-en-hydravion\/#primaryimage"},"image":{"@id":"https:\/\/wedgehillslodge.com\/fr\/voyage-de-photographie-animaliere-et-excursion-nature-en-hydravion\/#primaryimage"},"thumbnailUrl":"https:\/\/wedgehillslodge.com\/wp-content\/uploads\/2025\/12\/RES0Z9B_8088.jpg","datePublished":"2023-07-27T15:31:45+00:00","dateModified":"2026-03-27T18:03:17+00:00","description":"Embark on a tour in Arctic Quebec and Labrador. Travel in small groups to these northern provinces, visit the hidden treasures of the Golden Peninsula.","breadcrumb":{"@id":"https:\/\/wedgehillslodge.com\/fr\/voyage-de-photographie-animaliere-et-excursion-nature-en-hydravion\/#breadcrumb"},"inLanguage":"fr-FR","potentialAction":[{"@type":"ReadAction","target":["https:\/\/wedgehillslodge.com\/fr\/voyage-de-photographie-animaliere-et-excursion-nature-en-hydravion\/"]}]},{"@type":"ImageObject","inLanguage":"fr-FR","@id":"https:\/\/wedgehillslodge.com\/fr\/voyage-de-photographie-animaliere-et-excursion-nature-en-hydravion\/#primaryimage","url":"https:\/\/wedgehillslodge.com\/wp-content\/uploads\/2025\/12\/RES0Z9B_8088.jpg","contentUrl":"https:\/\/wedgehillslodge.com\/wp-content\/uploads\/2025\/12\/RES0Z9B_8088.jpg","width":2534,"height":1689},{"@type":"BreadcrumbList","@id":"https:\/\/wedgehillslodge.com\/fr\/voyage-de-photographie-animaliere-et-excursion-nature-en-hydravion\/#breadcrumb","itemListElement":[{"@type":"ListItem","position":1,"name":"Home","item":"https:\/\/wedgehillslodge.com\/fr\/"},{"@type":"ListItem","position":2,"name":"Voyage de photographie animali\u00e8re et excursion nature en hydravion"}]},{"@type":"WebSite","@id":"https:\/\/wedgehillslodge.com\/#website","url":"https:\/\/wedgehillslodge.com\/","name":"Wedge Hills Lodge","description":"Atlantic Salmon Fly Fishing trips in Nunavik, Canada - INUA","potentialAction":[{"@type":"SearchAction","target":{"@type":"EntryPoint","urlTemplate":"https:\/\/wedgehillslodge.com\/?s={search_term_string}"},"query-input":{"@type":"PropertyValueSpecification","valueRequired":true,"valueName":"search_term_string"}}],"inLanguage":"fr-FR"}]}},"_links":{"self":[{"href":"https:\/\/wedgehillslodge.com\/fr\/wp-json\/wp\/v2\/pages\/8734","targetHints":{"allow":["GET"]}}],"collection":[{"href":"https:\/\/wedgehillslodge.com\/fr\/wp-json\/wp\/v2\/pages"}],"about":[{"href":"https:\/\/wedgehillslodge.com\/fr\/wp-json\/wp\/v2\/types\/page"}],"author":[{"embeddable":true,"href":"https:\/\/wedgehillslodge.com\/fr\/wp-json\/wp\/v2\/users\/5"}],"replies":[{"embeddable":true,"href":"https:\/\/wedgehillslodge.com\/fr\/wp-json\/wp\/v2\/comments?post=8734"}],"version-history":[{"count":72,"href":"https:\/\/wedgehillslodge.com\/fr\/wp-json\/wp\/v2\/pages\/8734\/revisions"}],"predecessor-version":[{"id":11948,"href":"https:\/\/wedgehillslodge.com\/fr\/wp-json\/wp\/v2\/pages\/8734\/revisions\/11948"}],"wp:featuredmedia":[{"embeddable":true,"href":"https:\/\/wedgehillslodge.com\/fr\/wp-json\/wp\/v2\/media\/10932"}],"wp:attachment":[{"href":"https:\/\/wedgehillslodge.com\/fr\/wp-json\/wp\/v2\/media?parent=8734"}],"curies":[{"name":"wp","href":"https:\/\/api.w.org\/{rel}","templated":true}]}}