{"id":4193,"date":"2020-11-17T17:01:17","date_gmt":"2020-11-17T22:01:17","guid":{"rendered":"https:\/\/wedgehillslodge.com\/?page_id=4193"},"modified":"2022-02-14T20:06:20","modified_gmt":"2022-02-15T01:06:20","slug":"safari-photo-ours-polaires-dans-le-nord-du-labrador","status":"publish","type":"page","link":"https:\/\/wedgehillslodge.com\/fr\/circuits\/faune-et-nature\/safari-photo-ours-polaires-dans-le-nord-du-labrador\/","title":{"rendered":"Safari Photo Ours Polaire dans le Nord du Labrador"},"content":{"rendered":"<div class=\"wpb-content-wrapper\"><p>[vc_row][vc_column][vc_column_text]<\/p>\n<h1>Safari Photo Ours Polaire dans le Nord du Labrador<\/h1>\n<p>[\/vc_column_text][\/vc_column][\/vc_row][vc_row][vc_column width=\"1\/2\"][vc_column_text]Offrez-vous un voyage \u00e0 l\u2019extr\u00eame nord du Labrador avec ce formidable circuit organis\u00e9 en petit groupe de 7 jours \/ 6 nuits, pour voir les ours polaires dans leur habitat naturel.<\/p>\n<p>Lors de cette excursion avec d\u00e9placement en hydravion, vous d\u00e9couvrez de nombreux sites fauniques in\u00e9dits, ainsi que des joyaux naturels pr\u00e9serv\u00e9s de la P\u00e9ninsule d\u2019Or \u2013 le parc national des monts Torngats, la C\u00f4te du Labrador et Iceberg Alley.<\/p>\n<p>Voil\u00e0 un circuit taill\u00e9 sur mesure pour les passionn\u00e9s de photographies animali\u00e8res, qui souhaitent observer le comportement des ours polaires du nord du Labrador.<\/p>\n<p>Et pour que votre voyage soit encore plus authentique, vous logez dans un confortable \u00e9co-lodge situ\u00e9 au c\u0153ur m\u00eame des Monts Torngats au Labrador. Pour pimenter votre exp\u00e9rience sur la P\u00e9ninsule d\u2019Or, nous avons ajout\u00e9 une nuit\u00e9e en bivouac sous la tente au 60e parall\u00e8le, o\u00f9 vous visiterez des endroits secrets connus uniquement de votre pilote-guide local.<\/p>\n<p>De plus, vous aurez peut-\u00eatre la chance d\u2019assister \u00e0 un brillant spectacle d\u2019aurores bor\u00e9ales.<\/p>\n<p>Attendez-vous \u00e0 un voyage riche en aventures et en nature \u00e9poustouflante ou l\u2019attitude curieuse des animaux est un comportement habituel dans cette r\u00e9gion isol\u00e9e du monde.<\/p>\n<p>Si vous souhaitez rendre votre voyage encore plus excitant, vous avez la possibilit\u00e9 de r\u00e9server des activit\u00e9s suppl\u00e9mentaires, telles qu'une visite guid\u00e9e en fat bike pour d\u00e9couvrir la faune et le paysage postglaciaire de la vall\u00e9e du D\u00e9sert de Moraine, ou une excursion en pack raft ou en bateau lors d\u2019une journ\u00e9e libre. Ne manquez pas cette occasion unique pour vivre une aventure exceptionnelle, \u00e0 votre rythme \u00e0 travers les paysages exceptionnels du Labrador arctique.<\/p>\n<p>Une fois votre forfait r\u00e9serv\u00e9, nous pr\u00e9parerons les informations de votre voyage puis nous vous enverrons vos documents par courriel.[\/vc_column_text][\/vc_column][vc_column width=\"1\/2\"][vc_video link=\"https:\/\/youtu.be\/axLZ5Sayz3Y\"][vc_gallery type=\"flexslider_slide\" interval=\"3\" images=\"3986,3049,2616,2070,3259\" img_size=\"600x300\" onclick=\"img_link_large\" custom_links_target=\"_blank\" el_class=\"tour-slider\" css=\".vc_custom_1644874694642{margin-top: 20px !important;}\"][vc_btn title=\"R\u00c9SERVER MAINTENANT\" link=\"url:https%3A%2F%2Fwedgehillslodge.com%2Ffr%2Freservez-votre-voyage%2F%3Fmenu-951%3DQuand%2520la%2520nature%2520s'%25C3%25A9veille%2520dans%2520les%2520Monts%2520Torngat|title:R%C3%A9servez%20votre%20voyage||\"][\/vc_column][\/vc_row][vc_row][vc_column][vc_column_text]<\/p>\n<h2 style=\"text-align: center;\">Points Forts du Circuit<\/h2>\n<p style=\"text-align: center;\">Survolez chaque image pour en savoir plus<\/p>\n<p>[\/vc_column_text][\/vc_column][\/vc_row][vc_row][vc_column width=\"1\/2\"][vc_hoverbox image=\"3366\" primary_title=\"\" hover_title=\"l'Ours Noir\" css=\".vc_custom_1604678482948{background-position: center !important;background-repeat: no-repeat !important;background-size: contain !important;}\"]<\/p>\n<p>C\u2019est dans la zone int\u00e9rieure des monts Torngat que nous partons \u00e0 la rencontre d\u2019une unique esp\u00e8ce d\u2019ours noirs de la toundra.\u00a0 C\u2019est un des rares endroits au monde o\u00f9 l\u2019ours noir vit encore sans jamais \u00eatre en contact avec les humains.<\/p>\n<p>La rencontre avec ces ours noirs de la toundra est particuli\u00e8rement recommand\u00e9e \u00e0 la fin de l\u2019\u00e9t\u00e9 au moment o\u00f9 la nourriture est abondante et que leur principale pr\u00e9occupation est de se nourrir avant l\u2019arriv\u00e9e de l\u2019hiver.<\/p>\n<p>Dans cet \u00e9tat de qui\u00e9tude, l\u2019ours est un animal relativement calme et peu farouche.<\/p>\n<p>Notre guide animalier se fera un plaisir de vous faire d\u00e9couvrir cette unique esp\u00e8ce d\u2019ours noir pour que vous puissiez les photographier de pr\u00e8s sans les d\u00e9ranger.[\/vc_hoverbox][\/vc_column][vc_column width=\"1\/2\"][vc_hoverbox image=\"2945\" primary_title=\"\" hover_title=\"L'ours Polaire\"]Au cours de cette excursion nous tenterons de d\u00e9busquer des ours polaires en bordure de mer. La probabilit\u00e9 de croiser le plus grand carnivore terrestre au monde est forte. Apr\u00e8s tout, la p\u00e9ninsule Qu\u00e9bec-Labrador abrite plus d\u2019ours polaires que d\u2019habitants.<\/p>\n<p>La particularit\u00e9 des ours polaire sur la P\u00e9ninsule d\u2019Or, c\u2019est qu\u2019ils ont l\u2019habitude de p\u00eacher les ombles chevaliers migrateurs dans les rivi\u00e8res en bordure de mer. Au cours du printemps de l\u2019\u00e9t\u00e9 et de l\u2019automne, les ours de cette r\u00e9gion ont tendance \u00e0 trainer pr\u00e8s de ces rivi\u00e8res et c\u2019est pr\u00e9cis\u00e9ment ces endroits que nous ciblons au cours de ce voyage.<\/p>\n<p>En plus des ours polaires, cette r\u00e9gion abrite des phoques, des morses et une forte densit\u00e9 d\u2019oiseaux de mer comme le Garrot d\u2019Islande, le Petit Pingouin et la Mouette Tridactyle.[\/vc_hoverbox][\/vc_column][\/vc_row][vc_row][vc_column][vc_empty_space][\/vc_column][\/vc_row][vc_row][vc_column width=\"1\/2\"][vc_hoverbox image=\"2947\" primary_title=\"\" hover_title=\"Les Icebergs\"]Un des meilleurs endroits au monde pour voir des icebergs est dans le Couloir des Icebergs au Labrador.\u00a0 C\u2019est au d\u00e9but de l\u2019\u00e9t\u00e9 que des milliers d\u2019icebergs d\u00e9rivent lentement dans les eaux de la Mer du Labrador. Le Couloir des Icebergs \/ Iceberg Alley se transforme alors en une mer polaire glac\u00e9e aux allures \u00e9tonnantes.<\/p>\n<p>Pour admirer les icebergs dans leur beaut\u00e9 la plus totale, nous les survolerons \u00e0 basse altitude et ferons des arr\u00eats au bord de la mer. Vous pouvez vous asseoir et relaxer au bord de la mer et contempler le spectacle. Il arrive parfois d\u2019apercevoir des phoques jouant entre les icebergs.<\/p>\n<p>De pr\u00e8s comme de loin, le spectacle des icebergs est une exp\u00e9rience qui ravit toujours les photographes et amants de la nature.\u00a0 Cette journ\u00e9e de chasse aux icebergs est couramment synonyme de rencontres impr\u00e9visibles avec la faune du Labrador \u2013 des ours polaires, des phoques, des morses, rorquals \u00e0 bosse ainsi que des oiseaux.[\/vc_hoverbox][\/vc_column][vc_column width=\"1\/2\"][vc_hoverbox image=\"1425\" primary_title=\"\" hover_title=\"La C\u00f4te Du Labrador\"]Un de nos circuits les plus m\u00e9morables sur la P\u00e9ninsule d\u2019Or est un safari a\u00e9rien et une balade en bordure de mer.<\/p>\n<p>Les monts Torngat et la c\u00f4te du Labrador dont les sagas Vikings font r\u00e9f\u00e9rence dans \u201cLa Saga d\u2019\u00c9rik le Rouge\u201d sont parmi les endroits que nous visiterons au cours de ce voyage.<\/p>\n<p>Sur des kilom\u00e8tres nous survoleront les paysages c\u00f4tiers absolument fabuleux \u2013 aiguilles rocheuses, tablelands, cascades, icebergs\u2026 Nous ferons des arr\u00eats en bordure de mer pour d\u00e9couvrir des panoramas \u00e9tonnants et peut-\u00eatre d\u00e9busqu\u00e9 quelques ours polaires!<\/p>\n<p>\u00c9merveillez-vous au sommet de l\u2019imposante Muraille des Trolls qui fait plus de 700 m\u00e8tres de hauteur. Ce circuit vous comblera de souvenirs inoubliables.<\/p>\n<p>[\/vc_hoverbox][\/vc_column][\/vc_row][vc_row][vc_column][vc_empty_space][\/vc_column][\/vc_row][vc_row][vc_column][vc_hoverbox image=\"2514\" primary_title=\"\" hover_title=\"Vall\u00e9e du D\u00e9sert de Moraine\" el_width=\"80\"]La Vall\u00e9e du D\u00e9sert de Moraine est une vall\u00e9e aux allures semi-d\u00e9sertiques situ\u00e9e dans la partie sud des monts Torngat au Labrador. C\u2019est une r\u00e9gion tr\u00e8s peu connue pour ses vastes dunes et ses magnifiques plateaux de moraine. Aller \u00e0 la rencontre de la vall\u00e9e du D\u00e9sert de Moraine, c\u2019est se retrouver dans l\u2019une des r\u00e9gions les plus insolites du Labrador. Les pierres aux teintes d\u2019ocre jaune et rouge, peuvent vous jouer des tours, car en fonction de la luminosit\u00e9, la vall\u00e9e vous para\u00eetra tant\u00f4t blanche, jaune, orange ou rouge.<\/p>\n<p>Tout au long de l\u2019\u00e9t\u00e9 des caribous errants peuvent \u00eatre aper\u00e7u dans les micros oasis verdoyants de la vall\u00e9e. Des ours noirs de la toundra fr\u00e9quentent la vall\u00e9e tout au long de l\u2019\u00e9t\u00e9 et ils sont davantage pr\u00e9sents au moment de la montaison des saumons. Les animaux dans cette r\u00e9gion isol\u00e9e des monts Torngat sont si peu habitu\u00e9s \u00e0 la pr\u00e9sence humaine qu\u2019ils n\u2019ont pas peur des visiteurs et plut\u00f4t curieux.<\/p>\n<p>La vall\u00e9e constitue un endroit absolument fantastique pour les amateurs de v\u00e9lo fat-bike. Rien n\u2019est plus agr\u00e9able que de partir \u00e0 la d\u00e9couverte des paysages de la toundra en roulant sur les plateaux de moraine entre les montagnes color\u00e9es et la rivi\u00e8re aux eaux bleut\u00e9es.<\/p>\n<p>La vall\u00e9e est un lieu de visite \u00e0 ne manquer sous aucun pr\u00e9texte au cours de votre p\u00e9riple.[\/vc_hoverbox][\/vc_column][\/vc_row][vc_row][vc_column][vc_empty_space][\/vc_column][\/vc_row]<\/p>\n<\/div>","protected":false},"excerpt":{"rendered":"<p>[vc_row][vc_column][vc_column_text] Safari Photo Ours Polaire dans le Nord du Labrador [\/vc_column_text][\/vc_column][\/vc_row][vc_row][vc_column width=\"1\/2\"][vc_column_text]Offrez-vous un voyage \u00e0 l\u2019extr\u00eame nord du Labrador avec ce formidable circuit organis\u00e9 en petit groupe de 7 jours \/ 6 nuits, pour voir les ours polaires dans leur habitat naturel. Lors de cette excursion avec d\u00e9placement en hydravion, vous d\u00e9couvrez de nombreux sites &hellip; <a href=\"https:\/\/wedgehillslodge.com\/fr\/circuits\/faune-et-nature\/safari-photo-ours-polaires-dans-le-nord-du-labrador\/\">Continued<\/a><\/p>\n","protected":false},"author":4,"featured_media":3986,"parent":1400,"menu_order":0,"comment_status":"closed","ping_status":"closed","template":"templates\/page-sub-tours.php","meta":{"_acf_changed":false,"footnotes":""},"class_list":["post-4193","page","type-page","status-publish","has-post-thumbnail","hentry"],"acf":[],"yoast_head":"<!-- This site is optimized with the Yoast SEO plugin v24.7 - https:\/\/yoast.com\/wordpress\/plugins\/seo\/ -->\n<title>Safari Photo Ours Polaire dans le Nord du Labrador<\/title>\n<meta name=\"description\" content=\"Rejoignez-nous pour un voyage d\u2019exploration au c\u0153ur du territoire des ours polaires au Labrador.\" \/>\n<meta name=\"robots\" content=\"index, follow, max-snippet:-1, max-image-preview:large, max-video-preview:-1\" \/>\n<link rel=\"canonical\" href=\"https:\/\/wedgehillslodge.com\/fr\/circuits\/faune-et-nature\/safari-photo-ours-polaires-dans-le-nord-du-labrador\/\" \/>\n<meta property=\"og:locale\" content=\"fr_FR\" \/>\n<meta property=\"og:type\" content=\"article\" \/>\n<meta property=\"og:title\" content=\"Safari Photo Ours Polaire dans le Nord du Labrador\" \/>\n<meta property=\"og:description\" content=\"Rejoignez-nous pour un voyage d\u2019exploration au c\u0153ur du territoire des ours polaires au Labrador.\" \/>\n<meta property=\"og:url\" content=\"https:\/\/wedgehillslodge.com\/fr\/circuits\/faune-et-nature\/safari-photo-ours-polaires-dans-le-nord-du-labrador\/\" \/>\n<meta property=\"og:site_name\" content=\"Wedge Hills Lodge\" \/>\n<meta property=\"article:modified_time\" content=\"2022-02-15T01:06:20+00:00\" \/>\n<meta property=\"og:image\" content=\"https:\/\/wedgehillslodge.com\/wp-content\/uploads\/2020\/08\/Explo-ours-polaire_001.jpg\" \/>\n\t<meta property=\"og:image:width\" content=\"2488\" \/>\n\t<meta property=\"og:image:height\" content=\"1001\" \/>\n\t<meta property=\"og:image:type\" content=\"image\/jpeg\" \/>\n<meta name=\"twitter:card\" content=\"summary_large_image\" \/>\n<meta name=\"twitter:label1\" content=\"Est. reading time\" \/>\n\t<meta name=\"twitter:data1\" content=\"5 minutes\" \/>\n<script type=\"application\/ld+json\" class=\"yoast-schema-graph\">{\"@context\":\"https:\/\/schema.org\",\"@graph\":[{\"@type\":\"WebPage\",\"@id\":\"https:\/\/wedgehillslodge.com\/fr\/circuits\/faune-et-nature\/safari-photo-ours-polaires-dans-le-nord-du-labrador\/\",\"url\":\"https:\/\/wedgehillslodge.com\/fr\/circuits\/faune-et-nature\/safari-photo-ours-polaires-dans-le-nord-du-labrador\/\",\"name\":\"Safari Photo Ours Polaire dans le Nord du Labrador\",\"isPartOf\":{\"@id\":\"https:\/\/wedgehillslodge.com\/#website\"},\"primaryImageOfPage\":{\"@id\":\"https:\/\/wedgehillslodge.com\/fr\/circuits\/faune-et-nature\/safari-photo-ours-polaires-dans-le-nord-du-labrador\/#primaryimage\"},\"image\":{\"@id\":\"https:\/\/wedgehillslodge.com\/fr\/circuits\/faune-et-nature\/safari-photo-ours-polaires-dans-le-nord-du-labrador\/#primaryimage\"},\"thumbnailUrl\":\"https:\/\/wedgehillslodge.com\/wp-content\/uploads\/2020\/08\/Explo-ours-polaire_001.jpg\",\"datePublished\":\"2020-11-17T22:01:17+00:00\",\"dateModified\":\"2022-02-15T01:06:20+00:00\",\"description\":\"Rejoignez-nous pour un voyage d\u2019exploration au c\u0153ur du territoire des ours polaires au Labrador.\",\"breadcrumb\":{\"@id\":\"https:\/\/wedgehillslodge.com\/fr\/circuits\/faune-et-nature\/safari-photo-ours-polaires-dans-le-nord-du-labrador\/#breadcrumb\"},\"inLanguage\":\"fr-FR\",\"potentialAction\":[{\"@type\":\"ReadAction\",\"target\":[\"https:\/\/wedgehillslodge.com\/fr\/circuits\/faune-et-nature\/safari-photo-ours-polaires-dans-le-nord-du-labrador\/\"]}]},{\"@type\":\"ImageObject\",\"inLanguage\":\"fr-FR\",\"@id\":\"https:\/\/wedgehillslodge.com\/fr\/circuits\/faune-et-nature\/safari-photo-ours-polaires-dans-le-nord-du-labrador\/#primaryimage\",\"url\":\"https:\/\/wedgehillslodge.com\/wp-content\/uploads\/2020\/08\/Explo-ours-polaire_001.jpg\",\"contentUrl\":\"https:\/\/wedgehillslodge.com\/wp-content\/uploads\/2020\/08\/Explo-ours-polaire_001.jpg\",\"width\":2488,\"height\":1001},{\"@type\":\"BreadcrumbList\",\"@id\":\"https:\/\/wedgehillslodge.com\/fr\/circuits\/faune-et-nature\/safari-photo-ours-polaires-dans-le-nord-du-labrador\/#breadcrumb\",\"itemListElement\":[{\"@type\":\"ListItem\",\"position\":1,\"name\":\"Home\",\"item\":\"https:\/\/wedgehillslodge.com\/fr\/\"},{\"@type\":\"ListItem\",\"position\":2,\"name\":\"Circuits\",\"item\":\"https:\/\/wedgehillslodge.com\/fr\/circuits\/\"},{\"@type\":\"ListItem\",\"position\":3,\"name\":\"Faune et Nature\",\"item\":\"https:\/\/wedgehillslodge.com\/fr\/circuits\/faune-et-nature\/\"},{\"@type\":\"ListItem\",\"position\":4,\"name\":\"Safari Photo Ours Polaire dans le Nord du Labrador\"}]},{\"@type\":\"WebSite\",\"@id\":\"https:\/\/wedgehillslodge.com\/#website\",\"url\":\"https:\/\/wedgehillslodge.com\/\",\"name\":\"Wedge Hills Lodge\",\"description\":\"Atlantic Salmon Fly Fishing trips in Nunavik, Canada - INUA\",\"potentialAction\":[{\"@type\":\"SearchAction\",\"target\":{\"@type\":\"EntryPoint\",\"urlTemplate\":\"https:\/\/wedgehillslodge.com\/?s={search_term_string}\"},\"query-input\":{\"@type\":\"PropertyValueSpecification\",\"valueRequired\":true,\"valueName\":\"search_term_string\"}}],\"inLanguage\":\"fr-FR\"}]}<\/script>\n<!-- \/ Yoast SEO plugin. -->","yoast_head_json":{"title":"Safari Photo Ours Polaire dans le Nord du Labrador","description":"Rejoignez-nous pour un voyage d\u2019exploration au c\u0153ur du territoire des ours polaires au Labrador.","robots":{"index":"index","follow":"follow","max-snippet":"max-snippet:-1","max-image-preview":"max-image-preview:large","max-video-preview":"max-video-preview:-1"},"canonical":"https:\/\/wedgehillslodge.com\/fr\/circuits\/faune-et-nature\/safari-photo-ours-polaires-dans-le-nord-du-labrador\/","og_locale":"fr_FR","og_type":"article","og_title":"Safari Photo Ours Polaire dans le Nord du Labrador","og_description":"Rejoignez-nous pour un voyage d\u2019exploration au c\u0153ur du territoire des ours polaires au Labrador.","og_url":"https:\/\/wedgehillslodge.com\/fr\/circuits\/faune-et-nature\/safari-photo-ours-polaires-dans-le-nord-du-labrador\/","og_site_name":"Wedge Hills Lodge","article_modified_time":"2022-02-15T01:06:20+00:00","og_image":[{"width":2488,"height":1001,"url":"https:\/\/wedgehillslodge.com\/wp-content\/uploads\/2020\/08\/Explo-ours-polaire_001.jpg","type":"image\/jpeg"}],"twitter_card":"summary_large_image","twitter_misc":{"Est. reading time":"5 minutes"},"schema":{"@context":"https:\/\/schema.org","@graph":[{"@type":"WebPage","@id":"https:\/\/wedgehillslodge.com\/fr\/circuits\/faune-et-nature\/safari-photo-ours-polaires-dans-le-nord-du-labrador\/","url":"https:\/\/wedgehillslodge.com\/fr\/circuits\/faune-et-nature\/safari-photo-ours-polaires-dans-le-nord-du-labrador\/","name":"Safari Photo Ours Polaire dans le Nord du Labrador","isPartOf":{"@id":"https:\/\/wedgehillslodge.com\/#website"},"primaryImageOfPage":{"@id":"https:\/\/wedgehillslodge.com\/fr\/circuits\/faune-et-nature\/safari-photo-ours-polaires-dans-le-nord-du-labrador\/#primaryimage"},"image":{"@id":"https:\/\/wedgehillslodge.com\/fr\/circuits\/faune-et-nature\/safari-photo-ours-polaires-dans-le-nord-du-labrador\/#primaryimage"},"thumbnailUrl":"https:\/\/wedgehillslodge.com\/wp-content\/uploads\/2020\/08\/Explo-ours-polaire_001.jpg","datePublished":"2020-11-17T22:01:17+00:00","dateModified":"2022-02-15T01:06:20+00:00","description":"Rejoignez-nous pour un voyage d\u2019exploration au c\u0153ur du territoire des ours polaires au Labrador.","breadcrumb":{"@id":"https:\/\/wedgehillslodge.com\/fr\/circuits\/faune-et-nature\/safari-photo-ours-polaires-dans-le-nord-du-labrador\/#breadcrumb"},"inLanguage":"fr-FR","potentialAction":[{"@type":"ReadAction","target":["https:\/\/wedgehillslodge.com\/fr\/circuits\/faune-et-nature\/safari-photo-ours-polaires-dans-le-nord-du-labrador\/"]}]},{"@type":"ImageObject","inLanguage":"fr-FR","@id":"https:\/\/wedgehillslodge.com\/fr\/circuits\/faune-et-nature\/safari-photo-ours-polaires-dans-le-nord-du-labrador\/#primaryimage","url":"https:\/\/wedgehillslodge.com\/wp-content\/uploads\/2020\/08\/Explo-ours-polaire_001.jpg","contentUrl":"https:\/\/wedgehillslodge.com\/wp-content\/uploads\/2020\/08\/Explo-ours-polaire_001.jpg","width":2488,"height":1001},{"@type":"BreadcrumbList","@id":"https:\/\/wedgehillslodge.com\/fr\/circuits\/faune-et-nature\/safari-photo-ours-polaires-dans-le-nord-du-labrador\/#breadcrumb","itemListElement":[{"@type":"ListItem","position":1,"name":"Home","item":"https:\/\/wedgehillslodge.com\/fr\/"},{"@type":"ListItem","position":2,"name":"Circuits","item":"https:\/\/wedgehillslodge.com\/fr\/circuits\/"},{"@type":"ListItem","position":3,"name":"Faune et Nature","item":"https:\/\/wedgehillslodge.com\/fr\/circuits\/faune-et-nature\/"},{"@type":"ListItem","position":4,"name":"Safari Photo Ours Polaire dans le Nord du Labrador"}]},{"@type":"WebSite","@id":"https:\/\/wedgehillslodge.com\/#website","url":"https:\/\/wedgehillslodge.com\/","name":"Wedge Hills Lodge","description":"Atlantic Salmon Fly Fishing trips in Nunavik, Canada - INUA","potentialAction":[{"@type":"SearchAction","target":{"@type":"EntryPoint","urlTemplate":"https:\/\/wedgehillslodge.com\/?s={search_term_string}"},"query-input":{"@type":"PropertyValueSpecification","valueRequired":true,"valueName":"search_term_string"}}],"inLanguage":"fr-FR"}]}},"_links":{"self":[{"href":"https:\/\/wedgehillslodge.com\/fr\/wp-json\/wp\/v2\/pages\/4193","targetHints":{"allow":["GET"]}}],"collection":[{"href":"https:\/\/wedgehillslodge.com\/fr\/wp-json\/wp\/v2\/pages"}],"about":[{"href":"https:\/\/wedgehillslodge.com\/fr\/wp-json\/wp\/v2\/types\/page"}],"author":[{"embeddable":true,"href":"https:\/\/wedgehillslodge.com\/fr\/wp-json\/wp\/v2\/users\/4"}],"replies":[{"embeddable":true,"href":"https:\/\/wedgehillslodge.com\/fr\/wp-json\/wp\/v2\/comments?post=4193"}],"version-history":[{"count":33,"href":"https:\/\/wedgehillslodge.com\/fr\/wp-json\/wp\/v2\/pages\/4193\/revisions"}],"predecessor-version":[{"id":5702,"href":"https:\/\/wedgehillslodge.com\/fr\/wp-json\/wp\/v2\/pages\/4193\/revisions\/5702"}],"up":[{"embeddable":true,"href":"https:\/\/wedgehillslodge.com\/fr\/wp-json\/wp\/v2\/pages\/1400"}],"wp:featuredmedia":[{"embeddable":true,"href":"https:\/\/wedgehillslodge.com\/fr\/wp-json\/wp\/v2\/media\/3986"}],"wp:attachment":[{"href":"https:\/\/wedgehillslodge.com\/fr\/wp-json\/wp\/v2\/media?parent=4193"}],"curies":[{"name":"wp","href":"https:\/\/api.w.org\/{rel}","templated":true}]}}