{"id":366,"date":"2019-02-06T15:52:22","date_gmt":"2019-02-06T15:52:22","guid":{"rendered":"http:\/\/francisperreault.com\/dev\/wedge\/travel\/"},"modified":"2026-03-23T09:40:49","modified_gmt":"2026-03-23T13:40:49","slug":"transport-avion","status":"publish","type":"page","link":"https:\/\/wedgehillslodge.com\/fr\/transport-avion\/","title":{"rendered":"Transport"},"content":{"rendered":"<h1 style=\"text-align: center;\">Nos partenaires de transport<\/h1>\n","protected":false},"excerpt":{"rendered":"<p>Nos partenaires de transport<\/p>\n","protected":false},"author":4,"featured_media":11920,"parent":0,"menu_order":0,"comment_status":"closed","ping_status":"closed","template":"templates\/page-travel.php","meta":{"_acf_changed":false,"footnotes":""},"class_list":["post-366","page","type-page","status-publish","has-post-thumbnail","hentry"],"acf":[],"yoast_head":"<!-- This site is optimized with the Yoast SEO plugin v24.7 - https:\/\/yoast.com\/wordpress\/plugins\/seo\/ -->\n<title>Voyage en avion et transport Nunavik, Qu\u00e9bec - Wedge Hills Lodge<\/title>\n<meta name=\"description\" content=\"Tous les clients devraient s&#039;enregistrer \u00e0 l&#039;h\u00f4tel recommand\u00e9, La soir\u00e9e avant le d\u00e9part planifi\u00e9 pour le nord. En savoir plus sur le transport en avion.\" \/>\n<meta name=\"robots\" content=\"index, follow, max-snippet:-1, max-image-preview:large, max-video-preview:-1\" \/>\n<link rel=\"canonical\" href=\"https:\/\/wedgehillslodge.com\/fr\/transport-avion\/\" \/>\n<meta property=\"og:locale\" content=\"fr_FR\" \/>\n<meta property=\"og:type\" content=\"article\" \/>\n<meta property=\"og:title\" content=\"Voyage en avion et transport Nunavik, Qu\u00e9bec - Wedge Hills Lodge\" \/>\n<meta property=\"og:description\" content=\"Tous les clients devraient s&#039;enregistrer \u00e0 l&#039;h\u00f4tel recommand\u00e9, La soir\u00e9e avant le d\u00e9part planifi\u00e9 pour le nord. En savoir plus sur le transport en avion.\" \/>\n<meta property=\"og:url\" content=\"https:\/\/wedgehillslodge.com\/fr\/transport-avion\/\" \/>\n<meta property=\"og:site_name\" content=\"Wedge Hills Lodge\" \/>\n<meta property=\"article:modified_time\" content=\"2026-03-23T13:40:49+00:00\" \/>\n<meta property=\"og:image\" content=\"https:\/\/wedgehillslodge.com\/wp-content\/uploads\/2026\/03\/IMG_2026-03-23-085833.jpg\" \/>\n\t<meta property=\"og:image:width\" content=\"2560\" \/>\n\t<meta property=\"og:image:height\" content=\"1042\" \/>\n\t<meta property=\"og:image:type\" content=\"image\/jpeg\" \/>\n<meta name=\"twitter:card\" content=\"summary_large_image\" \/>\n<meta name=\"twitter:label1\" content=\"Est. reading time\" \/>\n\t<meta name=\"twitter:data1\" content=\"1 minute\" \/>\n<script type=\"application\/ld+json\" class=\"yoast-schema-graph\">{\"@context\":\"https:\/\/schema.org\",\"@graph\":[{\"@type\":\"WebPage\",\"@id\":\"https:\/\/wedgehillslodge.com\/fr\/transport-avion\/\",\"url\":\"https:\/\/wedgehillslodge.com\/fr\/transport-avion\/\",\"name\":\"Voyage en avion et transport Nunavik, Qu\u00e9bec - Wedge Hills Lodge\",\"isPartOf\":{\"@id\":\"https:\/\/wedgehillslodge.com\/#website\"},\"primaryImageOfPage\":{\"@id\":\"https:\/\/wedgehillslodge.com\/fr\/transport-avion\/#primaryimage\"},\"image\":{\"@id\":\"https:\/\/wedgehillslodge.com\/fr\/transport-avion\/#primaryimage\"},\"thumbnailUrl\":\"https:\/\/wedgehillslodge.com\/wp-content\/uploads\/2026\/03\/IMG_2026-03-23-085833.jpg\",\"datePublished\":\"2019-02-06T15:52:22+00:00\",\"dateModified\":\"2026-03-23T13:40:49+00:00\",\"description\":\"Tous les clients devraient s'enregistrer \u00e0 l'h\u00f4tel recommand\u00e9, La soir\u00e9e avant le d\u00e9part planifi\u00e9 pour le nord. En savoir plus sur le transport en avion.\",\"breadcrumb\":{\"@id\":\"https:\/\/wedgehillslodge.com\/fr\/transport-avion\/#breadcrumb\"},\"inLanguage\":\"fr-FR\",\"potentialAction\":[{\"@type\":\"ReadAction\",\"target\":[\"https:\/\/wedgehillslodge.com\/fr\/transport-avion\/\"]}]},{\"@type\":\"ImageObject\",\"inLanguage\":\"fr-FR\",\"@id\":\"https:\/\/wedgehillslodge.com\/fr\/transport-avion\/#primaryimage\",\"url\":\"https:\/\/wedgehillslodge.com\/wp-content\/uploads\/2026\/03\/IMG_2026-03-23-085833.jpg\",\"contentUrl\":\"https:\/\/wedgehillslodge.com\/wp-content\/uploads\/2026\/03\/IMG_2026-03-23-085833.jpg\",\"width\":2560,\"height\":1042},{\"@type\":\"BreadcrumbList\",\"@id\":\"https:\/\/wedgehillslodge.com\/fr\/transport-avion\/#breadcrumb\",\"itemListElement\":[{\"@type\":\"ListItem\",\"position\":1,\"name\":\"Home\",\"item\":\"https:\/\/wedgehillslodge.com\/fr\/\"},{\"@type\":\"ListItem\",\"position\":2,\"name\":\"Transport\"}]},{\"@type\":\"WebSite\",\"@id\":\"https:\/\/wedgehillslodge.com\/#website\",\"url\":\"https:\/\/wedgehillslodge.com\/\",\"name\":\"Wedge Hills Lodge\",\"description\":\"Atlantic Salmon Fly Fishing trips in Nunavik, Canada - INUA\",\"potentialAction\":[{\"@type\":\"SearchAction\",\"target\":{\"@type\":\"EntryPoint\",\"urlTemplate\":\"https:\/\/wedgehillslodge.com\/?s={search_term_string}\"},\"query-input\":{\"@type\":\"PropertyValueSpecification\",\"valueRequired\":true,\"valueName\":\"search_term_string\"}}],\"inLanguage\":\"fr-FR\"}]}<\/script>\n<!-- \/ Yoast SEO plugin. -->","yoast_head_json":{"title":"Voyage en avion et transport Nunavik, Qu\u00e9bec - Wedge Hills Lodge","description":"Tous les clients devraient s'enregistrer \u00e0 l'h\u00f4tel recommand\u00e9, La soir\u00e9e avant le d\u00e9part planifi\u00e9 pour le nord. En savoir plus sur le transport en avion.","robots":{"index":"index","follow":"follow","max-snippet":"max-snippet:-1","max-image-preview":"max-image-preview:large","max-video-preview":"max-video-preview:-1"},"canonical":"https:\/\/wedgehillslodge.com\/fr\/transport-avion\/","og_locale":"fr_FR","og_type":"article","og_title":"Voyage en avion et transport Nunavik, Qu\u00e9bec - Wedge Hills Lodge","og_description":"Tous les clients devraient s'enregistrer \u00e0 l'h\u00f4tel recommand\u00e9, La soir\u00e9e avant le d\u00e9part planifi\u00e9 pour le nord. En savoir plus sur le transport en avion.","og_url":"https:\/\/wedgehillslodge.com\/fr\/transport-avion\/","og_site_name":"Wedge Hills Lodge","article_modified_time":"2026-03-23T13:40:49+00:00","og_image":[{"width":2560,"height":1042,"url":"https:\/\/wedgehillslodge.com\/wp-content\/uploads\/2026\/03\/IMG_2026-03-23-085833.jpg","type":"image\/jpeg"}],"twitter_card":"summary_large_image","twitter_misc":{"Est. reading time":"1 minute"},"schema":{"@context":"https:\/\/schema.org","@graph":[{"@type":"WebPage","@id":"https:\/\/wedgehillslodge.com\/fr\/transport-avion\/","url":"https:\/\/wedgehillslodge.com\/fr\/transport-avion\/","name":"Voyage en avion et transport Nunavik, Qu\u00e9bec - Wedge Hills Lodge","isPartOf":{"@id":"https:\/\/wedgehillslodge.com\/#website"},"primaryImageOfPage":{"@id":"https:\/\/wedgehillslodge.com\/fr\/transport-avion\/#primaryimage"},"image":{"@id":"https:\/\/wedgehillslodge.com\/fr\/transport-avion\/#primaryimage"},"thumbnailUrl":"https:\/\/wedgehillslodge.com\/wp-content\/uploads\/2026\/03\/IMG_2026-03-23-085833.jpg","datePublished":"2019-02-06T15:52:22+00:00","dateModified":"2026-03-23T13:40:49+00:00","description":"Tous les clients devraient s'enregistrer \u00e0 l'h\u00f4tel recommand\u00e9, La soir\u00e9e avant le d\u00e9part planifi\u00e9 pour le nord. En savoir plus sur le transport en avion.","breadcrumb":{"@id":"https:\/\/wedgehillslodge.com\/fr\/transport-avion\/#breadcrumb"},"inLanguage":"fr-FR","potentialAction":[{"@type":"ReadAction","target":["https:\/\/wedgehillslodge.com\/fr\/transport-avion\/"]}]},{"@type":"ImageObject","inLanguage":"fr-FR","@id":"https:\/\/wedgehillslodge.com\/fr\/transport-avion\/#primaryimage","url":"https:\/\/wedgehillslodge.com\/wp-content\/uploads\/2026\/03\/IMG_2026-03-23-085833.jpg","contentUrl":"https:\/\/wedgehillslodge.com\/wp-content\/uploads\/2026\/03\/IMG_2026-03-23-085833.jpg","width":2560,"height":1042},{"@type":"BreadcrumbList","@id":"https:\/\/wedgehillslodge.com\/fr\/transport-avion\/#breadcrumb","itemListElement":[{"@type":"ListItem","position":1,"name":"Home","item":"https:\/\/wedgehillslodge.com\/fr\/"},{"@type":"ListItem","position":2,"name":"Transport"}]},{"@type":"WebSite","@id":"https:\/\/wedgehillslodge.com\/#website","url":"https:\/\/wedgehillslodge.com\/","name":"Wedge Hills Lodge","description":"Atlantic Salmon Fly Fishing trips in Nunavik, Canada - INUA","potentialAction":[{"@type":"SearchAction","target":{"@type":"EntryPoint","urlTemplate":"https:\/\/wedgehillslodge.com\/?s={search_term_string}"},"query-input":{"@type":"PropertyValueSpecification","valueRequired":true,"valueName":"search_term_string"}}],"inLanguage":"fr-FR"}]}},"_links":{"self":[{"href":"https:\/\/wedgehillslodge.com\/fr\/wp-json\/wp\/v2\/pages\/366","targetHints":{"allow":["GET"]}}],"collection":[{"href":"https:\/\/wedgehillslodge.com\/fr\/wp-json\/wp\/v2\/pages"}],"about":[{"href":"https:\/\/wedgehillslodge.com\/fr\/wp-json\/wp\/v2\/types\/page"}],"author":[{"embeddable":true,"href":"https:\/\/wedgehillslodge.com\/fr\/wp-json\/wp\/v2\/users\/4"}],"replies":[{"embeddable":true,"href":"https:\/\/wedgehillslodge.com\/fr\/wp-json\/wp\/v2\/comments?post=366"}],"version-history":[{"count":63,"href":"https:\/\/wedgehillslodge.com\/fr\/wp-json\/wp\/v2\/pages\/366\/revisions"}],"predecessor-version":[{"id":11936,"href":"https:\/\/wedgehillslodge.com\/fr\/wp-json\/wp\/v2\/pages\/366\/revisions\/11936"}],"wp:featuredmedia":[{"embeddable":true,"href":"https:\/\/wedgehillslodge.com\/fr\/wp-json\/wp\/v2\/media\/11920"}],"wp:attachment":[{"href":"https:\/\/wedgehillslodge.com\/fr\/wp-json\/wp\/v2\/media?parent=366"}],"curies":[{"name":"wp","href":"https:\/\/api.w.org\/{rel}","templated":true}]}}