{"id":3617,"date":"2020-04-02T11:25:39","date_gmt":"2020-04-02T15:25:39","guid":{"rendered":"https:\/\/wedgehillslodge.com\/?page_id=3617"},"modified":"2023-08-16T18:09:31","modified_gmt":"2023-08-16T22:09:31","slug":"forfait-truite-standard-de-8-jours","status":"publish","type":"page","link":"https:\/\/wedgehillslodge.com\/fr\/forfaits\/forfait-truite-standard-de-8-jours\/","title":{"rendered":"Truite &#038; Char Eau Douce (sans transport)"},"content":{"rendered":"<div class=\"wpb-content-wrapper\"><p>[vc_row][vc_column][vc_column_text]<\/p>\n<h1>Truite &amp; Char Eau Douce (sans transport)<\/h1>\n<p>[\/vc_column_text][\/vc_column][\/vc_row][vc_row][vc_column width=\"1\/2\"][vc_column_text]<\/p>\n<h3>Prix : $6,500 (CAD)<\/h3>\n<p>[\/vc_column_text][vc_column_text]Ce forfait est con\u00e7u pour ceux qui peuvent fournir leur propre transport vers et depuis le lodge. Les clients b\u00e9n\u00e9ficient toujours de toutes les merveilleuses commodit\u00e9s du lodge, du service de guide et des possibilit\u00e9s de p\u00eache exceptionnelles.<\/p>\n<p><strong>Esp\u00e8ces<\/strong>: mouchet\u00e9e, touladi, char eau douce<\/p>\n<p><strong>\u00c9quipement<\/strong>: \u00c9quipement au lancer leger et p\u00eache \u00e0 la mouche autoris\u00e9<\/p>\n<h3>Voyages 2022-2023:<\/h3>\n<ul>\n<li>Groupe 1: \u00a022 juillet \u2013 28 juillet<\/li>\n<li>Groupe 2: 28 juillet \u2013 3 ao\u00fbt<\/li>\n<li>Groupe 3: 3 ao\u00fbt - 9 aout<\/li>\n<\/ul>\n<p>[\/vc_column_text][vc_btn title=\"R\u00e9server maintenant\" link=\"url:https%3A%2F%2Fwedgehillslodge.com%2Ffr%2Freservation-voyage%2F%3Fmenu-951%3DForfait%2520Tout%2520Inclus|||\"][\/vc_column][vc_column width=\"1\/2\"][vc_gallery type=\"flexslider_slide\" interval=\"3\" images=\"2590,2752,2724,1125,3571,2738,1171\" img_size=\"600x300\" onclick=\"img_link_large\" custom_links_target=\"_blank\"][\/vc_column][\/vc_row][vc_row el_class=\"inclusions\"][vc_column][vc_row_inner][vc_column_inner][vc_column_text]<\/p>\n<h2>Inclusions<\/h2>\n<p>[\/vc_column_text][\/vc_column_inner][\/vc_row_inner][vc_row_inner][vc_column_inner el_class=\"includes\" width=\"1\/2\"][vc_column_text]<strong>Inclus :<\/strong><\/p>\n<ul>\n<li>6 nuits \/ 7 jours accommodations au lodge en occupation double<\/li>\n<li>5-1\/2 jours de p\u00eache sur la rivi\u00e8re George<\/li>\n<li>Tous les repas pr\u00e9par\u00e9s par notre chef (y compris le vin avec le souper)<\/li>\n<li>Un guide professionnel pour deux personnes<\/li>\n<li>Carburant illimit\u00e9 pour voyager sur la rivi\u00e8re<\/li>\n<li>T\u00e9l\u00e9phone satellite et Wi-Fi au lodge<\/li>\n<li>Acc\u00e8s au lounge et au bain \u00e0 remous au bois<\/li>\n<\/ul>\n<p>[\/vc_column_text][\/vc_column_inner][vc_column_inner el_class=\"excludes\" width=\"1\/2\"][vc_column_text]<\/p>\n<p class=\"title\"><strong>Non inclus :<\/strong><\/p>\n<ul>\n<li>Voyage vers et depuis le lodge<\/li>\n<li>Permis de p\u00eache (disponibles pour achat)<\/li>\n<li>Boissons alcoolis\u00e9es<\/li>\n<li>Pourboires<\/li>\n<li>Taxe de 14,975%<\/li>\n<\/ul>\n<p>[\/vc_column_text][\/vc_column_inner][\/vc_row_inner][\/vc_column][\/vc_row][vc_row full_width=\"stretch_row\" el_class=\"days-packages\"][vc_column][vc_row_inner][vc_column_inner][vc_column_text]<\/p>\n<h2 style=\"text-align: center;\">Itin\u00e9raire de voyage<\/h2>\n<p>[\/vc_column_text][\/vc_column_inner][\/vc_row_inner][vc_row_inner][vc_column_inner width=\"1\/3\"][vc_column_text]<\/p>\n<h3>Jour 1 :<\/h3>\n<ul>\n<li>Arriv\u00e9e au Lodge selon votre horaire<\/li>\n<li>Commencez \u00e0 p\u00eacher lorsque vous \u00eates pr\u00eat<\/li>\n<\/ul>\n<p>[\/vc_column_text][\/vc_column_inner][vc_column_inner width=\"1\/3\"][vc_column_text]<\/p>\n<h3>Jours 2-6 :<\/h3>\n<ul>\n<li>P\u00eache \u00e0 diff\u00e9rentes emplacements sur 30 milles sur la rivi\u00e8re George.<\/li>\n<\/ul>\n<p>[\/vc_column_text][\/vc_column_inner][vc_column_inner width=\"1\/3\"][vc_column_text]<\/p>\n<h3>Jour 7 :<\/h3>\n<ul>\n<li class=\"p1\">D\u00e9part de Wedge Hills Lodge \u00e0 midi<\/li>\n<\/ul>\n<p>[\/vc_column_text][\/vc_column_inner][\/vc_row_inner][\/vc_column][\/vc_row]<\/p>\n<\/div>","protected":false},"excerpt":{"rendered":"<p>[vc_row][vc_column][vc_column_text] Truite &amp; Char Eau Douce (sans transport) [\/vc_column_text][\/vc_column][\/vc_row][vc_row][vc_column width=\"1\/2\"][vc_column_text] Prix : $6,500 (CAD) [\/vc_column_text][vc_column_text]Ce forfait est con\u00e7u pour ceux qui peuvent fournir leur propre transport vers et depuis le lodge. Les clients b\u00e9n\u00e9ficient toujours de toutes les merveilleuses commodit\u00e9s du lodge, du service de guide et des possibilit\u00e9s de p\u00eache exceptionnelles. Esp\u00e8ces: mouchet\u00e9e, touladi, &hellip; <a href=\"https:\/\/wedgehillslodge.com\/fr\/forfaits\/forfait-truite-standard-de-8-jours\/\">Continued<\/a><\/p>\n","protected":false},"author":4,"featured_media":1133,"parent":2196,"menu_order":0,"comment_status":"closed","ping_status":"closed","template":"templates\/page-no-template.php","meta":{"_acf_changed":false,"footnotes":""},"class_list":["post-3617","page","type-page","status-publish","has-post-thumbnail","hentry"],"acf":[],"yoast_head":"<!-- This site is optimized with the Yoast SEO plugin v24.7 - https:\/\/yoast.com\/wordpress\/plugins\/seo\/ -->\n<title>Forfait P\u00eache \u00e0 la Mouche Tout Inclus - Wedge Hills Lodge<\/title>\n<meta name=\"description\" content=\"Ce forfait convient \u00e0 ceux qui aiment voyager et p\u00eacher mais qui ont un horaire serr\u00e9.D\u00e9couvrer le Forfait P\u00eache \u00e0 la Mouche Tout Inclus.\" \/>\n<meta name=\"robots\" content=\"index, follow, max-snippet:-1, max-image-preview:large, max-video-preview:-1\" \/>\n<link rel=\"canonical\" href=\"https:\/\/wedgehillslodge.com\/fr\/forfaits\/forfait-truite-standard-de-8-jours\/\" \/>\n<meta property=\"og:locale\" content=\"fr_FR\" \/>\n<meta property=\"og:type\" content=\"article\" \/>\n<meta property=\"og:title\" content=\"Forfait P\u00eache \u00e0 la Mouche Tout Inclus - Wedge Hills Lodge\" \/>\n<meta property=\"og:description\" content=\"Ce forfait convient \u00e0 ceux qui aiment voyager et p\u00eacher mais qui ont un horaire serr\u00e9.D\u00e9couvrer le Forfait P\u00eache \u00e0 la Mouche Tout Inclus.\" \/>\n<meta property=\"og:url\" content=\"https:\/\/wedgehillslodge.com\/fr\/forfaits\/forfait-truite-standard-de-8-jours\/\" \/>\n<meta property=\"og:site_name\" content=\"Wedge Hills Lodge\" \/>\n<meta property=\"article:modified_time\" content=\"2023-08-16T22:09:31+00:00\" \/>\n<meta property=\"og:image\" content=\"https:\/\/wedgehillslodge.com\/wp-content\/uploads\/2019\/10\/gallery-22-e1604415287578.jpg\" \/>\n\t<meta property=\"og:image:width\" content=\"2385\" \/>\n\t<meta property=\"og:image:height\" content=\"1216\" \/>\n\t<meta property=\"og:image:type\" content=\"image\/jpeg\" \/>\n<meta name=\"twitter:card\" content=\"summary_large_image\" \/>\n<meta name=\"twitter:label1\" content=\"Est. reading time\" \/>\n\t<meta name=\"twitter:data1\" content=\"2 minutes\" \/>\n<script type=\"application\/ld+json\" class=\"yoast-schema-graph\">{\"@context\":\"https:\/\/schema.org\",\"@graph\":[{\"@type\":\"WebPage\",\"@id\":\"https:\/\/wedgehillslodge.com\/fr\/forfaits\/forfait-truite-standard-de-8-jours\/\",\"url\":\"https:\/\/wedgehillslodge.com\/fr\/forfaits\/forfait-truite-standard-de-8-jours\/\",\"name\":\"Forfait P\u00eache \u00e0 la Mouche Tout Inclus - Wedge Hills Lodge\",\"isPartOf\":{\"@id\":\"https:\/\/wedgehillslodge.com\/#website\"},\"primaryImageOfPage\":{\"@id\":\"https:\/\/wedgehillslodge.com\/fr\/forfaits\/forfait-truite-standard-de-8-jours\/#primaryimage\"},\"image\":{\"@id\":\"https:\/\/wedgehillslodge.com\/fr\/forfaits\/forfait-truite-standard-de-8-jours\/#primaryimage\"},\"thumbnailUrl\":\"https:\/\/wedgehillslodge.com\/wp-content\/uploads\/2019\/10\/gallery-22-e1604415287578.jpg\",\"datePublished\":\"2020-04-02T15:25:39+00:00\",\"dateModified\":\"2023-08-16T22:09:31+00:00\",\"description\":\"Ce forfait convient \u00e0 ceux qui aiment voyager et p\u00eacher mais qui ont un horaire serr\u00e9.D\u00e9couvrer le Forfait P\u00eache \u00e0 la Mouche Tout Inclus.\",\"breadcrumb\":{\"@id\":\"https:\/\/wedgehillslodge.com\/fr\/forfaits\/forfait-truite-standard-de-8-jours\/#breadcrumb\"},\"inLanguage\":\"fr-FR\",\"potentialAction\":[{\"@type\":\"ReadAction\",\"target\":[\"https:\/\/wedgehillslodge.com\/fr\/forfaits\/forfait-truite-standard-de-8-jours\/\"]}]},{\"@type\":\"ImageObject\",\"inLanguage\":\"fr-FR\",\"@id\":\"https:\/\/wedgehillslodge.com\/fr\/forfaits\/forfait-truite-standard-de-8-jours\/#primaryimage\",\"url\":\"https:\/\/wedgehillslodge.com\/wp-content\/uploads\/2019\/10\/gallery-22-e1604415287578.jpg\",\"contentUrl\":\"https:\/\/wedgehillslodge.com\/wp-content\/uploads\/2019\/10\/gallery-22-e1604415287578.jpg\",\"width\":2385,\"height\":1216,\"caption\":\"P\u00eache \u00e0 la mouche Qu\u00e9bec, Canada\"},{\"@type\":\"BreadcrumbList\",\"@id\":\"https:\/\/wedgehillslodge.com\/fr\/forfaits\/forfait-truite-standard-de-8-jours\/#breadcrumb\",\"itemListElement\":[{\"@type\":\"ListItem\",\"position\":1,\"name\":\"Home\",\"item\":\"https:\/\/wedgehillslodge.com\/fr\/\"},{\"@type\":\"ListItem\",\"position\":2,\"name\":\"Forfaits de P\u00eache\",\"item\":\"https:\/\/wedgehillslodge.com\/fr\/forfaits\/\"},{\"@type\":\"ListItem\",\"position\":3,\"name\":\"Truite &#038; Char Eau Douce (sans transport)\"}]},{\"@type\":\"WebSite\",\"@id\":\"https:\/\/wedgehillslodge.com\/#website\",\"url\":\"https:\/\/wedgehillslodge.com\/\",\"name\":\"Wedge Hills Lodge\",\"description\":\"Atlantic Salmon Fly Fishing trips in Nunavik, Canada - INUA\",\"potentialAction\":[{\"@type\":\"SearchAction\",\"target\":{\"@type\":\"EntryPoint\",\"urlTemplate\":\"https:\/\/wedgehillslodge.com\/?s={search_term_string}\"},\"query-input\":{\"@type\":\"PropertyValueSpecification\",\"valueRequired\":true,\"valueName\":\"search_term_string\"}}],\"inLanguage\":\"fr-FR\"}]}<\/script>\n<!-- \/ Yoast SEO plugin. -->","yoast_head_json":{"title":"Forfait P\u00eache \u00e0 la Mouche Tout Inclus - Wedge Hills Lodge","description":"Ce forfait convient \u00e0 ceux qui aiment voyager et p\u00eacher mais qui ont un horaire serr\u00e9.D\u00e9couvrer le Forfait P\u00eache \u00e0 la Mouche Tout Inclus.","robots":{"index":"index","follow":"follow","max-snippet":"max-snippet:-1","max-image-preview":"max-image-preview:large","max-video-preview":"max-video-preview:-1"},"canonical":"https:\/\/wedgehillslodge.com\/fr\/forfaits\/forfait-truite-standard-de-8-jours\/","og_locale":"fr_FR","og_type":"article","og_title":"Forfait P\u00eache \u00e0 la Mouche Tout Inclus - Wedge Hills Lodge","og_description":"Ce forfait convient \u00e0 ceux qui aiment voyager et p\u00eacher mais qui ont un horaire serr\u00e9.D\u00e9couvrer le Forfait P\u00eache \u00e0 la Mouche Tout Inclus.","og_url":"https:\/\/wedgehillslodge.com\/fr\/forfaits\/forfait-truite-standard-de-8-jours\/","og_site_name":"Wedge Hills Lodge","article_modified_time":"2023-08-16T22:09:31+00:00","og_image":[{"width":2385,"height":1216,"url":"https:\/\/wedgehillslodge.com\/wp-content\/uploads\/2019\/10\/gallery-22-e1604415287578.jpg","type":"image\/jpeg"}],"twitter_card":"summary_large_image","twitter_misc":{"Est. reading time":"2 minutes"},"schema":{"@context":"https:\/\/schema.org","@graph":[{"@type":"WebPage","@id":"https:\/\/wedgehillslodge.com\/fr\/forfaits\/forfait-truite-standard-de-8-jours\/","url":"https:\/\/wedgehillslodge.com\/fr\/forfaits\/forfait-truite-standard-de-8-jours\/","name":"Forfait P\u00eache \u00e0 la Mouche Tout Inclus - Wedge Hills Lodge","isPartOf":{"@id":"https:\/\/wedgehillslodge.com\/#website"},"primaryImageOfPage":{"@id":"https:\/\/wedgehillslodge.com\/fr\/forfaits\/forfait-truite-standard-de-8-jours\/#primaryimage"},"image":{"@id":"https:\/\/wedgehillslodge.com\/fr\/forfaits\/forfait-truite-standard-de-8-jours\/#primaryimage"},"thumbnailUrl":"https:\/\/wedgehillslodge.com\/wp-content\/uploads\/2019\/10\/gallery-22-e1604415287578.jpg","datePublished":"2020-04-02T15:25:39+00:00","dateModified":"2023-08-16T22:09:31+00:00","description":"Ce forfait convient \u00e0 ceux qui aiment voyager et p\u00eacher mais qui ont un horaire serr\u00e9.D\u00e9couvrer le Forfait P\u00eache \u00e0 la Mouche Tout Inclus.","breadcrumb":{"@id":"https:\/\/wedgehillslodge.com\/fr\/forfaits\/forfait-truite-standard-de-8-jours\/#breadcrumb"},"inLanguage":"fr-FR","potentialAction":[{"@type":"ReadAction","target":["https:\/\/wedgehillslodge.com\/fr\/forfaits\/forfait-truite-standard-de-8-jours\/"]}]},{"@type":"ImageObject","inLanguage":"fr-FR","@id":"https:\/\/wedgehillslodge.com\/fr\/forfaits\/forfait-truite-standard-de-8-jours\/#primaryimage","url":"https:\/\/wedgehillslodge.com\/wp-content\/uploads\/2019\/10\/gallery-22-e1604415287578.jpg","contentUrl":"https:\/\/wedgehillslodge.com\/wp-content\/uploads\/2019\/10\/gallery-22-e1604415287578.jpg","width":2385,"height":1216,"caption":"P\u00eache \u00e0 la mouche Qu\u00e9bec, Canada"},{"@type":"BreadcrumbList","@id":"https:\/\/wedgehillslodge.com\/fr\/forfaits\/forfait-truite-standard-de-8-jours\/#breadcrumb","itemListElement":[{"@type":"ListItem","position":1,"name":"Home","item":"https:\/\/wedgehillslodge.com\/fr\/"},{"@type":"ListItem","position":2,"name":"Forfaits de P\u00eache","item":"https:\/\/wedgehillslodge.com\/fr\/forfaits\/"},{"@type":"ListItem","position":3,"name":"Truite &#038; Char Eau Douce (sans transport)"}]},{"@type":"WebSite","@id":"https:\/\/wedgehillslodge.com\/#website","url":"https:\/\/wedgehillslodge.com\/","name":"Wedge Hills Lodge","description":"Atlantic Salmon Fly Fishing trips in Nunavik, Canada - INUA","potentialAction":[{"@type":"SearchAction","target":{"@type":"EntryPoint","urlTemplate":"https:\/\/wedgehillslodge.com\/?s={search_term_string}"},"query-input":{"@type":"PropertyValueSpecification","valueRequired":true,"valueName":"search_term_string"}}],"inLanguage":"fr-FR"}]}},"_links":{"self":[{"href":"https:\/\/wedgehillslodge.com\/fr\/wp-json\/wp\/v2\/pages\/3617","targetHints":{"allow":["GET"]}}],"collection":[{"href":"https:\/\/wedgehillslodge.com\/fr\/wp-json\/wp\/v2\/pages"}],"about":[{"href":"https:\/\/wedgehillslodge.com\/fr\/wp-json\/wp\/v2\/types\/page"}],"author":[{"embeddable":true,"href":"https:\/\/wedgehillslodge.com\/fr\/wp-json\/wp\/v2\/users\/4"}],"replies":[{"embeddable":true,"href":"https:\/\/wedgehillslodge.com\/fr\/wp-json\/wp\/v2\/comments?post=3617"}],"version-history":[{"count":11,"href":"https:\/\/wedgehillslodge.com\/fr\/wp-json\/wp\/v2\/pages\/3617\/revisions"}],"predecessor-version":[{"id":8783,"href":"https:\/\/wedgehillslodge.com\/fr\/wp-json\/wp\/v2\/pages\/3617\/revisions\/8783"}],"up":[{"embeddable":true,"href":"https:\/\/wedgehillslodge.com\/fr\/wp-json\/wp\/v2\/pages\/2196"}],"wp:featuredmedia":[{"embeddable":true,"href":"https:\/\/wedgehillslodge.com\/fr\/wp-json\/wp\/v2\/media\/1133"}],"wp:attachment":[{"href":"https:\/\/wedgehillslodge.com\/fr\/wp-json\/wp\/v2\/media?parent=3617"}],"curies":[{"name":"wp","href":"https:\/\/api.w.org\/{rel}","templated":true}]}}