{"id":359,"date":"2019-02-06T15:51:45","date_gmt":"2019-02-06T15:51:45","guid":{"rendered":"http:\/\/francisperreault.com\/dev\/wedge\/fly-fishing\/"},"modified":"2025-10-30T12:38:38","modified_gmt":"2025-10-30T16:38:38","slug":"peche-a-la-mouche","status":"publish","type":"page","link":"https:\/\/wedgehillslodge.com\/fr\/peche-a-la-mouche\/","title":{"rendered":"P\u00eache \u00e0 la mouche"},"content":{"rendered":"<p style=\"text-align: center;\"><a href=\"https:\/\/www.orvis.com\/p\/wedge-hills-lodge\/28ff\" target=\"_blank\" rel=\"noopener noreferrer\">\u00a0<\/a><\/p>\n<h1 style=\"text-align: center;\">P\u00eache \u00e0 la mouche - Saumon atlantique et truite mouchet\u00e9e<\/h1>\n<p style=\"text-align: left;\">Testez vos talents de p\u00eache \u00e0 la mouche \u00e0 l\u2019une des auberges les plus \u00e9loign\u00e9es en Am\u00e9rique du Nord, accessible seulement par voie a\u00e9rienne. L\u2019auberge Wedge Hills est situ\u00e9e sur la c\u00e9l\u00e8bre rivi\u00e8re George, splendide et interminable, sauvage et fougueuse avec d\u2019innombrables rapides o\u00f9 le roi de la rivi\u00e8re, le saumon atlantique, combat le courant en nombre impressionnant, ann\u00e9e apr\u00e8s ann\u00e9e. Cette rivi\u00e8re unique offre \u00e9galement une p\u00eache au truite mouchet\u00e9e et au touladi de classe mondiale tout au long de la saison.<\/p>\n<p><span class=\"s1\">Les pratiques de p\u00eache durable et \u00e9thique sont au premier plan de toutes les aventures de p\u00eache au Wedge Hills Lodge. Le frisson d'accrocher ce \u201croi de la rivi\u00e8re \" agressif sur une canne \u00e0 mouche est presque aussi satisfaisant que de sentir la puissance dans sa queue quand il est rel\u00e2ch\u00e9 dans les profondeurs.<span class=\"Apple-converted-space\">\u00a0 <\/span>Autre que pour des shore lunch ou pour souper au lodge, nous pratiquons la p\u00eache avec remise \u00e0 l\u2019eau pour toutes les esp\u00e8ces de poisson.<\/span><\/p>\n","protected":false},"excerpt":{"rendered":"<p>\u00a0 P\u00eache \u00e0 la mouche - Saumon atlantique et truite mouchet\u00e9e Testez vos talents de p\u00eache \u00e0 la mouche \u00e0 l\u2019une des auberges les plus \u00e9loign\u00e9es en Am\u00e9rique du Nord, accessible seulement par voie a\u00e9rienne. L\u2019auberge Wedge Hills est situ\u00e9e sur la c\u00e9l\u00e8bre rivi\u00e8re George, splendide et interminable, sauvage et fougueuse avec d\u2019innombrables rapides o\u00f9 &hellip; <a href=\"https:\/\/wedgehillslodge.com\/fr\/peche-a-la-mouche\/\">Continued<\/a><\/p>\n","protected":false},"author":4,"featured_media":335,"parent":0,"menu_order":0,"comment_status":"closed","ping_status":"closed","template":"templates\/page-fly-fishing.php","meta":{"_acf_changed":false,"footnotes":""},"class_list":["post-359","page","type-page","status-publish","has-post-thumbnail","hentry"],"acf":[],"yoast_head":"<!-- This site is optimized with the Yoast SEO plugin v24.7 - https:\/\/yoast.com\/wordpress\/plugins\/seo\/ -->\n<title>P\u00eache \u00e0 la mouche Saumon Atlantique, Truites Nunavik, Canada<\/title>\n<meta name=\"description\" content=\"P\u00eache \u00e0 la mouche pour saumon atlantique et truites mouchet\u00e9e \u00e0 l\u2019une des auberges les plus \u00e9loign\u00e9es en Am\u00e9rique du Nord.\" \/>\n<meta name=\"robots\" content=\"index, follow, max-snippet:-1, max-image-preview:large, max-video-preview:-1\" \/>\n<link rel=\"canonical\" href=\"https:\/\/wedgehillslodge.com\/fr\/peche-a-la-mouche\/\" \/>\n<meta property=\"og:locale\" content=\"fr_FR\" \/>\n<meta property=\"og:type\" content=\"article\" \/>\n<meta property=\"og:title\" content=\"P\u00eache \u00e0 la mouche Saumon Atlantique, Truites Nunavik, Canada\" \/>\n<meta property=\"og:description\" content=\"P\u00eache \u00e0 la mouche pour saumon atlantique et truites mouchet\u00e9e \u00e0 l\u2019une des auberges les plus \u00e9loign\u00e9es en Am\u00e9rique du Nord.\" \/>\n<meta property=\"og:url\" content=\"https:\/\/wedgehillslodge.com\/fr\/peche-a-la-mouche\/\" \/>\n<meta property=\"og:site_name\" content=\"Wedge Hills Lodge\" \/>\n<meta property=\"article:modified_time\" content=\"2025-10-30T16:38:38+00:00\" \/>\n<meta property=\"og:image\" content=\"https:\/\/wedgehillslodge.com\/wp-content\/uploads\/2019\/02\/welde-header.jpg\" \/>\n\t<meta property=\"og:image:width\" content=\"1920\" \/>\n\t<meta property=\"og:image:height\" content=\"740\" \/>\n\t<meta property=\"og:image:type\" content=\"image\/jpeg\" \/>\n<meta name=\"twitter:card\" content=\"summary_large_image\" \/>\n<meta name=\"twitter:label1\" content=\"Est. reading time\" \/>\n\t<meta name=\"twitter:data1\" content=\"1 minute\" \/>\n<script type=\"application\/ld+json\" class=\"yoast-schema-graph\">{\"@context\":\"https:\/\/schema.org\",\"@graph\":[{\"@type\":\"WebPage\",\"@id\":\"https:\/\/wedgehillslodge.com\/fr\/peche-a-la-mouche\/\",\"url\":\"https:\/\/wedgehillslodge.com\/fr\/peche-a-la-mouche\/\",\"name\":\"P\u00eache \u00e0 la mouche Saumon Atlantique, Truites Nunavik, Canada\",\"isPartOf\":{\"@id\":\"https:\/\/wedgehillslodge.com\/#website\"},\"primaryImageOfPage\":{\"@id\":\"https:\/\/wedgehillslodge.com\/fr\/peche-a-la-mouche\/#primaryimage\"},\"image\":{\"@id\":\"https:\/\/wedgehillslodge.com\/fr\/peche-a-la-mouche\/#primaryimage\"},\"thumbnailUrl\":\"https:\/\/wedgehillslodge.com\/wp-content\/uploads\/2019\/02\/welde-header.jpg\",\"datePublished\":\"2019-02-06T15:51:45+00:00\",\"dateModified\":\"2025-10-30T16:38:38+00:00\",\"description\":\"P\u00eache \u00e0 la mouche pour saumon atlantique et truites mouchet\u00e9e \u00e0 l\u2019une des auberges les plus \u00e9loign\u00e9es en Am\u00e9rique du Nord.\",\"breadcrumb\":{\"@id\":\"https:\/\/wedgehillslodge.com\/fr\/peche-a-la-mouche\/#breadcrumb\"},\"inLanguage\":\"fr-FR\",\"potentialAction\":[{\"@type\":\"ReadAction\",\"target\":[\"https:\/\/wedgehillslodge.com\/fr\/peche-a-la-mouche\/\"]}]},{\"@type\":\"ImageObject\",\"inLanguage\":\"fr-FR\",\"@id\":\"https:\/\/wedgehillslodge.com\/fr\/peche-a-la-mouche\/#primaryimage\",\"url\":\"https:\/\/wedgehillslodge.com\/wp-content\/uploads\/2019\/02\/welde-header.jpg\",\"contentUrl\":\"https:\/\/wedgehillslodge.com\/wp-content\/uploads\/2019\/02\/welde-header.jpg\",\"width\":1920,\"height\":740},{\"@type\":\"BreadcrumbList\",\"@id\":\"https:\/\/wedgehillslodge.com\/fr\/peche-a-la-mouche\/#breadcrumb\",\"itemListElement\":[{\"@type\":\"ListItem\",\"position\":1,\"name\":\"Home\",\"item\":\"https:\/\/wedgehillslodge.com\/fr\/\"},{\"@type\":\"ListItem\",\"position\":2,\"name\":\"P\u00eache \u00e0 la mouche\"}]},{\"@type\":\"WebSite\",\"@id\":\"https:\/\/wedgehillslodge.com\/#website\",\"url\":\"https:\/\/wedgehillslodge.com\/\",\"name\":\"Wedge Hills Lodge\",\"description\":\"Atlantic Salmon Fly Fishing trips in Nunavik, Canada - INUA\",\"potentialAction\":[{\"@type\":\"SearchAction\",\"target\":{\"@type\":\"EntryPoint\",\"urlTemplate\":\"https:\/\/wedgehillslodge.com\/?s={search_term_string}\"},\"query-input\":{\"@type\":\"PropertyValueSpecification\",\"valueRequired\":true,\"valueName\":\"search_term_string\"}}],\"inLanguage\":\"fr-FR\"}]}<\/script>\n<!-- \/ Yoast SEO plugin. -->","yoast_head_json":{"title":"P\u00eache \u00e0 la mouche Saumon Atlantique, Truites Nunavik, Canada","description":"P\u00eache \u00e0 la mouche pour saumon atlantique et truites mouchet\u00e9e \u00e0 l\u2019une des auberges les plus \u00e9loign\u00e9es en Am\u00e9rique du Nord.","robots":{"index":"index","follow":"follow","max-snippet":"max-snippet:-1","max-image-preview":"max-image-preview:large","max-video-preview":"max-video-preview:-1"},"canonical":"https:\/\/wedgehillslodge.com\/fr\/peche-a-la-mouche\/","og_locale":"fr_FR","og_type":"article","og_title":"P\u00eache \u00e0 la mouche Saumon Atlantique, Truites Nunavik, Canada","og_description":"P\u00eache \u00e0 la mouche pour saumon atlantique et truites mouchet\u00e9e \u00e0 l\u2019une des auberges les plus \u00e9loign\u00e9es en Am\u00e9rique du Nord.","og_url":"https:\/\/wedgehillslodge.com\/fr\/peche-a-la-mouche\/","og_site_name":"Wedge Hills Lodge","article_modified_time":"2025-10-30T16:38:38+00:00","og_image":[{"width":1920,"height":740,"url":"https:\/\/wedgehillslodge.com\/wp-content\/uploads\/2019\/02\/welde-header.jpg","type":"image\/jpeg"}],"twitter_card":"summary_large_image","twitter_misc":{"Est. reading time":"1 minute"},"schema":{"@context":"https:\/\/schema.org","@graph":[{"@type":"WebPage","@id":"https:\/\/wedgehillslodge.com\/fr\/peche-a-la-mouche\/","url":"https:\/\/wedgehillslodge.com\/fr\/peche-a-la-mouche\/","name":"P\u00eache \u00e0 la mouche Saumon Atlantique, Truites Nunavik, Canada","isPartOf":{"@id":"https:\/\/wedgehillslodge.com\/#website"},"primaryImageOfPage":{"@id":"https:\/\/wedgehillslodge.com\/fr\/peche-a-la-mouche\/#primaryimage"},"image":{"@id":"https:\/\/wedgehillslodge.com\/fr\/peche-a-la-mouche\/#primaryimage"},"thumbnailUrl":"https:\/\/wedgehillslodge.com\/wp-content\/uploads\/2019\/02\/welde-header.jpg","datePublished":"2019-02-06T15:51:45+00:00","dateModified":"2025-10-30T16:38:38+00:00","description":"P\u00eache \u00e0 la mouche pour saumon atlantique et truites mouchet\u00e9e \u00e0 l\u2019une des auberges les plus \u00e9loign\u00e9es en Am\u00e9rique du Nord.","breadcrumb":{"@id":"https:\/\/wedgehillslodge.com\/fr\/peche-a-la-mouche\/#breadcrumb"},"inLanguage":"fr-FR","potentialAction":[{"@type":"ReadAction","target":["https:\/\/wedgehillslodge.com\/fr\/peche-a-la-mouche\/"]}]},{"@type":"ImageObject","inLanguage":"fr-FR","@id":"https:\/\/wedgehillslodge.com\/fr\/peche-a-la-mouche\/#primaryimage","url":"https:\/\/wedgehillslodge.com\/wp-content\/uploads\/2019\/02\/welde-header.jpg","contentUrl":"https:\/\/wedgehillslodge.com\/wp-content\/uploads\/2019\/02\/welde-header.jpg","width":1920,"height":740},{"@type":"BreadcrumbList","@id":"https:\/\/wedgehillslodge.com\/fr\/peche-a-la-mouche\/#breadcrumb","itemListElement":[{"@type":"ListItem","position":1,"name":"Home","item":"https:\/\/wedgehillslodge.com\/fr\/"},{"@type":"ListItem","position":2,"name":"P\u00eache \u00e0 la mouche"}]},{"@type":"WebSite","@id":"https:\/\/wedgehillslodge.com\/#website","url":"https:\/\/wedgehillslodge.com\/","name":"Wedge Hills Lodge","description":"Atlantic Salmon Fly Fishing trips in Nunavik, Canada - INUA","potentialAction":[{"@type":"SearchAction","target":{"@type":"EntryPoint","urlTemplate":"https:\/\/wedgehillslodge.com\/?s={search_term_string}"},"query-input":{"@type":"PropertyValueSpecification","valueRequired":true,"valueName":"search_term_string"}}],"inLanguage":"fr-FR"}]}},"_links":{"self":[{"href":"https:\/\/wedgehillslodge.com\/fr\/wp-json\/wp\/v2\/pages\/359","targetHints":{"allow":["GET"]}}],"collection":[{"href":"https:\/\/wedgehillslodge.com\/fr\/wp-json\/wp\/v2\/pages"}],"about":[{"href":"https:\/\/wedgehillslodge.com\/fr\/wp-json\/wp\/v2\/types\/page"}],"author":[{"embeddable":true,"href":"https:\/\/wedgehillslodge.com\/fr\/wp-json\/wp\/v2\/users\/4"}],"replies":[{"embeddable":true,"href":"https:\/\/wedgehillslodge.com\/fr\/wp-json\/wp\/v2\/comments?post=359"}],"version-history":[{"count":48,"href":"https:\/\/wedgehillslodge.com\/fr\/wp-json\/wp\/v2\/pages\/359\/revisions"}],"predecessor-version":[{"id":10757,"href":"https:\/\/wedgehillslodge.com\/fr\/wp-json\/wp\/v2\/pages\/359\/revisions\/10757"}],"wp:featuredmedia":[{"embeddable":true,"href":"https:\/\/wedgehillslodge.com\/fr\/wp-json\/wp\/v2\/media\/335"}],"wp:attachment":[{"href":"https:\/\/wedgehillslodge.com\/fr\/wp-json\/wp\/v2\/media?parent=359"}],"curies":[{"name":"wp","href":"https:\/\/api.w.org\/{rel}","templated":true}]}}