{"id":3568,"date":"2020-04-02T10:49:32","date_gmt":"2020-04-02T14:49:32","guid":{"rendered":"https:\/\/wedgehillslodge.com\/?page_id=3568"},"modified":"2025-10-28T09:51:47","modified_gmt":"2025-10-28T13:51:47","slug":"forfait-truite-tout-inclus","status":"publish","type":"page","link":"https:\/\/wedgehillslodge.com\/fr\/forfaits\/forfait-truite-tout-inclus\/","title":{"rendered":"Truite"},"content":{"rendered":"<div class=\"wpb-content-wrapper\"><p>[vc_row][vc_column][vc_column_text]<\/p>\n<h1>Truite<\/h1>\n<p>[\/vc_column_text][\/vc_column][\/vc_row][vc_row][vc_column width=\"1\/2\"][vc_column_text css=\"\"][\/vc_column_text][vc_column_text css=\"\"]Vivez une exp\u00e9rience inoubliable de p\u00eache \u00e0 la truite sur la l\u00e9gendaire rivi\u00e8re George gr\u00e2ce \u00e0 notre forfait tout compris. D\u00e8s votre d\u00e9part de Montr\u00e9al, nous prenons en charge chaque d\u00e9tail : transport, h\u00e9bergement confortable en pleine nature, repas copieux, et excursions de p\u00eache guid\u00e9es sur les meilleurs secteurs de la rivi\u00e8re. Que vous soyez un passionn\u00e9 chevronn\u00e9 ou un amateur curieux, vous serez accompagn\u00e9 par des guides exp\u00e9riment\u00e9s qui connaissent chaque recoin de cette rivi\u00e8re mythique. Plongez dans un d\u00e9cor sauvage, p\u00eachez des truites mouchet\u00e9es de taille impressionnante, et laissez-vous porter par une aventure o\u00f9 tout est pens\u00e9 pour votre plaisir et votre tranquillit\u00e9 d\u2019esprit.<\/p>\n<p><strong>Esp\u00e8ces<\/strong>: Truite mouchet\u00e9e, touladi, char eau douce<\/p>\n<p><strong>\u00c9quipement<\/strong>: \u00c9quipement de p\u00eache \u00e0 la mouche seulement<\/p>\n<h3>Voyage de 8 jours: $8,100 CAD |$6,500 USD<\/h3>\n<h3>Voyages 2026<\/h3>\n<ul>\n<li>22 juillet \u2013 29 juillet<\/li>\n<li>29 juillet \u2013 5 ao\u00fbt<\/li>\n<li>5 ao\u00fbt - 12 ao\u00fbt<\/li>\n<\/ul>\n<p>[\/vc_column_text][vc_btn title=\"R\u00e9server maintenant\" link=\"url:https%3A%2F%2Fwedgehillslodge.com%2Ffr%2Freservation-voyage%2F%3Fmenu-951%3DForfait%2520Tout%2520Inclus|||\"][\/vc_column][vc_column width=\"1\/2\"][vc_gallery type=\"flexslider_slide\" interval=\"5\" images=\"10746,1151,6033,10742,2590,5849,1133,5819,5817,3571\" img_size=\"500x500\" onclick=\"img_link_large\" custom_links_target=\"_blank\" css=\"\"][\/vc_column][\/vc_row][vc_row el_class=\"inclusions\"][vc_column][vc_row_inner][vc_column_inner][vc_column_text]<\/p>\n<h2>Inclusions<\/h2>\n<p>[\/vc_column_text][\/vc_column_inner][\/vc_row_inner][vc_row_inner][vc_column_inner el_class=\"includes\" width=\"1\/2\"][vc_column_text css=\"\"]<strong>Inclus :<\/strong><\/p>\n<ul>\n<li data-start=\"25\" data-end=\"81\">\n<p data-start=\"27\" data-end=\"81\">Vol aller-retour entre Montr\u00e9al et Wedge Hills Lodge<\/p>\n<\/li>\n<li data-start=\"82\" data-end=\"130\">\n<p data-start=\"84\" data-end=\"130\">H\u00e9bergement en occupation double au pavillon<\/p>\n<\/li>\n<li data-start=\"131\" data-end=\"181\">\n<p data-start=\"133\" data-end=\"181\">6 jours et demi de p\u00eache sur la rivi\u00e8re George<\/p>\n<\/li>\n<li data-start=\"182\" data-end=\"280\">\n<p data-start=\"184\" data-end=\"280\">D\u00e9jeuners, d\u00eeners, hors-d\u2019\u0153uvre et collations pr\u00e9par\u00e9s par notre chef (incluant vin au souper)<\/p>\n<\/li>\n<li data-start=\"281\" data-end=\"364\">\n<p data-start=\"283\" data-end=\"364\">D\u00eener chaud cuisin\u00e9 par votre guide dans l\u2019un de nos gazebos en bord de rivi\u00e8re<\/p>\n<\/li>\n<li data-start=\"365\" data-end=\"410\">\n<p data-start=\"367\" data-end=\"410\">Un guide professionnel pour deux p\u00eacheurs<\/p>\n<\/li>\n<li data-start=\"411\" data-end=\"480\">\n<p data-start=\"413\" data-end=\"480\">Tous les permis de p\u00eache n\u00e9cessaires (remise \u00e0 l\u2019eau obligatoire)<\/p>\n<\/li>\n<li data-start=\"481\" data-end=\"540\">\n<p data-start=\"483\" data-end=\"540\">Carburant illimit\u00e9 pour les d\u00e9placements sur la rivi\u00e8re<\/p>\n<\/li>\n<li data-start=\"541\" data-end=\"573\">\n<p data-start=\"543\" data-end=\"573\">Wi-Fi disponible au pavillon<\/p>\n<\/li>\n<li data-start=\"574\" data-end=\"618\">\n<p data-start=\"576\" data-end=\"618\">Acc\u00e8s au salon et au spa chauff\u00e9 au bois<\/p>\n<\/li>\n<li data-start=\"619\" data-end=\"696\" data-is-last-node=\"\">\n<p data-start=\"621\" data-end=\"696\" data-is-last-node=\"\">Acc\u00e8s aux v\u00e9los \u00e9lectriques \u00e0 pneus surdimensionn\u00e9s (fat bikes) du pavillon<\/p>\n<\/li>\n<\/ul>\n<p>[\/vc_column_text][\/vc_column_inner][vc_column_inner el_class=\"excludes\" width=\"1\/2\"][vc_column_text]<\/p>\n<p class=\"title\"><strong>Non inclus :<\/strong><\/p>\n<ul>\n<li>Repas et h\u00e9bergement \u00e0 Montr\u00e9al<\/li>\n<li>Breuvages alcoolis\u00e9s (vin inclus avec souper)<\/li>\n<li>Pourboires<\/li>\n<li>taxes f\u00e9d\u00e9rales et provinciales (14,975%)<\/li>\n<\/ul>\n<p>[\/vc_column_text][\/vc_column_inner][\/vc_row_inner][\/vc_column][\/vc_row][vc_row full_width=\"stretch_row\" el_class=\"days-packages\"][vc_column][\/vc_column][\/vc_row]<\/p>\n<\/div>","protected":false},"excerpt":{"rendered":"<p>[vc_row][vc_column][vc_column_text] Truite [\/vc_column_text][\/vc_column][\/vc_row][vc_row][vc_column width=\"1\/2\"][vc_column_text css=\"\"][\/vc_column_text][vc_column_text css=\"\"]Vivez une exp\u00e9rience inoubliable de p\u00eache \u00e0 la truite sur la l\u00e9gendaire rivi\u00e8re George gr\u00e2ce \u00e0 notre forfait tout compris. D\u00e8s votre d\u00e9part de Montr\u00e9al, nous prenons en charge chaque d\u00e9tail : transport, h\u00e9bergement confortable en pleine nature, repas copieux, et excursions de p\u00eache guid\u00e9es sur les meilleurs secteurs de &hellip; <a href=\"https:\/\/wedgehillslodge.com\/fr\/forfaits\/forfait-truite-tout-inclus\/\">Continued<\/a><\/p>\n","protected":false},"author":4,"featured_media":2588,"parent":2196,"menu_order":0,"comment_status":"closed","ping_status":"closed","template":"templates\/page-no-template.php","meta":{"_acf_changed":false,"footnotes":""},"class_list":["post-3568","page","type-page","status-publish","has-post-thumbnail","hentry"],"acf":[],"yoast_head":"<!-- This site is optimized with the Yoast SEO plugin v24.7 - https:\/\/yoast.com\/wordpress\/plugins\/seo\/ -->\n<title>Forfait P\u00eache \u00e0 la Mouche Tout Inclus - Wedge Hills Lodge<\/title>\n<meta name=\"description\" content=\"Ce forfait convient \u00e0 ceux qui aiment voyager et p\u00eacher mais qui ont un horaire serr\u00e9.D\u00e9couvrer le Forfait P\u00eache \u00e0 la Mouche Tout Inclus.\" \/>\n<meta name=\"robots\" content=\"index, follow, max-snippet:-1, max-image-preview:large, max-video-preview:-1\" \/>\n<link rel=\"canonical\" href=\"https:\/\/wedgehillslodge.com\/fr\/forfaits\/forfait-truite-tout-inclus\/\" \/>\n<meta property=\"og:locale\" content=\"fr_FR\" \/>\n<meta property=\"og:type\" content=\"article\" \/>\n<meta property=\"og:title\" content=\"Forfait P\u00eache \u00e0 la Mouche Tout Inclus - Wedge Hills Lodge\" \/>\n<meta property=\"og:description\" content=\"Ce forfait convient \u00e0 ceux qui aiment voyager et p\u00eacher mais qui ont un horaire serr\u00e9.D\u00e9couvrer le Forfait P\u00eache \u00e0 la Mouche Tout Inclus.\" \/>\n<meta property=\"og:url\" content=\"https:\/\/wedgehillslodge.com\/fr\/forfaits\/forfait-truite-tout-inclus\/\" \/>\n<meta property=\"og:site_name\" content=\"Wedge Hills Lodge\" \/>\n<meta property=\"article:modified_time\" content=\"2025-10-28T13:51:47+00:00\" \/>\n<meta property=\"og:image\" content=\"https:\/\/wedgehillslodge.com\/wp-content\/uploads\/2020\/01\/flyfishing-inclusive-package-e1608321646568.jpg\" \/>\n\t<meta property=\"og:image:width\" content=\"1920\" \/>\n\t<meta property=\"og:image:height\" content=\"800\" \/>\n\t<meta property=\"og:image:type\" content=\"image\/jpeg\" \/>\n<meta name=\"twitter:card\" content=\"summary_large_image\" \/>\n<meta name=\"twitter:label1\" content=\"Est. reading time\" \/>\n\t<meta name=\"twitter:data1\" content=\"3 minutes\" \/>\n<script type=\"application\/ld+json\" class=\"yoast-schema-graph\">{\"@context\":\"https:\/\/schema.org\",\"@graph\":[{\"@type\":\"WebPage\",\"@id\":\"https:\/\/wedgehillslodge.com\/fr\/forfaits\/forfait-truite-tout-inclus\/\",\"url\":\"https:\/\/wedgehillslodge.com\/fr\/forfaits\/forfait-truite-tout-inclus\/\",\"name\":\"Forfait P\u00eache \u00e0 la Mouche Tout Inclus - Wedge Hills Lodge\",\"isPartOf\":{\"@id\":\"https:\/\/wedgehillslodge.com\/#website\"},\"primaryImageOfPage\":{\"@id\":\"https:\/\/wedgehillslodge.com\/fr\/forfaits\/forfait-truite-tout-inclus\/#primaryimage\"},\"image\":{\"@id\":\"https:\/\/wedgehillslodge.com\/fr\/forfaits\/forfait-truite-tout-inclus\/#primaryimage\"},\"thumbnailUrl\":\"https:\/\/wedgehillslodge.com\/wp-content\/uploads\/2020\/01\/flyfishing-inclusive-package-e1608321646568.jpg\",\"datePublished\":\"2020-04-02T14:49:32+00:00\",\"dateModified\":\"2025-10-28T13:51:47+00:00\",\"description\":\"Ce forfait convient \u00e0 ceux qui aiment voyager et p\u00eacher mais qui ont un horaire serr\u00e9.D\u00e9couvrer le Forfait P\u00eache \u00e0 la Mouche Tout Inclus.\",\"breadcrumb\":{\"@id\":\"https:\/\/wedgehillslodge.com\/fr\/forfaits\/forfait-truite-tout-inclus\/#breadcrumb\"},\"inLanguage\":\"fr-FR\",\"potentialAction\":[{\"@type\":\"ReadAction\",\"target\":[\"https:\/\/wedgehillslodge.com\/fr\/forfaits\/forfait-truite-tout-inclus\/\"]}]},{\"@type\":\"ImageObject\",\"inLanguage\":\"fr-FR\",\"@id\":\"https:\/\/wedgehillslodge.com\/fr\/forfaits\/forfait-truite-tout-inclus\/#primaryimage\",\"url\":\"https:\/\/wedgehillslodge.com\/wp-content\/uploads\/2020\/01\/flyfishing-inclusive-package-e1608321646568.jpg\",\"contentUrl\":\"https:\/\/wedgehillslodge.com\/wp-content\/uploads\/2020\/01\/flyfishing-inclusive-package-e1608321646568.jpg\",\"width\":1920,\"height\":800,\"caption\":\"P\u00eache \u00e0 la mouche\"},{\"@type\":\"BreadcrumbList\",\"@id\":\"https:\/\/wedgehillslodge.com\/fr\/forfaits\/forfait-truite-tout-inclus\/#breadcrumb\",\"itemListElement\":[{\"@type\":\"ListItem\",\"position\":1,\"name\":\"Home\",\"item\":\"https:\/\/wedgehillslodge.com\/fr\/\"},{\"@type\":\"ListItem\",\"position\":2,\"name\":\"Forfaits de P\u00eache\",\"item\":\"https:\/\/wedgehillslodge.com\/fr\/forfaits\/\"},{\"@type\":\"ListItem\",\"position\":3,\"name\":\"Truite\"}]},{\"@type\":\"WebSite\",\"@id\":\"https:\/\/wedgehillslodge.com\/#website\",\"url\":\"https:\/\/wedgehillslodge.com\/\",\"name\":\"Wedge Hills Lodge\",\"description\":\"Atlantic Salmon Fly Fishing trips in Nunavik, Canada - INUA\",\"potentialAction\":[{\"@type\":\"SearchAction\",\"target\":{\"@type\":\"EntryPoint\",\"urlTemplate\":\"https:\/\/wedgehillslodge.com\/?s={search_term_string}\"},\"query-input\":{\"@type\":\"PropertyValueSpecification\",\"valueRequired\":true,\"valueName\":\"search_term_string\"}}],\"inLanguage\":\"fr-FR\"}]}<\/script>\n<!-- \/ Yoast SEO plugin. -->","yoast_head_json":{"title":"Forfait P\u00eache \u00e0 la Mouche Tout Inclus - Wedge Hills Lodge","description":"Ce forfait convient \u00e0 ceux qui aiment voyager et p\u00eacher mais qui ont un horaire serr\u00e9.D\u00e9couvrer le Forfait P\u00eache \u00e0 la Mouche Tout Inclus.","robots":{"index":"index","follow":"follow","max-snippet":"max-snippet:-1","max-image-preview":"max-image-preview:large","max-video-preview":"max-video-preview:-1"},"canonical":"https:\/\/wedgehillslodge.com\/fr\/forfaits\/forfait-truite-tout-inclus\/","og_locale":"fr_FR","og_type":"article","og_title":"Forfait P\u00eache \u00e0 la Mouche Tout Inclus - Wedge Hills Lodge","og_description":"Ce forfait convient \u00e0 ceux qui aiment voyager et p\u00eacher mais qui ont un horaire serr\u00e9.D\u00e9couvrer le Forfait P\u00eache \u00e0 la Mouche Tout Inclus.","og_url":"https:\/\/wedgehillslodge.com\/fr\/forfaits\/forfait-truite-tout-inclus\/","og_site_name":"Wedge Hills Lodge","article_modified_time":"2025-10-28T13:51:47+00:00","og_image":[{"width":1920,"height":800,"url":"https:\/\/wedgehillslodge.com\/wp-content\/uploads\/2020\/01\/flyfishing-inclusive-package-e1608321646568.jpg","type":"image\/jpeg"}],"twitter_card":"summary_large_image","twitter_misc":{"Est. reading time":"3 minutes"},"schema":{"@context":"https:\/\/schema.org","@graph":[{"@type":"WebPage","@id":"https:\/\/wedgehillslodge.com\/fr\/forfaits\/forfait-truite-tout-inclus\/","url":"https:\/\/wedgehillslodge.com\/fr\/forfaits\/forfait-truite-tout-inclus\/","name":"Forfait P\u00eache \u00e0 la Mouche Tout Inclus - Wedge Hills Lodge","isPartOf":{"@id":"https:\/\/wedgehillslodge.com\/#website"},"primaryImageOfPage":{"@id":"https:\/\/wedgehillslodge.com\/fr\/forfaits\/forfait-truite-tout-inclus\/#primaryimage"},"image":{"@id":"https:\/\/wedgehillslodge.com\/fr\/forfaits\/forfait-truite-tout-inclus\/#primaryimage"},"thumbnailUrl":"https:\/\/wedgehillslodge.com\/wp-content\/uploads\/2020\/01\/flyfishing-inclusive-package-e1608321646568.jpg","datePublished":"2020-04-02T14:49:32+00:00","dateModified":"2025-10-28T13:51:47+00:00","description":"Ce forfait convient \u00e0 ceux qui aiment voyager et p\u00eacher mais qui ont un horaire serr\u00e9.D\u00e9couvrer le Forfait P\u00eache \u00e0 la Mouche Tout Inclus.","breadcrumb":{"@id":"https:\/\/wedgehillslodge.com\/fr\/forfaits\/forfait-truite-tout-inclus\/#breadcrumb"},"inLanguage":"fr-FR","potentialAction":[{"@type":"ReadAction","target":["https:\/\/wedgehillslodge.com\/fr\/forfaits\/forfait-truite-tout-inclus\/"]}]},{"@type":"ImageObject","inLanguage":"fr-FR","@id":"https:\/\/wedgehillslodge.com\/fr\/forfaits\/forfait-truite-tout-inclus\/#primaryimage","url":"https:\/\/wedgehillslodge.com\/wp-content\/uploads\/2020\/01\/flyfishing-inclusive-package-e1608321646568.jpg","contentUrl":"https:\/\/wedgehillslodge.com\/wp-content\/uploads\/2020\/01\/flyfishing-inclusive-package-e1608321646568.jpg","width":1920,"height":800,"caption":"P\u00eache \u00e0 la mouche"},{"@type":"BreadcrumbList","@id":"https:\/\/wedgehillslodge.com\/fr\/forfaits\/forfait-truite-tout-inclus\/#breadcrumb","itemListElement":[{"@type":"ListItem","position":1,"name":"Home","item":"https:\/\/wedgehillslodge.com\/fr\/"},{"@type":"ListItem","position":2,"name":"Forfaits de P\u00eache","item":"https:\/\/wedgehillslodge.com\/fr\/forfaits\/"},{"@type":"ListItem","position":3,"name":"Truite"}]},{"@type":"WebSite","@id":"https:\/\/wedgehillslodge.com\/#website","url":"https:\/\/wedgehillslodge.com\/","name":"Wedge Hills Lodge","description":"Atlantic Salmon Fly Fishing trips in Nunavik, Canada - INUA","potentialAction":[{"@type":"SearchAction","target":{"@type":"EntryPoint","urlTemplate":"https:\/\/wedgehillslodge.com\/?s={search_term_string}"},"query-input":{"@type":"PropertyValueSpecification","valueRequired":true,"valueName":"search_term_string"}}],"inLanguage":"fr-FR"}]}},"_links":{"self":[{"href":"https:\/\/wedgehillslodge.com\/fr\/wp-json\/wp\/v2\/pages\/3568","targetHints":{"allow":["GET"]}}],"collection":[{"href":"https:\/\/wedgehillslodge.com\/fr\/wp-json\/wp\/v2\/pages"}],"about":[{"href":"https:\/\/wedgehillslodge.com\/fr\/wp-json\/wp\/v2\/types\/page"}],"author":[{"embeddable":true,"href":"https:\/\/wedgehillslodge.com\/fr\/wp-json\/wp\/v2\/users\/4"}],"replies":[{"embeddable":true,"href":"https:\/\/wedgehillslodge.com\/fr\/wp-json\/wp\/v2\/comments?post=3568"}],"version-history":[{"count":22,"href":"https:\/\/wedgehillslodge.com\/fr\/wp-json\/wp\/v2\/pages\/3568\/revisions"}],"predecessor-version":[{"id":10754,"href":"https:\/\/wedgehillslodge.com\/fr\/wp-json\/wp\/v2\/pages\/3568\/revisions\/10754"}],"up":[{"embeddable":true,"href":"https:\/\/wedgehillslodge.com\/fr\/wp-json\/wp\/v2\/pages\/2196"}],"wp:featuredmedia":[{"embeddable":true,"href":"https:\/\/wedgehillslodge.com\/fr\/wp-json\/wp\/v2\/media\/2588"}],"wp:attachment":[{"href":"https:\/\/wedgehillslodge.com\/fr\/wp-json\/wp\/v2\/media?parent=3568"}],"curies":[{"name":"wp","href":"https:\/\/api.w.org\/{rel}","templated":true}]}}