{"id":3351,"date":"2020-03-11T15:48:41","date_gmt":"2020-03-11T19:48:41","guid":{"rendered":"https:\/\/wedgehillslodge.com\/?page_id=3351"},"modified":"2020-11-17T10:40:29","modified_gmt":"2020-11-17T15:40:29","slug":"circuits-dobservation-dours-sur-la-riviere-george","status":"publish","type":"page","link":"https:\/\/wedgehillslodge.com\/fr\/circuits\/faune-et-nature\/circuits-dobservation-dours-sur-la-riviere-george\/","title":{"rendered":"Circuits d'Observation d\u2019Ours sur la Rivi\u00e8re George"},"content":{"rendered":"<div class=\"wpb-content-wrapper\"><p>[vc_row][vc_column][vc_column_text]<\/p>\n<h1><strong>Circuits d'Observation d\u2019Ours sur la Rivi\u00e8re George<\/strong><\/h1>\n<p>[\/vc_column_text][\/vc_column][\/vc_row][vc_row][vc_column width=\"1\/2\"][vc_column_text]Apprenez \u00e0 conna\u00eetre l\u2019ours noir lors de cette excursion de photographie animali\u00e8re d\u2019un jour (1) dans la vall\u00e9e de la rivi\u00e8re George.<\/p>\n<p>La vall\u00e9e de la George est r\u00e9put\u00e9e pour sa grande concentration d\u2019ours noirs et est un des meilleurs endroits sur la P\u00e9ninsule d\u2019Or pour les observer \u00e0 l\u2019automne au moment qu\u2019ils se gavent de baies. Bien qu\u2019il ne soit pas rare de voir 10 \u00e0 15 ours sur la rivi\u00e8re en une seule journ\u00e9e d\u2019automne, on peut \u00e9galement les observer en juin et juillet alors qu\u2019ils se nourrissent d\u2019herbes fraiches.<\/p>\n<p>Votre aventure commence \u00e0 Wedge Hills Lodge \u00e0 08: 30 lorsqu\u2019en compagnie de votre guide vous monterez \u00e0 bord d'un super jet-boat et partez en excursion sur la fameuse rivi\u00e8re George. En naviguant sur la rivi\u00e8re, d\u00e8s les premiers kilom\u00e8tres vous verrez des ours noirs dans les clairi\u00e8res, le long du rivage et sur le flanc d\u00e9nud\u00e9 des montagnes. En chemin, gardez l\u2019\u0153il bien ouvert pour les loups et les caribous qui parfois longent les berges et traversent la rivi\u00e8re.<\/p>\n<p>Accompagn\u00e9 d\u2019un guide naturaliste exp\u00e9riment\u00e9 de \u00abCircuit P\u00e9ninsule d\u2019Or\u00bb, et d\u2019un photographe animalier professionnel, vous ferez halte dans les endroits o\u00f9 vivent les ours noirs et ferez des randonn\u00e9es pour les approcher et observer leurs comportements sans les d\u00e9ranger.<\/p>\n<p>Situ\u00e9 \u00e0 la crois\u00e9e de la toundra arctique et subarctique dans l\u2019extr\u00eame nord du Qu\u00e9bec Arctique, puis bord\u00e9 \u00e0 l\u2019Est par la chaine des monts Torngat, la vall\u00e9e de la rivi\u00e8re Georges est entour\u00e9e de magnifiques paysages pittoresques de montagnes, de canyons, de gorges et de cascades.<\/p>\n<p>Tous les photographes et amants de la nature qui souhaitent voir des ours dans leurs habitat naturel seront ravis par cette excursion passionnante.[\/vc_column_text][\/vc_column][vc_column width=\"1\/2\"][vc_gallery type=\"flexslider_slide\" interval=\"3\" images=\"3366,3364,3362,3360,3358,3354\" img_size=\"600x300\" onclick=\"img_link_large\" el_class=\"tour-slider\" css=\".vc_custom_1605627498039{margin-top: 20px !important;}\"][vc_btn title=\"R\u00c9SERVER MAINTENANT\" link=\"url:https%3A%2F%2Fwedgehillslodge.com%2Ffr%2Freservez-votre-voyage%2F%3Fmenu-951%3DQuand%2520la%2520nature%2520s'%25C3%25A9veille%2520dans%2520les%2520Monts%2520Torngat|title:R%C3%A9servez%20votre%20voyage||\"][\/vc_column][\/vc_row][vc_row][vc_column][\/vc_column][\/vc_row]<\/p>\n<\/div>","protected":false},"excerpt":{"rendered":"<p>[vc_row][vc_column][vc_column_text] Circuits d'Observation d\u2019Ours sur la Rivi\u00e8re George [\/vc_column_text][\/vc_column][\/vc_row][vc_row][vc_column width=\"1\/2\"][vc_column_text]Apprenez \u00e0 conna\u00eetre l\u2019ours noir lors de cette excursion de photographie animali\u00e8re d\u2019un jour (1) dans la vall\u00e9e de la rivi\u00e8re George. La vall\u00e9e de la George est r\u00e9put\u00e9e pour sa grande concentration d\u2019ours noirs et est un des meilleurs endroits sur la P\u00e9ninsule d\u2019Or pour &hellip; <a href=\"https:\/\/wedgehillslodge.com\/fr\/circuits\/faune-et-nature\/circuits-dobservation-dours-sur-la-riviere-george\/\">Continued<\/a><\/p>\n","protected":false},"author":4,"featured_media":3337,"parent":1400,"menu_order":0,"comment_status":"closed","ping_status":"closed","template":"templates\/page-sub-tours.php","meta":{"_acf_changed":false,"footnotes":""},"class_list":["post-3351","page","type-page","status-publish","has-post-thumbnail","hentry"],"acf":[],"yoast_head":"<!-- This site is optimized with the Yoast SEO plugin v24.7 - https:\/\/yoast.com\/wordpress\/plugins\/seo\/ -->\n<title>Circuits d&#039;Observation d\u2019Ours sur la Rivi\u00e8re George<\/title>\n<meta name=\"description\" content=\"Apprenez \u00e0 conna\u00eetre l\u2019ours noir lors de cette excursion de photographie animali\u00e8re d\u2019un jour (1) dans la vall\u00e9e de la rivi\u00e8re George.\" \/>\n<meta name=\"robots\" content=\"index, follow, max-snippet:-1, max-image-preview:large, max-video-preview:-1\" \/>\n<link rel=\"canonical\" href=\"https:\/\/wedgehillslodge.com\/fr\/circuits\/faune-et-nature\/circuits-dobservation-dours-sur-la-riviere-george\/\" \/>\n<meta property=\"og:locale\" content=\"fr_FR\" \/>\n<meta property=\"og:type\" content=\"article\" \/>\n<meta property=\"og:title\" content=\"Circuits d&#039;Observation d\u2019Ours sur la Rivi\u00e8re George\" \/>\n<meta property=\"og:description\" content=\"Apprenez \u00e0 conna\u00eetre l\u2019ours noir lors de cette excursion de photographie animali\u00e8re d\u2019un jour (1) dans la vall\u00e9e de la rivi\u00e8re George.\" \/>\n<meta property=\"og:url\" content=\"https:\/\/wedgehillslodge.com\/fr\/circuits\/faune-et-nature\/circuits-dobservation-dours-sur-la-riviere-george\/\" \/>\n<meta property=\"og:site_name\" content=\"Wedge Hills Lodge\" \/>\n<meta property=\"article:modified_time\" content=\"2020-11-17T15:40:29+00:00\" \/>\n<meta property=\"og:image\" content=\"https:\/\/wedgehillslodge.com\/wp-content\/uploads\/2020\/03\/Black-Bears-Photo-Safari-1024x398.png\" \/>\n\t<meta property=\"og:image:width\" content=\"1024\" \/>\n\t<meta property=\"og:image:height\" content=\"398\" \/>\n\t<meta property=\"og:image:type\" content=\"image\/png\" \/>\n<meta name=\"twitter:card\" content=\"summary_large_image\" \/>\n<meta name=\"twitter:label1\" content=\"Est. reading time\" \/>\n\t<meta name=\"twitter:data1\" content=\"2 minutes\" \/>\n<script type=\"application\/ld+json\" class=\"yoast-schema-graph\">{\"@context\":\"https:\/\/schema.org\",\"@graph\":[{\"@type\":\"WebPage\",\"@id\":\"https:\/\/wedgehillslodge.com\/fr\/circuits\/faune-et-nature\/circuits-dobservation-dours-sur-la-riviere-george\/\",\"url\":\"https:\/\/wedgehillslodge.com\/fr\/circuits\/faune-et-nature\/circuits-dobservation-dours-sur-la-riviere-george\/\",\"name\":\"Circuits d'Observation d\u2019Ours sur la Rivi\u00e8re George\",\"isPartOf\":{\"@id\":\"https:\/\/wedgehillslodge.com\/#website\"},\"primaryImageOfPage\":{\"@id\":\"https:\/\/wedgehillslodge.com\/fr\/circuits\/faune-et-nature\/circuits-dobservation-dours-sur-la-riviere-george\/#primaryimage\"},\"image\":{\"@id\":\"https:\/\/wedgehillslodge.com\/fr\/circuits\/faune-et-nature\/circuits-dobservation-dours-sur-la-riviere-george\/#primaryimage\"},\"thumbnailUrl\":\"https:\/\/wedgehillslodge.com\/wp-content\/uploads\/2020\/03\/Black-Bears-Photo-Safari.png\",\"datePublished\":\"2020-03-11T19:48:41+00:00\",\"dateModified\":\"2020-11-17T15:40:29+00:00\",\"description\":\"Apprenez \u00e0 conna\u00eetre l\u2019ours noir lors de cette excursion de photographie animali\u00e8re d\u2019un jour (1) dans la vall\u00e9e de la rivi\u00e8re George.\",\"breadcrumb\":{\"@id\":\"https:\/\/wedgehillslodge.com\/fr\/circuits\/faune-et-nature\/circuits-dobservation-dours-sur-la-riviere-george\/#breadcrumb\"},\"inLanguage\":\"fr-FR\",\"potentialAction\":[{\"@type\":\"ReadAction\",\"target\":[\"https:\/\/wedgehillslodge.com\/fr\/circuits\/faune-et-nature\/circuits-dobservation-dours-sur-la-riviere-george\/\"]}]},{\"@type\":\"ImageObject\",\"inLanguage\":\"fr-FR\",\"@id\":\"https:\/\/wedgehillslodge.com\/fr\/circuits\/faune-et-nature\/circuits-dobservation-dours-sur-la-riviere-george\/#primaryimage\",\"url\":\"https:\/\/wedgehillslodge.com\/wp-content\/uploads\/2020\/03\/Black-Bears-Photo-Safari.png\",\"contentUrl\":\"https:\/\/wedgehillslodge.com\/wp-content\/uploads\/2020\/03\/Black-Bears-Photo-Safari.png\",\"width\":2560,\"height\":995},{\"@type\":\"BreadcrumbList\",\"@id\":\"https:\/\/wedgehillslodge.com\/fr\/circuits\/faune-et-nature\/circuits-dobservation-dours-sur-la-riviere-george\/#breadcrumb\",\"itemListElement\":[{\"@type\":\"ListItem\",\"position\":1,\"name\":\"Home\",\"item\":\"https:\/\/wedgehillslodge.com\/fr\/\"},{\"@type\":\"ListItem\",\"position\":2,\"name\":\"Circuits\",\"item\":\"https:\/\/wedgehillslodge.com\/fr\/circuits\/\"},{\"@type\":\"ListItem\",\"position\":3,\"name\":\"Faune et Nature\",\"item\":\"https:\/\/wedgehillslodge.com\/fr\/circuits\/faune-et-nature\/\"},{\"@type\":\"ListItem\",\"position\":4,\"name\":\"Circuits d'Observation d\u2019Ours sur la Rivi\u00e8re George\"}]},{\"@type\":\"WebSite\",\"@id\":\"https:\/\/wedgehillslodge.com\/#website\",\"url\":\"https:\/\/wedgehillslodge.com\/\",\"name\":\"Wedge Hills Lodge\",\"description\":\"Atlantic Salmon Fly Fishing trips in Nunavik, Canada - INUA\",\"potentialAction\":[{\"@type\":\"SearchAction\",\"target\":{\"@type\":\"EntryPoint\",\"urlTemplate\":\"https:\/\/wedgehillslodge.com\/?s={search_term_string}\"},\"query-input\":{\"@type\":\"PropertyValueSpecification\",\"valueRequired\":true,\"valueName\":\"search_term_string\"}}],\"inLanguage\":\"fr-FR\"}]}<\/script>\n<!-- \/ Yoast SEO plugin. -->","yoast_head_json":{"title":"Circuits d'Observation d\u2019Ours sur la Rivi\u00e8re George","description":"Apprenez \u00e0 conna\u00eetre l\u2019ours noir lors de cette excursion de photographie animali\u00e8re d\u2019un jour (1) dans la vall\u00e9e de la rivi\u00e8re George.","robots":{"index":"index","follow":"follow","max-snippet":"max-snippet:-1","max-image-preview":"max-image-preview:large","max-video-preview":"max-video-preview:-1"},"canonical":"https:\/\/wedgehillslodge.com\/fr\/circuits\/faune-et-nature\/circuits-dobservation-dours-sur-la-riviere-george\/","og_locale":"fr_FR","og_type":"article","og_title":"Circuits d'Observation d\u2019Ours sur la Rivi\u00e8re George","og_description":"Apprenez \u00e0 conna\u00eetre l\u2019ours noir lors de cette excursion de photographie animali\u00e8re d\u2019un jour (1) dans la vall\u00e9e de la rivi\u00e8re George.","og_url":"https:\/\/wedgehillslodge.com\/fr\/circuits\/faune-et-nature\/circuits-dobservation-dours-sur-la-riviere-george\/","og_site_name":"Wedge Hills Lodge","article_modified_time":"2020-11-17T15:40:29+00:00","og_image":[{"width":1024,"height":398,"url":"https:\/\/wedgehillslodge.com\/wp-content\/uploads\/2020\/03\/Black-Bears-Photo-Safari-1024x398.png","type":"image\/png"}],"twitter_card":"summary_large_image","twitter_misc":{"Est. reading time":"2 minutes"},"schema":{"@context":"https:\/\/schema.org","@graph":[{"@type":"WebPage","@id":"https:\/\/wedgehillslodge.com\/fr\/circuits\/faune-et-nature\/circuits-dobservation-dours-sur-la-riviere-george\/","url":"https:\/\/wedgehillslodge.com\/fr\/circuits\/faune-et-nature\/circuits-dobservation-dours-sur-la-riviere-george\/","name":"Circuits d'Observation d\u2019Ours sur la Rivi\u00e8re George","isPartOf":{"@id":"https:\/\/wedgehillslodge.com\/#website"},"primaryImageOfPage":{"@id":"https:\/\/wedgehillslodge.com\/fr\/circuits\/faune-et-nature\/circuits-dobservation-dours-sur-la-riviere-george\/#primaryimage"},"image":{"@id":"https:\/\/wedgehillslodge.com\/fr\/circuits\/faune-et-nature\/circuits-dobservation-dours-sur-la-riviere-george\/#primaryimage"},"thumbnailUrl":"https:\/\/wedgehillslodge.com\/wp-content\/uploads\/2020\/03\/Black-Bears-Photo-Safari.png","datePublished":"2020-03-11T19:48:41+00:00","dateModified":"2020-11-17T15:40:29+00:00","description":"Apprenez \u00e0 conna\u00eetre l\u2019ours noir lors de cette excursion de photographie animali\u00e8re d\u2019un jour (1) dans la vall\u00e9e de la rivi\u00e8re George.","breadcrumb":{"@id":"https:\/\/wedgehillslodge.com\/fr\/circuits\/faune-et-nature\/circuits-dobservation-dours-sur-la-riviere-george\/#breadcrumb"},"inLanguage":"fr-FR","potentialAction":[{"@type":"ReadAction","target":["https:\/\/wedgehillslodge.com\/fr\/circuits\/faune-et-nature\/circuits-dobservation-dours-sur-la-riviere-george\/"]}]},{"@type":"ImageObject","inLanguage":"fr-FR","@id":"https:\/\/wedgehillslodge.com\/fr\/circuits\/faune-et-nature\/circuits-dobservation-dours-sur-la-riviere-george\/#primaryimage","url":"https:\/\/wedgehillslodge.com\/wp-content\/uploads\/2020\/03\/Black-Bears-Photo-Safari.png","contentUrl":"https:\/\/wedgehillslodge.com\/wp-content\/uploads\/2020\/03\/Black-Bears-Photo-Safari.png","width":2560,"height":995},{"@type":"BreadcrumbList","@id":"https:\/\/wedgehillslodge.com\/fr\/circuits\/faune-et-nature\/circuits-dobservation-dours-sur-la-riviere-george\/#breadcrumb","itemListElement":[{"@type":"ListItem","position":1,"name":"Home","item":"https:\/\/wedgehillslodge.com\/fr\/"},{"@type":"ListItem","position":2,"name":"Circuits","item":"https:\/\/wedgehillslodge.com\/fr\/circuits\/"},{"@type":"ListItem","position":3,"name":"Faune et Nature","item":"https:\/\/wedgehillslodge.com\/fr\/circuits\/faune-et-nature\/"},{"@type":"ListItem","position":4,"name":"Circuits d'Observation d\u2019Ours sur la Rivi\u00e8re George"}]},{"@type":"WebSite","@id":"https:\/\/wedgehillslodge.com\/#website","url":"https:\/\/wedgehillslodge.com\/","name":"Wedge Hills Lodge","description":"Atlantic Salmon Fly Fishing trips in Nunavik, Canada - INUA","potentialAction":[{"@type":"SearchAction","target":{"@type":"EntryPoint","urlTemplate":"https:\/\/wedgehillslodge.com\/?s={search_term_string}"},"query-input":{"@type":"PropertyValueSpecification","valueRequired":true,"valueName":"search_term_string"}}],"inLanguage":"fr-FR"}]}},"_links":{"self":[{"href":"https:\/\/wedgehillslodge.com\/fr\/wp-json\/wp\/v2\/pages\/3351","targetHints":{"allow":["GET"]}}],"collection":[{"href":"https:\/\/wedgehillslodge.com\/fr\/wp-json\/wp\/v2\/pages"}],"about":[{"href":"https:\/\/wedgehillslodge.com\/fr\/wp-json\/wp\/v2\/types\/page"}],"author":[{"embeddable":true,"href":"https:\/\/wedgehillslodge.com\/fr\/wp-json\/wp\/v2\/users\/4"}],"replies":[{"embeddable":true,"href":"https:\/\/wedgehillslodge.com\/fr\/wp-json\/wp\/v2\/comments?post=3351"}],"version-history":[{"count":7,"href":"https:\/\/wedgehillslodge.com\/fr\/wp-json\/wp\/v2\/pages\/3351\/revisions"}],"predecessor-version":[{"id":4169,"href":"https:\/\/wedgehillslodge.com\/fr\/wp-json\/wp\/v2\/pages\/3351\/revisions\/4169"}],"up":[{"embeddable":true,"href":"https:\/\/wedgehillslodge.com\/fr\/wp-json\/wp\/v2\/pages\/1400"}],"wp:featuredmedia":[{"embeddable":true,"href":"https:\/\/wedgehillslodge.com\/fr\/wp-json\/wp\/v2\/media\/3337"}],"wp:attachment":[{"href":"https:\/\/wedgehillslodge.com\/fr\/wp-json\/wp\/v2\/media?parent=3351"}],"curies":[{"name":"wp","href":"https:\/\/api.w.org\/{rel}","templated":true}]}}