{"id":3301,"date":"2020-03-04T15:08:37","date_gmt":"2020-03-04T20:08:37","guid":{"rendered":"https:\/\/wedgehillslodge.com\/?page_id=3301"},"modified":"2020-03-11T15:02:14","modified_gmt":"2020-03-11T19:02:14","slug":"ours-polaires-et-icebergs-au-labrador-safari-photo","status":"publish","type":"page","link":"https:\/\/wedgehillslodge.com\/fr\/circuits\/faune-et-nature\/ours-polaires-et-icebergs-au-labrador-safari-photo\/","title":{"rendered":"Ours Polaires et Icebergs au Labrador \u2013 Safari Photo"},"content":{"rendered":"<div class=\"wpb-content-wrapper\"><p>[vc_row][vc_column][vc_column_text]<\/p>\n<h2>Ours Polaires et Icebergs au Labrador \u2013 Safari Photo<\/h2>\n<p>[\/vc_column_text][\/vc_column][\/vc_row][vc_row][vc_column width=\"1\/2\"][vc_column_text]Vous r\u00eavez de voir et de photographier des ours polaires, des icebergs et de d\u00e9couvrir les paysages grandioses de la c\u00f4te du Labrador?<\/p>\n<p>Rejoignez ce voyage d\u2019une semaine dans le nord du Labrador avec ce circuit guid\u00e9 de 7 jours \/ 6 nuits et rapportez des images saisissantes qui font le bonheur des photographes de paysages polaires.<\/p>\n<p>Avec ce voyage accompagn\u00e9 d\u2019un guide naturaliste exp\u00e9riment\u00e9 de \u00ab Circuit P\u00e9ninsule d\u2019Or \u00bb, et d\u2019un photographe animalier professionnel bien connu en France, vous visitez une des plus belles r\u00e9gions c\u00f4ti\u00e8res du Canada.<\/p>\n<p>Les d\u00e9placements en hydravion et en h\u00e9licopt\u00e8re \u00e0 travers les icebergs, les fjords et les montagnes du nord du Labrador vous permettront de capter les plus beaux paysages, et les arr\u00eats en bordure de mer d\u2019observer l\u2019ours polaire dans son habitat naturel.<\/p>\n<p>Ce s\u00e9jour plaira aussi aux voyageurs d\u00e9sireux de d\u00e9couvrir les plus beaux sites naturels et paysages grandioses de la Cordill\u00e8re Arctique tout en se concentrant sur les ours polaires et les icebergs.<\/p>\n<p>Pour rendre ce voyage encore plus extraordinaire, vous avez la possibilit\u00e9 d\u2019agr\u00e9menter vos journ\u00e9es avec diff\u00e9rentes sorties d\u2019aventures que nous vous proposons \u00e0 prix r\u00e9duit si vous les r\u00e9servez au moment de votre r\u00e9servation.<\/p>\n<p>Vous pouvez choisir d\u2019ajouter une nuit\u00e9e en bivouac dans une ancienne vall\u00e9e glaciaire dans les Monts Torngat, une excursion en fat-bike dans la Vall\u00e9e du D\u00e9sert de Moraine ou encore une douce descente de rivi\u00e8re en pneumatique vers un fjord pour tenter de d\u00e9busquer la faune sauvage. Combinez ces activit\u00e9s et d\u00e9couvrirez les paysages, la faune et la flore arctique comme vous ne l\u2019avez jamais fait auparavant.<\/p>\n<p>Il vous est \u00e9galement remis un billet d\u2019acc\u00e8s en h\u00e9licopt\u00e8re ou en hydravion \u00e0 la Rivi\u00e8re de Glace. Accompagn\u00e9 de votre guide, vous ferez une balade pour d\u00e9couvrir de magnifiques crevasses dans la glace et parfois m\u00eame des grottes et tunnels aux incroyables teintes d\u2019aqua, bleu et de blanc glac\u00e9.<\/p>\n<p>Pour vous garantir une exp\u00e9rience compl\u00e8te, les excursions sont r\u00e9alis\u00e9es en petit groupe de 8 personnes maximum et en tout temps avec un guide priv\u00e9 et son \u00e9quipe qui s\u2019occupe de vous faire d\u00e9couvrir les meilleurs endroits et vivre les plus belles exp\u00e9riences. Une fois votre forfait r\u00e9serv\u00e9, nous pr\u00e9parons votre voyage puis nous vous enverrons par la suite vos documents de voyage par courriel.[\/vc_column_text][\/vc_column][vc_column width=\"1\/2\"][vc_gallery type=\"nivo\" interval=\"3\" images=\"3304,3312,3310,3308,3306,2947\" img_size=\"large\" el_class=\"tour-slider\" css=\".vc_custom_1583351655983{margin-top: 20px !important;}\"][vc_btn title=\"R\u00c9SERVER MAINTENANT\" link=\"url:https%3A%2F%2Fwedgehillslodge.com%2Ffr%2Freservez-votre-voyage%2F%3Fmenu-951%3DQuand%2520la%2520nature%2520s'%25C3%25A9veille%2520dans%2520les%2520Monts%2520Torngat|title:R%C3%A9servez%20votre%20voyage||\"][\/vc_column][\/vc_row][vc_row][vc_column][vc_column_text]<\/p>\n<h2 style=\"text-align: center;\">Points Forts du Circuit<\/h2>\n<p style=\"text-align: center;\">Survolez chaque image pour en savoir plus<\/p>\n<p>[\/vc_column_text][\/vc_column][\/vc_row][vc_row][vc_column width=\"1\/3\"][vc_hoverbox image=\"2945\" primary_title=\"\" hover_title=\"L'ours Polaire\"]Au cours de cette excursion nous tenterons de d\u00e9busquer des ours polaires en bordure de mer. La probabilit\u00e9 de croiser le plus grand carnivore terrestre au monde est forte. Apr\u00e8s tout, la p\u00e9ninsule Qu\u00e9bec-Labrador abrite plus d\u2019ours polaires que d\u2019habitants.<\/p>\n<p>La particularit\u00e9 des ours polaire sur la P\u00e9ninsule d\u2019Or, c\u2019est qu\u2019ils ont l\u2019habitude de p\u00eacher les ombles chevaliers migrateurs dans les rivi\u00e8res en bordure de mer. Au cours du printemps de l\u2019\u00e9t\u00e9 et de l\u2019automne, les ours de cette r\u00e9gion ont tendance \u00e0 trainer pr\u00e8s de ces rivi\u00e8res et c\u2019est pr\u00e9cis\u00e9ment ces endroits que nous ciblons au cours de ce voyage.<\/p>\n<p>En plus des ours polaires, cette r\u00e9gion abrite des phoques, des morses et une forte densit\u00e9 d\u2019oiseaux de mer comme le Garrot d\u2019Islande, le Petit Pingouin et la Mouette Tridactyle.[\/vc_hoverbox][\/vc_column][vc_column width=\"1\/3\"][vc_hoverbox image=\"2947\" primary_title=\"\" hover_title=\"Les Icebergs\"]Un des meilleurs endroits au monde pour voir des icebergs est dans le Couloir des Icebergs au Labrador.\u00a0 C\u2019est au d\u00e9but de l\u2019\u00e9t\u00e9 que des milliers d\u2019icebergs d\u00e9rivent lentement dans les eaux de la Mer du Labrador. Le Couloir des Icebergs \/ Iceberg Alley se transforme alors en une mer polaire glac\u00e9e aux allures \u00e9tonnantes.<\/p>\n<p>Pour admirer les icebergs dans leur beaut\u00e9 la plus totale, nous les survolerons \u00e0 basse altitude et ferons des arr\u00eats au bord de la mer. Vous pouvez vous asseoir et relaxer au bord de la mer et contempler le spectacle. Il arrive parfois d\u2019apercevoir des phoques jouant entre les icebergs.<\/p>\n<p>De pr\u00e8s comme de loin, le spectacle des icebergs est une exp\u00e9rience qui ravit toujours les photographes et amants de la nature.\u00a0 Cette journ\u00e9e de chasse aux icebergs est couramment synonyme de rencontres impr\u00e9visibles avec la faune du Labrador \u2013 des ours polaires, des phoques, des morses, rorquals \u00e0 bosse ainsi que des oiseaux.[\/vc_hoverbox][\/vc_column][vc_column width=\"1\/3\"][vc_hoverbox image=\"2923\" primary_title=\"\" hover_title=\"Le Fjord d'Hebron\"]Situ\u00e9 au fond du 2 i\u00e8me plus grands fjords de la c\u00f4te du Labrador, le fjord int\u00e9rieur H\u00e9bron \/ Hebron Fjord Lake, est le plus grand fjord int\u00e9rieur d\u2019eau douce du Labrador. C\u2019est vraiment un tr\u00e8s beau fjord, au fond duquel vous pouvez admirer la plus haute cascade de la province. La cascade Hebron Lake est le double plus haut que la Tour Eiffel, elle fait plus de 720 m\u00e8tres de hauteur.\u00a0 Avec son relief sculpt\u00e9 par les glaciers, sa faune vari\u00e9e et ses splendides cascades d\u2019eau, Hebron Fjord Lake \u00e0 lui seul en vaut le d\u00e9tour.<\/p>\n<p>Il existe des sentiers de randonn\u00e9e exceptionnels dans cette r\u00e9gion. Par exemple, vous pouvez faire de la randonn\u00e9e sur la cr\u00eate nord, au fond de la vall\u00e9e glaciaire, le long de la Gorge d\u2019H\u00e9bron et du packraft sur la Rivi\u00e8re H\u00e9bron qui m\u00e8ne au lac d\u2019eau douce d\u2019H\u00e9bron. Cette zone de randonn\u00e9e fait partie du Sentier de la Cr\u00eate Nord \/ North Ridge Trail. C\u2019est le no. 1 sur notre liste des meilleurs sentiers de randonn\u00e9e au Labrador![\/vc_hoverbox][\/vc_column][\/vc_row][vc_row][vc_column][vc_empty_space][\/vc_column][\/vc_row][vc_row][vc_column width=\"1\/3\"][vc_hoverbox image=\"1462\" primary_title=\"\" hover_title=\"La Rivi\u00e8re de Glace\"]Soyez pr\u00eats pour une randonn\u00e9e sur une rivi\u00e8re aux allures de langue de glace. Ce qui est particulier avec la Rivi\u00e8re de Glace, c\u2019est qu\u2019elle ne d\u00e9g\u00e8le pratiquement jamais pendant le court \u00e9t\u00e9 arctique.<\/p>\n<p>D\u00e8s le d\u00e9but de d\u2019hiver, son lit g\u00e8le compl\u00e8tement, ce qui force l\u2019eau \u00e0 s\u2019\u00e9couler \u00e0 la surface et \u00e0 former d\u2019\u00e9paisses couches de glaces. Au printemps la crue des eaux sculpte de magnifiques crevasses dans la glace et parfois m\u00eame des grottes et tunnels de glaces naturelles.<\/p>\n<p>Durant la randonn\u00e9e sur la Rivi\u00e8re de Glace, vous profitez du paysage et vagabondez au milieu des crevasses de glace aux teintes d\u2019aqua, bleu et de blanc.<\/p>\n<p>Une randonn\u00e9e \u00e0 pied ou en fat-bike sur la Rivi\u00e8re de Glace est une exp\u00e9rience fascinante et n\u2019est pas sans rappeler les paysages glaciaires que l\u2019on retrouve dans les hauts sommets des monts Torngat.[\/vc_hoverbox][\/vc_column][vc_column width=\"1\/3\"][vc_hoverbox image=\"1425\" primary_title=\"\" hover_title=\"La C\u00f4te Du Labrador\"]Un de nos circuits les plus m\u00e9morables sur la P\u00e9ninsule d\u2019Or est un safari a\u00e9rien et une balade en bordure de mer.<\/p>\n<p>Les monts Torngat et la c\u00f4te du Labrador dont les sagas Vikings font r\u00e9f\u00e9rence dans \u201cLa Saga d\u2019\u00c9rik le Rouge\u201d sont parmi les endroits que nous visiterons au cours de ce voyage.<\/p>\n<p>Sur des kilom\u00e8tres nous survoleront les paysages c\u00f4tiers absolument fabuleux \u2013 aiguilles rocheuses, tablelands, cascades, icebergs\u2026 Nous ferons des arr\u00eats en bordure de mer pour d\u00e9couvrir des panoramas \u00e9tonnants et peut-\u00eatre d\u00e9busqu\u00e9 quelques ours polaires!<\/p>\n<p>\u00c9merveillez-vous au sommet de l\u2019imposante Muraille des Trolls qui fait plus de 700 m\u00e8tres de hauteur. Ce circuit vous comblera de souvenirs inoubliables.<\/p>\n<p>[\/vc_hoverbox][\/vc_column][vc_column width=\"1\/3\"][\/vc_column][\/vc_row][vc_row][vc_column][vc_empty_space][\/vc_column][\/vc_row][vc_row][vc_column][\/vc_column][\/vc_row]<\/p>\n<\/div>","protected":false},"excerpt":{"rendered":"<p>[vc_row][vc_column][vc_column_text] Ours Polaires et Icebergs au Labrador \u2013 Safari Photo [\/vc_column_text][\/vc_column][\/vc_row][vc_row][vc_column width=\"1\/2\"][vc_column_text]Vous r\u00eavez de voir et de photographier des ours polaires, des icebergs et de d\u00e9couvrir les paysages grandioses de la c\u00f4te du Labrador? Rejoignez ce voyage d\u2019une semaine dans le nord du Labrador avec ce circuit guid\u00e9 de 7 jours \/ 6 nuits et &hellip; <a href=\"https:\/\/wedgehillslodge.com\/fr\/circuits\/faune-et-nature\/ours-polaires-et-icebergs-au-labrador-safari-photo\/\">Continued<\/a><\/p>\n","protected":false},"author":4,"featured_media":3202,"parent":1400,"menu_order":0,"comment_status":"closed","ping_status":"closed","template":"templates\/page-sub-tours.php","meta":{"_acf_changed":false,"footnotes":""},"class_list":["post-3301","page","type-page","status-publish","has-post-thumbnail","hentry"],"acf":[],"yoast_head":"<!-- This site is optimized with the Yoast SEO plugin v24.7 - https:\/\/yoast.com\/wordpress\/plugins\/seo\/ -->\n<title>Ours Polaires et Icebergs au Labrador \u2013 Safari Photo<\/title>\n<meta name=\"description\" content=\"Vous r\u00eavez de voir et de photographier des ours polaires, des icebergs et de d\u00e9couvrir les paysages grandioses de la c\u00f4te du Labrador?\" \/>\n<meta name=\"robots\" content=\"index, follow, max-snippet:-1, max-image-preview:large, max-video-preview:-1\" \/>\n<link rel=\"canonical\" href=\"https:\/\/wedgehillslodge.com\/fr\/circuits\/faune-et-nature\/ours-polaires-et-icebergs-au-labrador-safari-photo\/\" \/>\n<meta property=\"og:locale\" content=\"fr_FR\" \/>\n<meta property=\"og:type\" content=\"article\" \/>\n<meta property=\"og:title\" content=\"Ours Polaires et Icebergs au Labrador \u2013 Safari Photo\" \/>\n<meta property=\"og:description\" content=\"Vous r\u00eavez de voir et de photographier des ours polaires, des icebergs et de d\u00e9couvrir les paysages grandioses de la c\u00f4te du Labrador?\" \/>\n<meta property=\"og:url\" content=\"https:\/\/wedgehillslodge.com\/fr\/circuits\/faune-et-nature\/ours-polaires-et-icebergs-au-labrador-safari-photo\/\" \/>\n<meta property=\"og:site_name\" content=\"Wedge Hills Lodge\" \/>\n<meta property=\"article:modified_time\" content=\"2020-03-11T19:02:14+00:00\" \/>\n<meta property=\"og:image\" content=\"https:\/\/wedgehillslodge.com\/wp-content\/uploads\/2020\/02\/Sans-titre111-1024x437.png\" \/>\n\t<meta property=\"og:image:width\" content=\"1024\" \/>\n\t<meta property=\"og:image:height\" content=\"437\" \/>\n\t<meta property=\"og:image:type\" content=\"image\/png\" \/>\n<meta name=\"twitter:card\" content=\"summary_large_image\" \/>\n<meta name=\"twitter:label1\" content=\"Est. reading time\" \/>\n\t<meta name=\"twitter:data1\" content=\"7 minutes\" \/>\n<script type=\"application\/ld+json\" class=\"yoast-schema-graph\">{\"@context\":\"https:\/\/schema.org\",\"@graph\":[{\"@type\":\"WebPage\",\"@id\":\"https:\/\/wedgehillslodge.com\/fr\/circuits\/faune-et-nature\/ours-polaires-et-icebergs-au-labrador-safari-photo\/\",\"url\":\"https:\/\/wedgehillslodge.com\/fr\/circuits\/faune-et-nature\/ours-polaires-et-icebergs-au-labrador-safari-photo\/\",\"name\":\"Ours Polaires et Icebergs au Labrador \u2013 Safari Photo\",\"isPartOf\":{\"@id\":\"https:\/\/wedgehillslodge.com\/#website\"},\"primaryImageOfPage\":{\"@id\":\"https:\/\/wedgehillslodge.com\/fr\/circuits\/faune-et-nature\/ours-polaires-et-icebergs-au-labrador-safari-photo\/#primaryimage\"},\"image\":{\"@id\":\"https:\/\/wedgehillslodge.com\/fr\/circuits\/faune-et-nature\/ours-polaires-et-icebergs-au-labrador-safari-photo\/#primaryimage\"},\"thumbnailUrl\":\"https:\/\/wedgehillslodge.com\/wp-content\/uploads\/2020\/02\/Sans-titre111.png\",\"datePublished\":\"2020-03-04T20:08:37+00:00\",\"dateModified\":\"2020-03-11T19:02:14+00:00\",\"description\":\"Vous r\u00eavez de voir et de photographier des ours polaires, des icebergs et de d\u00e9couvrir les paysages grandioses de la c\u00f4te du Labrador?\",\"breadcrumb\":{\"@id\":\"https:\/\/wedgehillslodge.com\/fr\/circuits\/faune-et-nature\/ours-polaires-et-icebergs-au-labrador-safari-photo\/#breadcrumb\"},\"inLanguage\":\"fr-FR\",\"potentialAction\":[{\"@type\":\"ReadAction\",\"target\":[\"https:\/\/wedgehillslodge.com\/fr\/circuits\/faune-et-nature\/ours-polaires-et-icebergs-au-labrador-safari-photo\/\"]}]},{\"@type\":\"ImageObject\",\"inLanguage\":\"fr-FR\",\"@id\":\"https:\/\/wedgehillslodge.com\/fr\/circuits\/faune-et-nature\/ours-polaires-et-icebergs-au-labrador-safari-photo\/#primaryimage\",\"url\":\"https:\/\/wedgehillslodge.com\/wp-content\/uploads\/2020\/02\/Sans-titre111.png\",\"contentUrl\":\"https:\/\/wedgehillslodge.com\/wp-content\/uploads\/2020\/02\/Sans-titre111.png\",\"width\":2560,\"height\":1091},{\"@type\":\"BreadcrumbList\",\"@id\":\"https:\/\/wedgehillslodge.com\/fr\/circuits\/faune-et-nature\/ours-polaires-et-icebergs-au-labrador-safari-photo\/#breadcrumb\",\"itemListElement\":[{\"@type\":\"ListItem\",\"position\":1,\"name\":\"Home\",\"item\":\"https:\/\/wedgehillslodge.com\/fr\/\"},{\"@type\":\"ListItem\",\"position\":2,\"name\":\"Circuits\",\"item\":\"https:\/\/wedgehillslodge.com\/fr\/circuits\/\"},{\"@type\":\"ListItem\",\"position\":3,\"name\":\"Faune et Nature\",\"item\":\"https:\/\/wedgehillslodge.com\/fr\/circuits\/faune-et-nature\/\"},{\"@type\":\"ListItem\",\"position\":4,\"name\":\"Ours Polaires et Icebergs au Labrador \u2013 Safari Photo\"}]},{\"@type\":\"WebSite\",\"@id\":\"https:\/\/wedgehillslodge.com\/#website\",\"url\":\"https:\/\/wedgehillslodge.com\/\",\"name\":\"Wedge Hills Lodge\",\"description\":\"Atlantic Salmon Fly Fishing trips in Nunavik, Canada - INUA\",\"potentialAction\":[{\"@type\":\"SearchAction\",\"target\":{\"@type\":\"EntryPoint\",\"urlTemplate\":\"https:\/\/wedgehillslodge.com\/?s={search_term_string}\"},\"query-input\":{\"@type\":\"PropertyValueSpecification\",\"valueRequired\":true,\"valueName\":\"search_term_string\"}}],\"inLanguage\":\"fr-FR\"}]}<\/script>\n<!-- \/ Yoast SEO plugin. -->","yoast_head_json":{"title":"Ours Polaires et Icebergs au Labrador \u2013 Safari Photo","description":"Vous r\u00eavez de voir et de photographier des ours polaires, des icebergs et de d\u00e9couvrir les paysages grandioses de la c\u00f4te du Labrador?","robots":{"index":"index","follow":"follow","max-snippet":"max-snippet:-1","max-image-preview":"max-image-preview:large","max-video-preview":"max-video-preview:-1"},"canonical":"https:\/\/wedgehillslodge.com\/fr\/circuits\/faune-et-nature\/ours-polaires-et-icebergs-au-labrador-safari-photo\/","og_locale":"fr_FR","og_type":"article","og_title":"Ours Polaires et Icebergs au Labrador \u2013 Safari Photo","og_description":"Vous r\u00eavez de voir et de photographier des ours polaires, des icebergs et de d\u00e9couvrir les paysages grandioses de la c\u00f4te du Labrador?","og_url":"https:\/\/wedgehillslodge.com\/fr\/circuits\/faune-et-nature\/ours-polaires-et-icebergs-au-labrador-safari-photo\/","og_site_name":"Wedge Hills Lodge","article_modified_time":"2020-03-11T19:02:14+00:00","og_image":[{"width":1024,"height":437,"url":"https:\/\/wedgehillslodge.com\/wp-content\/uploads\/2020\/02\/Sans-titre111-1024x437.png","type":"image\/png"}],"twitter_card":"summary_large_image","twitter_misc":{"Est. reading time":"7 minutes"},"schema":{"@context":"https:\/\/schema.org","@graph":[{"@type":"WebPage","@id":"https:\/\/wedgehillslodge.com\/fr\/circuits\/faune-et-nature\/ours-polaires-et-icebergs-au-labrador-safari-photo\/","url":"https:\/\/wedgehillslodge.com\/fr\/circuits\/faune-et-nature\/ours-polaires-et-icebergs-au-labrador-safari-photo\/","name":"Ours Polaires et Icebergs au Labrador \u2013 Safari Photo","isPartOf":{"@id":"https:\/\/wedgehillslodge.com\/#website"},"primaryImageOfPage":{"@id":"https:\/\/wedgehillslodge.com\/fr\/circuits\/faune-et-nature\/ours-polaires-et-icebergs-au-labrador-safari-photo\/#primaryimage"},"image":{"@id":"https:\/\/wedgehillslodge.com\/fr\/circuits\/faune-et-nature\/ours-polaires-et-icebergs-au-labrador-safari-photo\/#primaryimage"},"thumbnailUrl":"https:\/\/wedgehillslodge.com\/wp-content\/uploads\/2020\/02\/Sans-titre111.png","datePublished":"2020-03-04T20:08:37+00:00","dateModified":"2020-03-11T19:02:14+00:00","description":"Vous r\u00eavez de voir et de photographier des ours polaires, des icebergs et de d\u00e9couvrir les paysages grandioses de la c\u00f4te du Labrador?","breadcrumb":{"@id":"https:\/\/wedgehillslodge.com\/fr\/circuits\/faune-et-nature\/ours-polaires-et-icebergs-au-labrador-safari-photo\/#breadcrumb"},"inLanguage":"fr-FR","potentialAction":[{"@type":"ReadAction","target":["https:\/\/wedgehillslodge.com\/fr\/circuits\/faune-et-nature\/ours-polaires-et-icebergs-au-labrador-safari-photo\/"]}]},{"@type":"ImageObject","inLanguage":"fr-FR","@id":"https:\/\/wedgehillslodge.com\/fr\/circuits\/faune-et-nature\/ours-polaires-et-icebergs-au-labrador-safari-photo\/#primaryimage","url":"https:\/\/wedgehillslodge.com\/wp-content\/uploads\/2020\/02\/Sans-titre111.png","contentUrl":"https:\/\/wedgehillslodge.com\/wp-content\/uploads\/2020\/02\/Sans-titre111.png","width":2560,"height":1091},{"@type":"BreadcrumbList","@id":"https:\/\/wedgehillslodge.com\/fr\/circuits\/faune-et-nature\/ours-polaires-et-icebergs-au-labrador-safari-photo\/#breadcrumb","itemListElement":[{"@type":"ListItem","position":1,"name":"Home","item":"https:\/\/wedgehillslodge.com\/fr\/"},{"@type":"ListItem","position":2,"name":"Circuits","item":"https:\/\/wedgehillslodge.com\/fr\/circuits\/"},{"@type":"ListItem","position":3,"name":"Faune et Nature","item":"https:\/\/wedgehillslodge.com\/fr\/circuits\/faune-et-nature\/"},{"@type":"ListItem","position":4,"name":"Ours Polaires et Icebergs au Labrador \u2013 Safari Photo"}]},{"@type":"WebSite","@id":"https:\/\/wedgehillslodge.com\/#website","url":"https:\/\/wedgehillslodge.com\/","name":"Wedge Hills Lodge","description":"Atlantic Salmon Fly Fishing trips in Nunavik, Canada - INUA","potentialAction":[{"@type":"SearchAction","target":{"@type":"EntryPoint","urlTemplate":"https:\/\/wedgehillslodge.com\/?s={search_term_string}"},"query-input":{"@type":"PropertyValueSpecification","valueRequired":true,"valueName":"search_term_string"}}],"inLanguage":"fr-FR"}]}},"_links":{"self":[{"href":"https:\/\/wedgehillslodge.com\/fr\/wp-json\/wp\/v2\/pages\/3301","targetHints":{"allow":["GET"]}}],"collection":[{"href":"https:\/\/wedgehillslodge.com\/fr\/wp-json\/wp\/v2\/pages"}],"about":[{"href":"https:\/\/wedgehillslodge.com\/fr\/wp-json\/wp\/v2\/types\/page"}],"author":[{"embeddable":true,"href":"https:\/\/wedgehillslodge.com\/fr\/wp-json\/wp\/v2\/users\/4"}],"replies":[{"embeddable":true,"href":"https:\/\/wedgehillslodge.com\/fr\/wp-json\/wp\/v2\/comments?post=3301"}],"version-history":[{"count":7,"href":"https:\/\/wedgehillslodge.com\/fr\/wp-json\/wp\/v2\/pages\/3301\/revisions"}],"predecessor-version":[{"id":3333,"href":"https:\/\/wedgehillslodge.com\/fr\/wp-json\/wp\/v2\/pages\/3301\/revisions\/3333"}],"up":[{"embeddable":true,"href":"https:\/\/wedgehillslodge.com\/fr\/wp-json\/wp\/v2\/pages\/1400"}],"wp:featuredmedia":[{"embeddable":true,"href":"https:\/\/wedgehillslodge.com\/fr\/wp-json\/wp\/v2\/media\/3202"}],"wp:attachment":[{"href":"https:\/\/wedgehillslodge.com\/fr\/wp-json\/wp\/v2\/media?parent=3301"}],"curies":[{"name":"wp","href":"https:\/\/api.w.org\/{rel}","templated":true}]}}