{"id":2954,"date":"2020-02-05T16:06:50","date_gmt":"2020-02-05T21:06:50","guid":{"rendered":"https:\/\/dev.wedgehillslodge.com\/explore\/"},"modified":"2025-12-22T10:09:09","modified_gmt":"2025-12-22T15:09:09","slug":"inspiration","status":"publish","type":"page","link":"https:\/\/wedgehillslodge.com\/fr\/inspiration\/","title":{"rendered":"Inspiration"},"content":{"rendered":"<h1><strong>Les Merveilles Incontournables du Qu\u00e9bec Arctique et du Labrador<\/strong><\/h1>\n<p>D\u00e9couvrez les choses \u00e0 absolument voir et \u00e0 faire au Qu\u00e9bec Arctique et au Labrador, les plus beaux sites d'int\u00e9r\u00eats et trouver de vrais itin\u00e9raires de r\u00eave.<\/p>\n<p><em> Cliquez sur le bouton \"lire la suite\" dans chaque cadre pour en savoir plus. Pour voir toutes les circuits par cat\u00e9gorie, cliquez simplement sur le bouton ci-dessous.<\/em><\/p>\n<p><a class=\"btn transparent\" href=\"https:\/\/wedgehillslodge.com\/fr\/circuits\/\">Voir les circuits<\/a><\/p>\n","protected":false},"excerpt":{"rendered":"<p>Les Merveilles Incontournables du Qu\u00e9bec Arctique et du Labrador D\u00e9couvrez les choses \u00e0 absolument voir et \u00e0 faire au Qu\u00e9bec Arctique et au Labrador, les plus beaux sites d'int\u00e9r\u00eats et trouver de vrais itin\u00e9raires de r\u00eave. Cliquez sur le bouton \"lire la suite\" dans chaque cadre pour en savoir plus. Pour voir toutes les circuits &hellip; <a href=\"https:\/\/wedgehillslodge.com\/fr\/inspiration\/\">Continued<\/a><\/p>\n","protected":false},"author":5,"featured_media":2909,"parent":0,"menu_order":0,"comment_status":"closed","ping_status":"closed","template":"templates\/page-explorer.php","meta":{"_acf_changed":false,"footnotes":""},"class_list":["post-2954","page","type-page","status-publish","has-post-thumbnail","hentry"],"acf":[],"yoast_head":"<!-- This site is optimized with the Yoast SEO plugin v24.7 - https:\/\/yoast.com\/wordpress\/plugins\/seo\/ -->\n<title>Qu\u00e9bec Arctique et Labrador - Circuits - Wedge Hills Lodge<\/title>\n<meta name=\"description\" content=\"D\u00e9couvrez les merveilles du Qu\u00e9bec Arctique et du Labrador. Consultez nos circuits et forfaits. Contactez-nous d\u00e8s maintenant!\" \/>\n<meta name=\"robots\" content=\"index, follow, max-snippet:-1, max-image-preview:large, max-video-preview:-1\" \/>\n<link rel=\"canonical\" href=\"https:\/\/wedgehillslodge.com\/fr\/inspiration\/\" \/>\n<meta property=\"og:locale\" content=\"fr_FR\" \/>\n<meta property=\"og:type\" content=\"article\" \/>\n<meta property=\"og:title\" content=\"Qu\u00e9bec Arctique et Labrador - Circuits - Wedge Hills Lodge\" \/>\n<meta property=\"og:description\" content=\"D\u00e9couvrez les merveilles du Qu\u00e9bec Arctique et du Labrador. Consultez nos circuits et forfaits. Contactez-nous d\u00e8s maintenant!\" \/>\n<meta property=\"og:url\" content=\"https:\/\/wedgehillslodge.com\/fr\/inspiration\/\" \/>\n<meta property=\"og:site_name\" content=\"Wedge Hills Lodge\" \/>\n<meta property=\"article:modified_time\" content=\"2025-12-22T15:09:09+00:00\" \/>\n<meta property=\"og:image\" content=\"https:\/\/wedgehillslodge.com\/wp-content\/uploads\/2020\/02\/Golden_peninsula_explore_header.jpg\" \/>\n\t<meta property=\"og:image:width\" content=\"1920\" \/>\n\t<meta property=\"og:image:height\" content=\"995\" \/>\n\t<meta property=\"og:image:type\" content=\"image\/jpeg\" \/>\n<meta name=\"twitter:card\" content=\"summary_large_image\" \/>\n<meta name=\"twitter:label1\" content=\"Est. reading time\" \/>\n\t<meta name=\"twitter:data1\" content=\"1 minute\" \/>\n<script type=\"application\/ld+json\" class=\"yoast-schema-graph\">{\"@context\":\"https:\/\/schema.org\",\"@graph\":[{\"@type\":\"WebPage\",\"@id\":\"https:\/\/wedgehillslodge.com\/fr\/inspiration\/\",\"url\":\"https:\/\/wedgehillslodge.com\/fr\/inspiration\/\",\"name\":\"Qu\u00e9bec Arctique et Labrador - Circuits - Wedge Hills Lodge\",\"isPartOf\":{\"@id\":\"https:\/\/wedgehillslodge.com\/#website\"},\"primaryImageOfPage\":{\"@id\":\"https:\/\/wedgehillslodge.com\/fr\/inspiration\/#primaryimage\"},\"image\":{\"@id\":\"https:\/\/wedgehillslodge.com\/fr\/inspiration\/#primaryimage\"},\"thumbnailUrl\":\"https:\/\/wedgehillslodge.com\/wp-content\/uploads\/2020\/02\/Golden_peninsula_explore_header.jpg\",\"datePublished\":\"2020-02-05T21:06:50+00:00\",\"dateModified\":\"2025-12-22T15:09:09+00:00\",\"description\":\"D\u00e9couvrez les merveilles du Qu\u00e9bec Arctique et du Labrador. Consultez nos circuits et forfaits. Contactez-nous d\u00e8s maintenant!\",\"breadcrumb\":{\"@id\":\"https:\/\/wedgehillslodge.com\/fr\/inspiration\/#breadcrumb\"},\"inLanguage\":\"fr-FR\",\"potentialAction\":[{\"@type\":\"ReadAction\",\"target\":[\"https:\/\/wedgehillslodge.com\/fr\/inspiration\/\"]}]},{\"@type\":\"ImageObject\",\"inLanguage\":\"fr-FR\",\"@id\":\"https:\/\/wedgehillslodge.com\/fr\/inspiration\/#primaryimage\",\"url\":\"https:\/\/wedgehillslodge.com\/wp-content\/uploads\/2020\/02\/Golden_peninsula_explore_header.jpg\",\"contentUrl\":\"https:\/\/wedgehillslodge.com\/wp-content\/uploads\/2020\/02\/Golden_peninsula_explore_header.jpg\",\"width\":1920,\"height\":995},{\"@type\":\"BreadcrumbList\",\"@id\":\"https:\/\/wedgehillslodge.com\/fr\/inspiration\/#breadcrumb\",\"itemListElement\":[{\"@type\":\"ListItem\",\"position\":1,\"name\":\"Home\",\"item\":\"https:\/\/wedgehillslodge.com\/fr\/\"},{\"@type\":\"ListItem\",\"position\":2,\"name\":\"Inspiration\"}]},{\"@type\":\"WebSite\",\"@id\":\"https:\/\/wedgehillslodge.com\/#website\",\"url\":\"https:\/\/wedgehillslodge.com\/\",\"name\":\"Wedge Hills Lodge\",\"description\":\"Atlantic Salmon Fly Fishing trips in Nunavik, Canada - INUA\",\"potentialAction\":[{\"@type\":\"SearchAction\",\"target\":{\"@type\":\"EntryPoint\",\"urlTemplate\":\"https:\/\/wedgehillslodge.com\/?s={search_term_string}\"},\"query-input\":{\"@type\":\"PropertyValueSpecification\",\"valueRequired\":true,\"valueName\":\"search_term_string\"}}],\"inLanguage\":\"fr-FR\"}]}<\/script>\n<!-- \/ Yoast SEO plugin. -->","yoast_head_json":{"title":"Qu\u00e9bec Arctique et Labrador - Circuits - Wedge Hills Lodge","description":"D\u00e9couvrez les merveilles du Qu\u00e9bec Arctique et du Labrador. Consultez nos circuits et forfaits. Contactez-nous d\u00e8s maintenant!","robots":{"index":"index","follow":"follow","max-snippet":"max-snippet:-1","max-image-preview":"max-image-preview:large","max-video-preview":"max-video-preview:-1"},"canonical":"https:\/\/wedgehillslodge.com\/fr\/inspiration\/","og_locale":"fr_FR","og_type":"article","og_title":"Qu\u00e9bec Arctique et Labrador - Circuits - Wedge Hills Lodge","og_description":"D\u00e9couvrez les merveilles du Qu\u00e9bec Arctique et du Labrador. Consultez nos circuits et forfaits. Contactez-nous d\u00e8s maintenant!","og_url":"https:\/\/wedgehillslodge.com\/fr\/inspiration\/","og_site_name":"Wedge Hills Lodge","article_modified_time":"2025-12-22T15:09:09+00:00","og_image":[{"width":1920,"height":995,"url":"https:\/\/wedgehillslodge.com\/wp-content\/uploads\/2020\/02\/Golden_peninsula_explore_header.jpg","type":"image\/jpeg"}],"twitter_card":"summary_large_image","twitter_misc":{"Est. reading time":"1 minute"},"schema":{"@context":"https:\/\/schema.org","@graph":[{"@type":"WebPage","@id":"https:\/\/wedgehillslodge.com\/fr\/inspiration\/","url":"https:\/\/wedgehillslodge.com\/fr\/inspiration\/","name":"Qu\u00e9bec Arctique et Labrador - Circuits - Wedge Hills Lodge","isPartOf":{"@id":"https:\/\/wedgehillslodge.com\/#website"},"primaryImageOfPage":{"@id":"https:\/\/wedgehillslodge.com\/fr\/inspiration\/#primaryimage"},"image":{"@id":"https:\/\/wedgehillslodge.com\/fr\/inspiration\/#primaryimage"},"thumbnailUrl":"https:\/\/wedgehillslodge.com\/wp-content\/uploads\/2020\/02\/Golden_peninsula_explore_header.jpg","datePublished":"2020-02-05T21:06:50+00:00","dateModified":"2025-12-22T15:09:09+00:00","description":"D\u00e9couvrez les merveilles du Qu\u00e9bec Arctique et du Labrador. Consultez nos circuits et forfaits. Contactez-nous d\u00e8s maintenant!","breadcrumb":{"@id":"https:\/\/wedgehillslodge.com\/fr\/inspiration\/#breadcrumb"},"inLanguage":"fr-FR","potentialAction":[{"@type":"ReadAction","target":["https:\/\/wedgehillslodge.com\/fr\/inspiration\/"]}]},{"@type":"ImageObject","inLanguage":"fr-FR","@id":"https:\/\/wedgehillslodge.com\/fr\/inspiration\/#primaryimage","url":"https:\/\/wedgehillslodge.com\/wp-content\/uploads\/2020\/02\/Golden_peninsula_explore_header.jpg","contentUrl":"https:\/\/wedgehillslodge.com\/wp-content\/uploads\/2020\/02\/Golden_peninsula_explore_header.jpg","width":1920,"height":995},{"@type":"BreadcrumbList","@id":"https:\/\/wedgehillslodge.com\/fr\/inspiration\/#breadcrumb","itemListElement":[{"@type":"ListItem","position":1,"name":"Home","item":"https:\/\/wedgehillslodge.com\/fr\/"},{"@type":"ListItem","position":2,"name":"Inspiration"}]},{"@type":"WebSite","@id":"https:\/\/wedgehillslodge.com\/#website","url":"https:\/\/wedgehillslodge.com\/","name":"Wedge Hills Lodge","description":"Atlantic Salmon Fly Fishing trips in Nunavik, Canada - INUA","potentialAction":[{"@type":"SearchAction","target":{"@type":"EntryPoint","urlTemplate":"https:\/\/wedgehillslodge.com\/?s={search_term_string}"},"query-input":{"@type":"PropertyValueSpecification","valueRequired":true,"valueName":"search_term_string"}}],"inLanguage":"fr-FR"}]}},"_links":{"self":[{"href":"https:\/\/wedgehillslodge.com\/fr\/wp-json\/wp\/v2\/pages\/2954","targetHints":{"allow":["GET"]}}],"collection":[{"href":"https:\/\/wedgehillslodge.com\/fr\/wp-json\/wp\/v2\/pages"}],"about":[{"href":"https:\/\/wedgehillslodge.com\/fr\/wp-json\/wp\/v2\/types\/page"}],"author":[{"embeddable":true,"href":"https:\/\/wedgehillslodge.com\/fr\/wp-json\/wp\/v2\/users\/5"}],"replies":[{"embeddable":true,"href":"https:\/\/wedgehillslodge.com\/fr\/wp-json\/wp\/v2\/comments?post=2954"}],"version-history":[{"count":38,"href":"https:\/\/wedgehillslodge.com\/fr\/wp-json\/wp\/v2\/pages\/2954\/revisions"}],"predecessor-version":[{"id":11088,"href":"https:\/\/wedgehillslodge.com\/fr\/wp-json\/wp\/v2\/pages\/2954\/revisions\/11088"}],"wp:featuredmedia":[{"embeddable":true,"href":"https:\/\/wedgehillslodge.com\/fr\/wp-json\/wp\/v2\/media\/2909"}],"wp:attachment":[{"href":"https:\/\/wedgehillslodge.com\/fr\/wp-json\/wp\/v2\/media?parent=2954"}],"curies":[{"name":"wp","href":"https:\/\/api.w.org\/{rel}","templated":true}]}}