{"id":2798,"date":"2020-02-03T16:58:30","date_gmt":"2020-02-03T16:58:30","guid":{"rendered":"https:\/\/dev.wedgehillslodge.com\/?page_id=2798"},"modified":"2025-06-12T10:52:29","modified_gmt":"2025-06-12T14:52:29","slug":"forfait-stay-fly","status":"publish","type":"page","link":"https:\/\/wedgehillslodge.com\/fr\/circuits\/forfait-stay-fly\/","title":{"rendered":"Forfait Stay &#038; Fly"},"content":{"rendered":"<div class=\"wpb-content-wrapper\"><p>[vc_row][vc_column][vc_column_text]<\/p>\n<h1>Forfait Stay &amp; Fly<\/h1>\n<p>[\/vc_column_text][\/vc_column][\/vc_row][vc_row][vc_column width=\"1\/2\"][vc_column_text css=\"\"]<\/p>\n<h3>\u00c0 partir de $4,200 (CAD)<\/h3>\n<p>[\/vc_column_text][vc_column_text css=\"\"]Voyagez jusqu\u2019au Wedge Hills Lodge \u00e0 bord de votre propre avion priv\u00e9 \u2014 qu\u2019il soit \u00e9quip\u00e9 de flotteurs, de pneus tundra ou que vous arriviez en h\u00e9licopt\u00e8re \u2014 et profitez de la libert\u00e9 d\u2019explorer \u00e0 votre rythme la beaut\u00e9 intacte de la p\u00e9ninsule Qu\u00e9bec-Labrador. Chaque jour, partez en circuit autoguid\u00e9 \u00e0 la d\u00e9couverte de certains des paysages les plus spectaculaires et isol\u00e9s de la r\u00e9gion : glissez le long de fjords majestueux, survolez des icebergs \u00e9tincelants et admirez les vastes \u00e9tendues sauvages de la toundra. C\u2019est votre odyss\u00e9e nordique personnelle \u2014 libre, inoubliable et enti\u00e8rement \u00e0 votre image.[\/vc_column_text][vc_btn title=\"Demander un devis personnalis\u00e9\" link=\"url:https%3A%2F%2Fwedgehillslodge.com%2Ffr%2Fcontact%2F|title:Contact||\"][\/vc_column][vc_column width=\"1\/2\"][vc_gallery type=\"flexslider_slide\" interval=\"3\" images=\"2669,3115,3117,5004,5002,5000,9824,9822,9820,9818,9826,9830,9814,9812,9810,9808,9806,9790,9796,9798,9784,9788,9782,9780,9770,9768,9748,9744,9740,9734\" img_size=\"600x400\" css=\"\"][\/vc_column][\/vc_row][vc_row el_class=\"inclusions\"][vc_column width=\"1\/2\" el_class=\"includes\"][vc_column_text]<\/p>\n<h3>Inclus dans le forfait<\/h3>\n<ul>\n<li>5 nuits \/ 6 jours en cabine \u00e0 occupation double<\/li>\n<li>Tous les repas pr\u00e9par\u00e9s par notre chef (vin compris)<\/li>\n<li>piste en gravier 2200 ft<\/li>\n<li>Aire d\u2019atterrissage \/ stationnement s\u00e9curis\u00e9e des a\u00e9ronefs<\/li>\n<li>T\u00e9l\u00e9phone satellite et Wi-Fi au lodge<\/li>\n<li>Acc\u00e8s au lounge et au bain \u00e0 remous chauff\u00e9 au bois<\/li>\n<\/ul>\n<p>[\/vc_column_text][\/vc_column][vc_column width=\"1\/2\" el_class=\"includes\"][vc_column_text css=\"\"]<\/p>\n<h3>Services suppl\u00e9mentaires offerts<\/h3>\n<ul>\n<li>Service d'accommodation en carburant (100LL, sans plomb, JetA)<\/li>\n<li>Service d'accommodation d\u2019alcool (bi\u00e8re, vin, alcool)<\/li>\n<li>Service de guide de p\u00eache \u00e0 la mouche<\/li>\n<\/ul>\n<p>[\/vc_column_text][\/vc_column][\/vc_row]<\/p>\n<\/div>","protected":false},"excerpt":{"rendered":"<p>[vc_row][vc_column][vc_column_text] Forfait Stay &amp; Fly [\/vc_column_text][\/vc_column][\/vc_row][vc_row][vc_column width=\"1\/2\"][vc_column_text css=\"\"] \u00c0 partir de $4,200 (CAD) [\/vc_column_text][vc_column_text css=\"\"]Voyagez jusqu\u2019au Wedge Hills Lodge \u00e0 bord de votre propre avion priv\u00e9 \u2014 qu\u2019il soit \u00e9quip\u00e9 de flotteurs, de pneus tundra ou que vous arriviez en h\u00e9licopt\u00e8re \u2014 et profitez de la libert\u00e9 d\u2019explorer \u00e0 votre rythme la beaut\u00e9 intacte de &hellip; <a href=\"https:\/\/wedgehillslodge.com\/fr\/circuits\/forfait-stay-fly\/\">Continued<\/a><\/p>\n","protected":false},"author":5,"featured_media":9770,"parent":1395,"menu_order":0,"comment_status":"closed","ping_status":"closed","template":"templates\/page-no-template.php","meta":{"_acf_changed":false,"footnotes":""},"class_list":["post-2798","page","type-page","status-publish","has-post-thumbnail","hentry"],"acf":[],"yoast_head":"<!-- This site is optimized with the Yoast SEO plugin v24.7 - https:\/\/yoast.com\/wordpress\/plugins\/seo\/ -->\n<title>Forfait Stay &amp; Fly - Wedge Hills Lodge<\/title>\n<meta name=\"robots\" content=\"index, follow, max-snippet:-1, max-image-preview:large, max-video-preview:-1\" \/>\n<link rel=\"canonical\" href=\"https:\/\/wedgehillslodge.com\/fr\/circuits\/forfait-stay-fly\/\" \/>\n<meta property=\"og:locale\" content=\"fr_FR\" \/>\n<meta property=\"og:type\" content=\"article\" \/>\n<meta property=\"og:title\" content=\"Forfait Stay &amp; Fly - Wedge Hills Lodge\" \/>\n<meta property=\"og:description\" content=\"[vc_row][vc_column][vc_column_text] Forfait Stay &amp; Fly [\/vc_column_text][\/vc_column][\/vc_row][vc_row][vc_column width=&quot;1\/2&quot;][vc_column_text css=&quot;&quot;] \u00c0 partir de $4,200 (CAD) [\/vc_column_text][vc_column_text css=&quot;&quot;]Voyagez jusqu\u2019au Wedge Hills Lodge \u00e0 bord de votre propre avion priv\u00e9 \u2014 qu\u2019il soit \u00e9quip\u00e9 de flotteurs, de pneus tundra ou que vous arriviez en h\u00e9licopt\u00e8re \u2014 et profitez de la libert\u00e9 d\u2019explorer \u00e0 votre rythme la beaut\u00e9 intacte de &hellip; Continued\" \/>\n<meta property=\"og:url\" content=\"https:\/\/wedgehillslodge.com\/fr\/circuits\/forfait-stay-fly\/\" \/>\n<meta property=\"og:site_name\" content=\"Wedge Hills Lodge\" \/>\n<meta property=\"article:modified_time\" content=\"2025-06-12T14:52:29+00:00\" \/>\n<meta property=\"og:image\" content=\"https:\/\/wedgehillslodge.com\/wp-content\/uploads\/2025\/06\/IMG_1510-scaled-e1749739654549.jpeg\" \/>\n\t<meta property=\"og:image:width\" content=\"2560\" \/>\n\t<meta property=\"og:image:height\" content=\"1707\" \/>\n\t<meta property=\"og:image:type\" content=\"image\/jpeg\" \/>\n<meta name=\"twitter:card\" content=\"summary_large_image\" \/>\n<meta name=\"twitter:label1\" content=\"Est. reading time\" \/>\n\t<meta name=\"twitter:data1\" content=\"8 minutes\" \/>\n<script type=\"application\/ld+json\" class=\"yoast-schema-graph\">{\"@context\":\"https:\/\/schema.org\",\"@graph\":[{\"@type\":\"WebPage\",\"@id\":\"https:\/\/wedgehillslodge.com\/fr\/circuits\/forfait-stay-fly\/\",\"url\":\"https:\/\/wedgehillslodge.com\/fr\/circuits\/forfait-stay-fly\/\",\"name\":\"Forfait Stay & Fly - Wedge Hills Lodge\",\"isPartOf\":{\"@id\":\"https:\/\/wedgehillslodge.com\/#website\"},\"primaryImageOfPage\":{\"@id\":\"https:\/\/wedgehillslodge.com\/fr\/circuits\/forfait-stay-fly\/#primaryimage\"},\"image\":{\"@id\":\"https:\/\/wedgehillslodge.com\/fr\/circuits\/forfait-stay-fly\/#primaryimage\"},\"thumbnailUrl\":\"https:\/\/wedgehillslodge.com\/wp-content\/uploads\/2025\/06\/IMG_1510-scaled-e1749739654549.jpeg\",\"datePublished\":\"2020-02-03T16:58:30+00:00\",\"dateModified\":\"2025-06-12T14:52:29+00:00\",\"breadcrumb\":{\"@id\":\"https:\/\/wedgehillslodge.com\/fr\/circuits\/forfait-stay-fly\/#breadcrumb\"},\"inLanguage\":\"fr-FR\",\"potentialAction\":[{\"@type\":\"ReadAction\",\"target\":[\"https:\/\/wedgehillslodge.com\/fr\/circuits\/forfait-stay-fly\/\"]}]},{\"@type\":\"ImageObject\",\"inLanguage\":\"fr-FR\",\"@id\":\"https:\/\/wedgehillslodge.com\/fr\/circuits\/forfait-stay-fly\/#primaryimage\",\"url\":\"https:\/\/wedgehillslodge.com\/wp-content\/uploads\/2025\/06\/IMG_1510-scaled-e1749739654549.jpeg\",\"contentUrl\":\"https:\/\/wedgehillslodge.com\/wp-content\/uploads\/2025\/06\/IMG_1510-scaled-e1749739654549.jpeg\",\"width\":2560,\"height\":1707},{\"@type\":\"BreadcrumbList\",\"@id\":\"https:\/\/wedgehillslodge.com\/fr\/circuits\/forfait-stay-fly\/#breadcrumb\",\"itemListElement\":[{\"@type\":\"ListItem\",\"position\":1,\"name\":\"Home\",\"item\":\"https:\/\/wedgehillslodge.com\/fr\/\"},{\"@type\":\"ListItem\",\"position\":2,\"name\":\"Circuits\",\"item\":\"https:\/\/wedgehillslodge.com\/fr\/circuits\/\"},{\"@type\":\"ListItem\",\"position\":3,\"name\":\"Forfait Stay &#038; Fly\"}]},{\"@type\":\"WebSite\",\"@id\":\"https:\/\/wedgehillslodge.com\/#website\",\"url\":\"https:\/\/wedgehillslodge.com\/\",\"name\":\"Wedge Hills Lodge\",\"description\":\"Atlantic Salmon Fly Fishing trips in Nunavik, Canada - INUA\",\"potentialAction\":[{\"@type\":\"SearchAction\",\"target\":{\"@type\":\"EntryPoint\",\"urlTemplate\":\"https:\/\/wedgehillslodge.com\/?s={search_term_string}\"},\"query-input\":{\"@type\":\"PropertyValueSpecification\",\"valueRequired\":true,\"valueName\":\"search_term_string\"}}],\"inLanguage\":\"fr-FR\"}]}<\/script>\n<!-- \/ Yoast SEO plugin. -->","yoast_head_json":{"title":"Forfait Stay & Fly - Wedge Hills Lodge","robots":{"index":"index","follow":"follow","max-snippet":"max-snippet:-1","max-image-preview":"max-image-preview:large","max-video-preview":"max-video-preview:-1"},"canonical":"https:\/\/wedgehillslodge.com\/fr\/circuits\/forfait-stay-fly\/","og_locale":"fr_FR","og_type":"article","og_title":"Forfait Stay & Fly - Wedge Hills Lodge","og_description":"[vc_row][vc_column][vc_column_text] Forfait Stay &amp; Fly [\/vc_column_text][\/vc_column][\/vc_row][vc_row][vc_column width=\"1\/2\"][vc_column_text css=\"\"] \u00c0 partir de $4,200 (CAD) [\/vc_column_text][vc_column_text css=\"\"]Voyagez jusqu\u2019au Wedge Hills Lodge \u00e0 bord de votre propre avion priv\u00e9 \u2014 qu\u2019il soit \u00e9quip\u00e9 de flotteurs, de pneus tundra ou que vous arriviez en h\u00e9licopt\u00e8re \u2014 et profitez de la libert\u00e9 d\u2019explorer \u00e0 votre rythme la beaut\u00e9 intacte de &hellip; Continued","og_url":"https:\/\/wedgehillslodge.com\/fr\/circuits\/forfait-stay-fly\/","og_site_name":"Wedge Hills Lodge","article_modified_time":"2025-06-12T14:52:29+00:00","og_image":[{"width":2560,"height":1707,"url":"https:\/\/wedgehillslodge.com\/wp-content\/uploads\/2025\/06\/IMG_1510-scaled-e1749739654549.jpeg","type":"image\/jpeg"}],"twitter_card":"summary_large_image","twitter_misc":{"Est. reading time":"8 minutes"},"schema":{"@context":"https:\/\/schema.org","@graph":[{"@type":"WebPage","@id":"https:\/\/wedgehillslodge.com\/fr\/circuits\/forfait-stay-fly\/","url":"https:\/\/wedgehillslodge.com\/fr\/circuits\/forfait-stay-fly\/","name":"Forfait Stay & Fly - Wedge Hills Lodge","isPartOf":{"@id":"https:\/\/wedgehillslodge.com\/#website"},"primaryImageOfPage":{"@id":"https:\/\/wedgehillslodge.com\/fr\/circuits\/forfait-stay-fly\/#primaryimage"},"image":{"@id":"https:\/\/wedgehillslodge.com\/fr\/circuits\/forfait-stay-fly\/#primaryimage"},"thumbnailUrl":"https:\/\/wedgehillslodge.com\/wp-content\/uploads\/2025\/06\/IMG_1510-scaled-e1749739654549.jpeg","datePublished":"2020-02-03T16:58:30+00:00","dateModified":"2025-06-12T14:52:29+00:00","breadcrumb":{"@id":"https:\/\/wedgehillslodge.com\/fr\/circuits\/forfait-stay-fly\/#breadcrumb"},"inLanguage":"fr-FR","potentialAction":[{"@type":"ReadAction","target":["https:\/\/wedgehillslodge.com\/fr\/circuits\/forfait-stay-fly\/"]}]},{"@type":"ImageObject","inLanguage":"fr-FR","@id":"https:\/\/wedgehillslodge.com\/fr\/circuits\/forfait-stay-fly\/#primaryimage","url":"https:\/\/wedgehillslodge.com\/wp-content\/uploads\/2025\/06\/IMG_1510-scaled-e1749739654549.jpeg","contentUrl":"https:\/\/wedgehillslodge.com\/wp-content\/uploads\/2025\/06\/IMG_1510-scaled-e1749739654549.jpeg","width":2560,"height":1707},{"@type":"BreadcrumbList","@id":"https:\/\/wedgehillslodge.com\/fr\/circuits\/forfait-stay-fly\/#breadcrumb","itemListElement":[{"@type":"ListItem","position":1,"name":"Home","item":"https:\/\/wedgehillslodge.com\/fr\/"},{"@type":"ListItem","position":2,"name":"Circuits","item":"https:\/\/wedgehillslodge.com\/fr\/circuits\/"},{"@type":"ListItem","position":3,"name":"Forfait Stay &#038; Fly"}]},{"@type":"WebSite","@id":"https:\/\/wedgehillslodge.com\/#website","url":"https:\/\/wedgehillslodge.com\/","name":"Wedge Hills Lodge","description":"Atlantic Salmon Fly Fishing trips in Nunavik, Canada - INUA","potentialAction":[{"@type":"SearchAction","target":{"@type":"EntryPoint","urlTemplate":"https:\/\/wedgehillslodge.com\/?s={search_term_string}"},"query-input":{"@type":"PropertyValueSpecification","valueRequired":true,"valueName":"search_term_string"}}],"inLanguage":"fr-FR"}]}},"_links":{"self":[{"href":"https:\/\/wedgehillslodge.com\/fr\/wp-json\/wp\/v2\/pages\/2798","targetHints":{"allow":["GET"]}}],"collection":[{"href":"https:\/\/wedgehillslodge.com\/fr\/wp-json\/wp\/v2\/pages"}],"about":[{"href":"https:\/\/wedgehillslodge.com\/fr\/wp-json\/wp\/v2\/types\/page"}],"author":[{"embeddable":true,"href":"https:\/\/wedgehillslodge.com\/fr\/wp-json\/wp\/v2\/users\/5"}],"replies":[{"embeddable":true,"href":"https:\/\/wedgehillslodge.com\/fr\/wp-json\/wp\/v2\/comments?post=2798"}],"version-history":[{"count":11,"href":"https:\/\/wedgehillslodge.com\/fr\/wp-json\/wp\/v2\/pages\/2798\/revisions"}],"predecessor-version":[{"id":9835,"href":"https:\/\/wedgehillslodge.com\/fr\/wp-json\/wp\/v2\/pages\/2798\/revisions\/9835"}],"up":[{"embeddable":true,"href":"https:\/\/wedgehillslodge.com\/fr\/wp-json\/wp\/v2\/pages\/1395"}],"wp:featuredmedia":[{"embeddable":true,"href":"https:\/\/wedgehillslodge.com\/fr\/wp-json\/wp\/v2\/media\/9770"}],"wp:attachment":[{"href":"https:\/\/wedgehillslodge.com\/fr\/wp-json\/wp\/v2\/media?parent=2798"}],"curies":[{"name":"wp","href":"https:\/\/api.w.org\/{rel}","templated":true}]}}