{"id":2749,"date":"2020-01-31T20:56:05","date_gmt":"2020-01-31T20:56:05","guid":{"rendered":"https:\/\/dev.wedgehillslodge.com\/?page_id=2749"},"modified":"2026-01-19T10:45:29","modified_gmt":"2026-01-19T15:45:29","slug":"forfait-arctique-char-et-saumon","status":"publish","type":"page","link":"https:\/\/wedgehillslodge.com\/fr\/forfaits\/forfait-arctique-char-et-saumon\/","title":{"rendered":"Saumon Atlantique, Arctique Char &#038; Truite"},"content":{"rendered":"<div class=\"wpb-content-wrapper\"><p>[vc_row][vc_column][vc_column_text]<\/p>\n<h1>Saumon Atlantique, Arctique Char &amp; Truite<\/h1>\n<p>[\/vc_column_text][\/vc_column][\/vc_row][vc_row][vc_column width=\"1\/2\"][vc_column_text css=\"\"][\/vc_column_text][vc_column_text css=\"\"]<\/p>\n<h3>L\u2019Aventure Ultime de P\u00eache \u00e0 la Mouche dans le Grand Nord<\/h3>\n<p>Ce forfait exclusif de p\u00eache \u00e0 la mouche est con\u00e7u pour les p\u00eacheurs \u00e0 la recherche d\u2019une exp\u00e9rience ultime avec les trois esp\u00e8ces nordiques les plus pris\u00e9es : le saumon atlantique, l\u2019omble chevalier anadrome et la truite mouchet\u00e9e.<\/p>\n<p>Votre forfait comprend un vol panoramique vers des rivi\u00e8res recul\u00e9es et vierges le long de la c\u00f4te accident\u00e9e du Labrador, o\u00f9 vous passerez une journ\u00e9e compl\u00e8te \u00e0 cibler les puissants ombles chevaliers anadromes. Vous p\u00eacherez \u00e9galement la r\u00e9put\u00e9e rivi\u00e8re George, o\u00f9 vous attendent de superbes saumons atlantiques et truites mouchet\u00e9es.<\/p>\n<p>Cette aventure offre bien plus qu\u2019une p\u00eache de calibre mondial : c\u2019est une immersion totale au c\u0153ur du Nord. Admirez les panoramas spectaculaires des monts Torngat et de la c\u00f4te immacul\u00e9e du Labrador tout en poursuivant certaines des esp\u00e8ces les plus combatives et exaltantes d\u2019Am\u00e9rique du Nord.<\/p>\n<p>En survolant les vastes \u00e9tendues sauvages du Nord, gardez l\u2019\u0153il ouvert : vous pourriez apercevoir de majestueux icebergs d\u00e9rivant dans les eaux glac\u00e9es en contrebas et, avec un peu de chance, un ours polaire arpentant la c\u00f4te sauvage. Le vol lui-m\u00eame est une exp\u00e9rience inoubliable, offrant des vues a\u00e9riennes \u00e0 couper le souffle sur les fjords spectaculaires sculpt\u00e9s par les glaciers, leurs falaises imposantes et leurs anses bleu profond formant un pr\u00e9lude m\u00e9morable \u00e0 votre aventure nordique.<\/p>\n<hr \/>\n<h3>Points Forts du Voyage :<\/h3>\n<ul>\n<li>Exp\u00e9dition d\u2019une journ\u00e9e en h\u00e9licopt\u00e8re pour p\u00eacher l\u2019Arctique char<\/li>\n<li>P\u00eache au saumon atlantique et \u00e0 la truite mouchet\u00e9e sur la rivi\u00e8re George<\/li>\n<li>H\u00e9bergement confortable au Wedge Hills Lodge<\/li>\n<li>Paysages sauvages grandioses et acc\u00e8s \u00e0 des rivi\u00e8res isol\u00e9es<\/li>\n<li>Repas pr\u00e9par\u00e9s par un chef, avec hors-d\u2019\u0153uvre et collations<\/li>\n<\/ul>\n<p><strong>Esp\u00e8ces :<\/strong> Arctique char, saumon atlantique, truite mouchet\u00e9e, touladi, omble chevalier d\u2019eau douce<\/p>\n<p><strong>\u00c9quipement :<\/strong> p\u00eache \u00e0 la mouche uniquement<\/p>\n<hr \/>\n<h3>Tarifs et Dates de S\u00e9jour 2027<\/h3>\n<p>Voyage de 6 jours: 13 300 $ CAD | $10 600 $ USD<\/p>\n<p>**Rabais client de retour: 300 $ CAD | 250 $ USD<\/p>\n<p>**Rabais groupe complet (8 personnes): 2 400 $ CAD | 2 000 $ USD<\/p>\n<ul>\n<li>13 ao\u00fbt \u2013 18 ao\u00fbt<\/li>\n<li>18 ao\u00fbt \u2013 23 ao\u00fbt<\/li>\n<li>23 ao\u00fbt \u2013 28 ao\u00fbt<\/li>\n<li>28 ao\u00fbt \u2013 2 septembre<\/li>\n<li>2 septembre \u2013 7 septembre<\/li>\n<li>7 septembre \u2013 12 septembre<\/li>\n<\/ul>\n<p>[\/vc_column_text][vc_btn title=\"R\u00e9server maintenant\" link=\"url:https%3A%2F%2Fwedgehillslodge.com%2Ffr%2Freservation-voyage%2F%3Fmenu-951%3DForfait%2520Tout%2520Inclus%2520de%25208%2520jours%2520%252B%2520Char|||\"][\/vc_column][vc_column width=\"1\/2\"][vc_gallery type=\"image_grid\" images=\"10560,10575,10579,10571,10566,4941,4918,9088,10562,10568,10581,10577,10558,8198,4927,9090,9086,8190,8002,5883,5781,2752,10583,10564,10329,10331\" img_size=\"\" css=\"\"][\/vc_column][\/vc_row][vc_row el_class=\"inclusions\"][vc_column][vc_row_inner][vc_column_inner][vc_column_text css=\"\"]<\/p>\n<h2>Inclusions<\/h2>\n<div class=\"includes wpb_column vc_column_container vc_col-sm-6\">\n<div class=\"vc_column-inner\">\n<div class=\"wpb_wrapper\">\n<div class=\"wpb_text_column wpb_content_element \">\n<div class=\"wpb_wrapper\">\n<ul>\n<li style=\"list-style-type: none;\">\n<ul>\n<li>Billets d\u2019avion aller-retour entre Montr\u00e9al et Wedge Hills Lodge<\/li>\n<li>Transferts a\u00e9riens en h\u00e9licopt\u00e8re vers les sites de p\u00eache \u00e0 l\u2019Arctique char<\/li>\n<li>H\u00e9bergement en occupation double au Wedge Hills Lodge \u2014 5 nuits \/ 6 jours<\/li>\n<li>1 journ\u00e9e compl\u00e8te de p\u00eache \u00e0 la mouche \u00e0 l\u2019Arctique char dans le nord du Labrador en h\u00e9licopt\u00e8re<\/li>\n<li>3 \u00bd journ\u00e9es de p\u00eache au saumon atlantique et \u00e0 la truite mouchet\u00e9e sur la rivi\u00e8re George<\/li>\n<li>Tous les repas pr\u00e9par\u00e9s par notre chef au lodge (vin inclus au d\u00eener)<\/li>\n<li>Un guide professionnel pour chaque groupe de deux p\u00eacheurs<\/li>\n<li>Tous les permis de p\u00eache requis (3 permis \u2014 remise \u00e0 l\u2019eau obligatoire)<\/li>\n<li>Carburant illimit\u00e9 pour les d\u00e9placements sur la rivi\u00e8re<\/li>\n<li>Wi-Fi disponible au lodge<\/li>\n<li>Acc\u00e8s au salon et au spa ext\u00e9rieur chauff\u00e9 au bois<\/li>\n<li>Acc\u00e8s aux v\u00e9los \u00e9lectriques \u00e0 pneus larges (fat bikes) du lodge<\/li>\n<\/ul>\n<\/li>\n<\/ul>\n<\/div>\n<\/div>\n<\/div>\n<\/div>\n<\/div>\n<div class=\"excludes wpb_column vc_column_container vc_col-sm-6\">\n<div class=\"vc_column-inner\">\n<div class=\"wpb_wrapper\">\n<div class=\"wpb_text_column wpb_content_element \">\n<div class=\"wpb_wrapper\">\n<p class=\"title\"><strong>Non inclus :<\/strong><\/p>\n<ul>\n<li>Repas et h\u00e9bergement \u00e0 Montr\u00e9al<\/li>\n<li>Breuvages alcoolis\u00e9s (vin inclus avec souper)<\/li>\n<li>Pourboires<\/li>\n<li>taxes f\u00e9d\u00e9rales et provinciales (14,975%)<\/li>\n<\/ul>\n<\/div>\n<\/div>\n<\/div>\n<\/div>\n<\/div>\n<p>[\/vc_column_text][\/vc_column_inner][\/vc_row_inner][\/vc_column][\/vc_row][vc_row][vc_column][\/vc_column][\/vc_row]<\/p>\n<\/div>","protected":false},"excerpt":{"rendered":"<p>[vc_row][vc_column][vc_column_text] Saumon Atlantique, Arctique Char &amp; Truite [\/vc_column_text][\/vc_column][\/vc_row][vc_row][vc_column width=\"1\/2\"][vc_column_text css=\"\"][\/vc_column_text][vc_column_text css=\"\"] L\u2019Aventure Ultime de P\u00eache \u00e0 la Mouche dans le Grand Nord Ce forfait exclusif de p\u00eache \u00e0 la mouche est con\u00e7u pour les p\u00eacheurs \u00e0 la recherche d\u2019une exp\u00e9rience ultime avec les trois esp\u00e8ces nordiques les plus pris\u00e9es : le saumon atlantique, l\u2019omble chevalier &hellip; <a href=\"https:\/\/wedgehillslodge.com\/fr\/forfaits\/forfait-arctique-char-et-saumon\/\">Continued<\/a><\/p>\n","protected":false},"author":5,"featured_media":10573,"parent":2196,"menu_order":0,"comment_status":"closed","ping_status":"closed","template":"templates\/page-no-template.php","meta":{"_acf_changed":false,"footnotes":""},"class_list":["post-2749","page","type-page","status-publish","has-post-thumbnail","hentry"],"acf":[],"yoast_head":"<!-- This site is optimized with the Yoast SEO plugin v24.7 - https:\/\/yoast.com\/wordpress\/plugins\/seo\/ -->\n<title>Forfait P\u00eache Tout Inclus de 7 jours + Char - Wedge Hills Lodge<\/title>\n<meta name=\"description\" content=\"Ce forfait est con\u00e7u pour les aventuriers qui souhaitent d\u00e9couvrir la p\u00eache \u00e0 l\u2019omble chevalier sur une rivi\u00e8re \u00e9loign\u00e9e au Labrador.\" \/>\n<meta name=\"robots\" content=\"index, follow, max-snippet:-1, max-image-preview:large, max-video-preview:-1\" \/>\n<link rel=\"canonical\" href=\"https:\/\/wedgehillslodge.com\/fr\/forfaits\/forfait-arctique-char-et-saumon\/\" \/>\n<meta property=\"og:locale\" content=\"fr_FR\" \/>\n<meta property=\"og:type\" content=\"article\" \/>\n<meta property=\"og:title\" content=\"Forfait P\u00eache Tout Inclus de 7 jours + Char - Wedge Hills Lodge\" \/>\n<meta property=\"og:description\" content=\"Ce forfait est con\u00e7u pour les aventuriers qui souhaitent d\u00e9couvrir la p\u00eache \u00e0 l\u2019omble chevalier sur une rivi\u00e8re \u00e9loign\u00e9e au Labrador.\" \/>\n<meta property=\"og:url\" content=\"https:\/\/wedgehillslodge.com\/fr\/forfaits\/forfait-arctique-char-et-saumon\/\" \/>\n<meta property=\"og:site_name\" content=\"Wedge Hills Lodge\" \/>\n<meta property=\"article:modified_time\" content=\"2026-01-19T15:45:29+00:00\" \/>\n<meta property=\"og:image\" content=\"https:\/\/wedgehillslodge.com\/wp-content\/uploads\/2025\/10\/IMG_9184-e1760709231495.jpeg\" \/>\n\t<meta property=\"og:image:width\" content=\"1500\" \/>\n\t<meta property=\"og:image:height\" content=\"1289\" \/>\n\t<meta property=\"og:image:type\" content=\"image\/jpeg\" \/>\n<meta name=\"twitter:card\" content=\"summary_large_image\" \/>\n<meta name=\"twitter:label1\" content=\"Est. reading time\" \/>\n\t<meta name=\"twitter:data1\" content=\"8 minutes\" \/>\n<script type=\"application\/ld+json\" class=\"yoast-schema-graph\">{\"@context\":\"https:\/\/schema.org\",\"@graph\":[{\"@type\":\"WebPage\",\"@id\":\"https:\/\/wedgehillslodge.com\/fr\/forfaits\/forfait-arctique-char-et-saumon\/\",\"url\":\"https:\/\/wedgehillslodge.com\/fr\/forfaits\/forfait-arctique-char-et-saumon\/\",\"name\":\"Forfait P\u00eache Tout Inclus de 7 jours + Char - Wedge Hills Lodge\",\"isPartOf\":{\"@id\":\"https:\/\/wedgehillslodge.com\/#website\"},\"primaryImageOfPage\":{\"@id\":\"https:\/\/wedgehillslodge.com\/fr\/forfaits\/forfait-arctique-char-et-saumon\/#primaryimage\"},\"image\":{\"@id\":\"https:\/\/wedgehillslodge.com\/fr\/forfaits\/forfait-arctique-char-et-saumon\/#primaryimage\"},\"thumbnailUrl\":\"https:\/\/wedgehillslodge.com\/wp-content\/uploads\/2025\/10\/IMG_9184-e1760709231495.jpeg\",\"datePublished\":\"2020-01-31T20:56:05+00:00\",\"dateModified\":\"2026-01-19T15:45:29+00:00\",\"description\":\"Ce forfait est con\u00e7u pour les aventuriers qui souhaitent d\u00e9couvrir la p\u00eache \u00e0 l\u2019omble chevalier sur une rivi\u00e8re \u00e9loign\u00e9e au Labrador.\",\"breadcrumb\":{\"@id\":\"https:\/\/wedgehillslodge.com\/fr\/forfaits\/forfait-arctique-char-et-saumon\/#breadcrumb\"},\"inLanguage\":\"fr-FR\",\"potentialAction\":[{\"@type\":\"ReadAction\",\"target\":[\"https:\/\/wedgehillslodge.com\/fr\/forfaits\/forfait-arctique-char-et-saumon\/\"]}]},{\"@type\":\"ImageObject\",\"inLanguage\":\"fr-FR\",\"@id\":\"https:\/\/wedgehillslodge.com\/fr\/forfaits\/forfait-arctique-char-et-saumon\/#primaryimage\",\"url\":\"https:\/\/wedgehillslodge.com\/wp-content\/uploads\/2025\/10\/IMG_9184-e1760709231495.jpeg\",\"contentUrl\":\"https:\/\/wedgehillslodge.com\/wp-content\/uploads\/2025\/10\/IMG_9184-e1760709231495.jpeg\",\"width\":1500,\"height\":1289},{\"@type\":\"BreadcrumbList\",\"@id\":\"https:\/\/wedgehillslodge.com\/fr\/forfaits\/forfait-arctique-char-et-saumon\/#breadcrumb\",\"itemListElement\":[{\"@type\":\"ListItem\",\"position\":1,\"name\":\"Home\",\"item\":\"https:\/\/wedgehillslodge.com\/fr\/\"},{\"@type\":\"ListItem\",\"position\":2,\"name\":\"Forfaits de P\u00eache\",\"item\":\"https:\/\/wedgehillslodge.com\/fr\/forfaits\/\"},{\"@type\":\"ListItem\",\"position\":3,\"name\":\"Saumon Atlantique, Arctique Char &#038; Truite\"}]},{\"@type\":\"WebSite\",\"@id\":\"https:\/\/wedgehillslodge.com\/#website\",\"url\":\"https:\/\/wedgehillslodge.com\/\",\"name\":\"Wedge Hills Lodge\",\"description\":\"Atlantic Salmon Fly Fishing trips in Nunavik, Canada - INUA\",\"potentialAction\":[{\"@type\":\"SearchAction\",\"target\":{\"@type\":\"EntryPoint\",\"urlTemplate\":\"https:\/\/wedgehillslodge.com\/?s={search_term_string}\"},\"query-input\":{\"@type\":\"PropertyValueSpecification\",\"valueRequired\":true,\"valueName\":\"search_term_string\"}}],\"inLanguage\":\"fr-FR\"}]}<\/script>\n<!-- \/ Yoast SEO plugin. -->","yoast_head_json":{"title":"Forfait P\u00eache Tout Inclus de 7 jours + Char - Wedge Hills Lodge","description":"Ce forfait est con\u00e7u pour les aventuriers qui souhaitent d\u00e9couvrir la p\u00eache \u00e0 l\u2019omble chevalier sur une rivi\u00e8re \u00e9loign\u00e9e au Labrador.","robots":{"index":"index","follow":"follow","max-snippet":"max-snippet:-1","max-image-preview":"max-image-preview:large","max-video-preview":"max-video-preview:-1"},"canonical":"https:\/\/wedgehillslodge.com\/fr\/forfaits\/forfait-arctique-char-et-saumon\/","og_locale":"fr_FR","og_type":"article","og_title":"Forfait P\u00eache Tout Inclus de 7 jours + Char - Wedge Hills Lodge","og_description":"Ce forfait est con\u00e7u pour les aventuriers qui souhaitent d\u00e9couvrir la p\u00eache \u00e0 l\u2019omble chevalier sur une rivi\u00e8re \u00e9loign\u00e9e au Labrador.","og_url":"https:\/\/wedgehillslodge.com\/fr\/forfaits\/forfait-arctique-char-et-saumon\/","og_site_name":"Wedge Hills Lodge","article_modified_time":"2026-01-19T15:45:29+00:00","og_image":[{"width":1500,"height":1289,"url":"https:\/\/wedgehillslodge.com\/wp-content\/uploads\/2025\/10\/IMG_9184-e1760709231495.jpeg","type":"image\/jpeg"}],"twitter_card":"summary_large_image","twitter_misc":{"Est. reading time":"8 minutes"},"schema":{"@context":"https:\/\/schema.org","@graph":[{"@type":"WebPage","@id":"https:\/\/wedgehillslodge.com\/fr\/forfaits\/forfait-arctique-char-et-saumon\/","url":"https:\/\/wedgehillslodge.com\/fr\/forfaits\/forfait-arctique-char-et-saumon\/","name":"Forfait P\u00eache Tout Inclus de 7 jours + Char - Wedge Hills Lodge","isPartOf":{"@id":"https:\/\/wedgehillslodge.com\/#website"},"primaryImageOfPage":{"@id":"https:\/\/wedgehillslodge.com\/fr\/forfaits\/forfait-arctique-char-et-saumon\/#primaryimage"},"image":{"@id":"https:\/\/wedgehillslodge.com\/fr\/forfaits\/forfait-arctique-char-et-saumon\/#primaryimage"},"thumbnailUrl":"https:\/\/wedgehillslodge.com\/wp-content\/uploads\/2025\/10\/IMG_9184-e1760709231495.jpeg","datePublished":"2020-01-31T20:56:05+00:00","dateModified":"2026-01-19T15:45:29+00:00","description":"Ce forfait est con\u00e7u pour les aventuriers qui souhaitent d\u00e9couvrir la p\u00eache \u00e0 l\u2019omble chevalier sur une rivi\u00e8re \u00e9loign\u00e9e au Labrador.","breadcrumb":{"@id":"https:\/\/wedgehillslodge.com\/fr\/forfaits\/forfait-arctique-char-et-saumon\/#breadcrumb"},"inLanguage":"fr-FR","potentialAction":[{"@type":"ReadAction","target":["https:\/\/wedgehillslodge.com\/fr\/forfaits\/forfait-arctique-char-et-saumon\/"]}]},{"@type":"ImageObject","inLanguage":"fr-FR","@id":"https:\/\/wedgehillslodge.com\/fr\/forfaits\/forfait-arctique-char-et-saumon\/#primaryimage","url":"https:\/\/wedgehillslodge.com\/wp-content\/uploads\/2025\/10\/IMG_9184-e1760709231495.jpeg","contentUrl":"https:\/\/wedgehillslodge.com\/wp-content\/uploads\/2025\/10\/IMG_9184-e1760709231495.jpeg","width":1500,"height":1289},{"@type":"BreadcrumbList","@id":"https:\/\/wedgehillslodge.com\/fr\/forfaits\/forfait-arctique-char-et-saumon\/#breadcrumb","itemListElement":[{"@type":"ListItem","position":1,"name":"Home","item":"https:\/\/wedgehillslodge.com\/fr\/"},{"@type":"ListItem","position":2,"name":"Forfaits de P\u00eache","item":"https:\/\/wedgehillslodge.com\/fr\/forfaits\/"},{"@type":"ListItem","position":3,"name":"Saumon Atlantique, Arctique Char &#038; Truite"}]},{"@type":"WebSite","@id":"https:\/\/wedgehillslodge.com\/#website","url":"https:\/\/wedgehillslodge.com\/","name":"Wedge Hills Lodge","description":"Atlantic Salmon Fly Fishing trips in Nunavik, Canada - INUA","potentialAction":[{"@type":"SearchAction","target":{"@type":"EntryPoint","urlTemplate":"https:\/\/wedgehillslodge.com\/?s={search_term_string}"},"query-input":{"@type":"PropertyValueSpecification","valueRequired":true,"valueName":"search_term_string"}}],"inLanguage":"fr-FR"}]}},"_links":{"self":[{"href":"https:\/\/wedgehillslodge.com\/fr\/wp-json\/wp\/v2\/pages\/2749","targetHints":{"allow":["GET"]}}],"collection":[{"href":"https:\/\/wedgehillslodge.com\/fr\/wp-json\/wp\/v2\/pages"}],"about":[{"href":"https:\/\/wedgehillslodge.com\/fr\/wp-json\/wp\/v2\/types\/page"}],"author":[{"embeddable":true,"href":"https:\/\/wedgehillslodge.com\/fr\/wp-json\/wp\/v2\/users\/5"}],"replies":[{"embeddable":true,"href":"https:\/\/wedgehillslodge.com\/fr\/wp-json\/wp\/v2\/comments?post=2749"}],"version-history":[{"count":40,"href":"https:\/\/wedgehillslodge.com\/fr\/wp-json\/wp\/v2\/pages\/2749\/revisions"}],"predecessor-version":[{"id":11829,"href":"https:\/\/wedgehillslodge.com\/fr\/wp-json\/wp\/v2\/pages\/2749\/revisions\/11829"}],"up":[{"embeddable":true,"href":"https:\/\/wedgehillslodge.com\/fr\/wp-json\/wp\/v2\/pages\/2196"}],"wp:featuredmedia":[{"embeddable":true,"href":"https:\/\/wedgehillslodge.com\/fr\/wp-json\/wp\/v2\/media\/10573"}],"wp:attachment":[{"href":"https:\/\/wedgehillslodge.com\/fr\/wp-json\/wp\/v2\/media?parent=2749"}],"curies":[{"name":"wp","href":"https:\/\/api.w.org\/{rel}","templated":true}]}}