{"id":2675,"date":"2020-01-29T19:56:44","date_gmt":"2020-01-29T19:56:44","guid":{"rendered":"https:\/\/dev.wedgehillslodge.com\/forfaits\/aerial-tour\/"},"modified":"2023-08-16T18:20:03","modified_gmt":"2023-08-16T22:20:03","slug":"circuit-heli-peche","status":"publish","type":"page","link":"https:\/\/wedgehillslodge.com\/fr\/forfaits\/circuit-heli-peche\/","title":{"rendered":"Circuit Arctique Char"},"content":{"rendered":"<div class=\"wpb-content-wrapper\"><p>[vc_row][vc_column][vc_column_text]<\/p>\n<h1>Circuit Arctique Char<\/h1>\n<p>[\/vc_column_text][\/vc_column][\/vc_row][vc_row][vc_column width=\"1\/2\"][vc_column_text]<\/p>\n<h3>\u00c0 partir de 1,500 $ (CAD)<\/h3>\n<p>[\/vc_column_text][vc_column_text]Explorez le paysage de la p\u00e9ninsule du Qu\u00e9bec-Labrador \u00e0 vol d'oiseau! Prenez une pause du bateau et offrez-vous une journ\u00e9e de p\u00eache et une visite guid\u00e9e dans un DHC-2 Beaver ou Cessna 206.<\/p>\n<p>Prenez un vol vers un site de p\u00eache \u00e0 l'omble chevalier et essayez de p\u00eacher cette esp\u00e8ce nordique agressif et tr\u00e8s recherch\u00e9e.<\/p>\n<p>**conditions m\u00e9t\u00e9orologiques favorables et des r\u00e9servations \u00e0 l'avance sont n\u00e9cessaires.[\/vc_column_text][vc_btn title=\"Demandez un devis personnalis\u00e9\" link=\"url:https%3A%2F%2Fwedgehillslodge.com%2Ffr%2Fcontact%2F|title:Contact||\"][\/vc_column][vc_column width=\"1\/2\"][vc_gallery type=\"flexslider_slide\" interval=\"3\" images=\"2875,4285,2758,1291,795,4941,4927\" img_size=\"600x300\" onclick=\"img_link_large\" custom_links_target=\"_blank\"][\/vc_column][\/vc_row][vc_row][vc_column][\/vc_column][\/vc_row]<\/p>\n<\/div>","protected":false},"excerpt":{"rendered":"<p>[vc_row][vc_column][vc_column_text] Circuit Arctique Char [\/vc_column_text][\/vc_column][\/vc_row][vc_row][vc_column width=\"1\/2\"][vc_column_text] \u00c0 partir de 1,500 $ (CAD) [\/vc_column_text][vc_column_text]Explorez le paysage de la p\u00e9ninsule du Qu\u00e9bec-Labrador \u00e0 vol d'oiseau! Prenez une pause du bateau et offrez-vous une journ\u00e9e de p\u00eache et une visite guid\u00e9e dans un DHC-2 Beaver ou Cessna 206. Prenez un vol vers un site de p\u00eache \u00e0 l'omble &hellip; <a href=\"https:\/\/wedgehillslodge.com\/fr\/forfaits\/circuit-heli-peche\/\">Continued<\/a><\/p>\n","protected":false},"author":5,"featured_media":4922,"parent":2196,"menu_order":0,"comment_status":"closed","ping_status":"closed","template":"templates\/page-no-template.php","meta":{"_acf_changed":false,"footnotes":""},"class_list":["post-2675","page","type-page","status-publish","has-post-thumbnail","hentry"],"acf":[],"yoast_head":"<!-- This site is optimized with the Yoast SEO plugin v24.7 - https:\/\/yoast.com\/wordpress\/plugins\/seo\/ -->\n<title>Circuit H\u00e9li-p\u00eache (2020) Qu\u00e9bec - Wedge Hills Lodge<\/title>\n<meta name=\"description\" content=\"Explorez le paysage de la p\u00e9ninsule du Qu\u00e9bec-Labrador \u00e0 vol d\u2019oiseau! D\u00e9couvrer notre Circuit H\u00e9li-p\u00eache Qu\u00e9bec-Labrador.\" \/>\n<meta name=\"robots\" content=\"index, follow, max-snippet:-1, max-image-preview:large, max-video-preview:-1\" \/>\n<link rel=\"canonical\" href=\"https:\/\/wedgehillslodge.com\/fr\/forfaits\/circuit-heli-peche\/\" \/>\n<meta property=\"og:locale\" content=\"fr_FR\" \/>\n<meta property=\"og:type\" content=\"article\" \/>\n<meta property=\"og:title\" content=\"Circuit H\u00e9li-p\u00eache (2020) Qu\u00e9bec - Wedge Hills Lodge\" \/>\n<meta property=\"og:description\" content=\"Explorez le paysage de la p\u00e9ninsule du Qu\u00e9bec-Labrador \u00e0 vol d\u2019oiseau! D\u00e9couvrer notre Circuit H\u00e9li-p\u00eache Qu\u00e9bec-Labrador.\" \/>\n<meta property=\"og:url\" content=\"https:\/\/wedgehillslodge.com\/fr\/forfaits\/circuit-heli-peche\/\" \/>\n<meta property=\"og:site_name\" content=\"Wedge Hills Lodge\" \/>\n<meta property=\"article:modified_time\" content=\"2023-08-16T22:20:03+00:00\" \/>\n<meta property=\"og:image\" content=\"https:\/\/wedgehillslodge.com\/wp-content\/uploads\/2021\/09\/3C66B63A-91E0-4101-B65E-F3434FBB4AA0.jpeg\" \/>\n\t<meta property=\"og:image:width\" content=\"1500\" \/>\n\t<meta property=\"og:image:height\" content=\"500\" \/>\n\t<meta property=\"og:image:type\" content=\"image\/jpeg\" \/>\n<meta name=\"twitter:card\" content=\"summary_large_image\" \/>\n<meta name=\"twitter:label1\" content=\"Est. reading time\" \/>\n\t<meta name=\"twitter:data1\" content=\"1 minute\" \/>\n<script type=\"application\/ld+json\" class=\"yoast-schema-graph\">{\"@context\":\"https:\/\/schema.org\",\"@graph\":[{\"@type\":\"WebPage\",\"@id\":\"https:\/\/wedgehillslodge.com\/fr\/forfaits\/circuit-heli-peche\/\",\"url\":\"https:\/\/wedgehillslodge.com\/fr\/forfaits\/circuit-heli-peche\/\",\"name\":\"Circuit H\u00e9li-p\u00eache (2020) Qu\u00e9bec - Wedge Hills Lodge\",\"isPartOf\":{\"@id\":\"https:\/\/wedgehillslodge.com\/#website\"},\"primaryImageOfPage\":{\"@id\":\"https:\/\/wedgehillslodge.com\/fr\/forfaits\/circuit-heli-peche\/#primaryimage\"},\"image\":{\"@id\":\"https:\/\/wedgehillslodge.com\/fr\/forfaits\/circuit-heli-peche\/#primaryimage\"},\"thumbnailUrl\":\"https:\/\/wedgehillslodge.com\/wp-content\/uploads\/2021\/09\/3C66B63A-91E0-4101-B65E-F3434FBB4AA0.jpeg\",\"datePublished\":\"2020-01-29T19:56:44+00:00\",\"dateModified\":\"2023-08-16T22:20:03+00:00\",\"description\":\"Explorez le paysage de la p\u00e9ninsule du Qu\u00e9bec-Labrador \u00e0 vol d\u2019oiseau! D\u00e9couvrer notre Circuit H\u00e9li-p\u00eache Qu\u00e9bec-Labrador.\",\"breadcrumb\":{\"@id\":\"https:\/\/wedgehillslodge.com\/fr\/forfaits\/circuit-heli-peche\/#breadcrumb\"},\"inLanguage\":\"fr-FR\",\"potentialAction\":[{\"@type\":\"ReadAction\",\"target\":[\"https:\/\/wedgehillslodge.com\/fr\/forfaits\/circuit-heli-peche\/\"]}]},{\"@type\":\"ImageObject\",\"inLanguage\":\"fr-FR\",\"@id\":\"https:\/\/wedgehillslodge.com\/fr\/forfaits\/circuit-heli-peche\/#primaryimage\",\"url\":\"https:\/\/wedgehillslodge.com\/wp-content\/uploads\/2021\/09\/3C66B63A-91E0-4101-B65E-F3434FBB4AA0.jpeg\",\"contentUrl\":\"https:\/\/wedgehillslodge.com\/wp-content\/uploads\/2021\/09\/3C66B63A-91E0-4101-B65E-F3434FBB4AA0.jpeg\",\"width\":1500,\"height\":500},{\"@type\":\"BreadcrumbList\",\"@id\":\"https:\/\/wedgehillslodge.com\/fr\/forfaits\/circuit-heli-peche\/#breadcrumb\",\"itemListElement\":[{\"@type\":\"ListItem\",\"position\":1,\"name\":\"Home\",\"item\":\"https:\/\/wedgehillslodge.com\/fr\/\"},{\"@type\":\"ListItem\",\"position\":2,\"name\":\"Forfaits de P\u00eache\",\"item\":\"https:\/\/wedgehillslodge.com\/fr\/forfaits\/\"},{\"@type\":\"ListItem\",\"position\":3,\"name\":\"Circuit Arctique Char\"}]},{\"@type\":\"WebSite\",\"@id\":\"https:\/\/wedgehillslodge.com\/#website\",\"url\":\"https:\/\/wedgehillslodge.com\/\",\"name\":\"Wedge Hills Lodge\",\"description\":\"Atlantic Salmon Fly Fishing trips in Nunavik, Canada - INUA\",\"potentialAction\":[{\"@type\":\"SearchAction\",\"target\":{\"@type\":\"EntryPoint\",\"urlTemplate\":\"https:\/\/wedgehillslodge.com\/?s={search_term_string}\"},\"query-input\":{\"@type\":\"PropertyValueSpecification\",\"valueRequired\":true,\"valueName\":\"search_term_string\"}}],\"inLanguage\":\"fr-FR\"}]}<\/script>\n<!-- \/ Yoast SEO plugin. -->","yoast_head_json":{"title":"Circuit H\u00e9li-p\u00eache (2020) Qu\u00e9bec - Wedge Hills Lodge","description":"Explorez le paysage de la p\u00e9ninsule du Qu\u00e9bec-Labrador \u00e0 vol d\u2019oiseau! D\u00e9couvrer notre Circuit H\u00e9li-p\u00eache Qu\u00e9bec-Labrador.","robots":{"index":"index","follow":"follow","max-snippet":"max-snippet:-1","max-image-preview":"max-image-preview:large","max-video-preview":"max-video-preview:-1"},"canonical":"https:\/\/wedgehillslodge.com\/fr\/forfaits\/circuit-heli-peche\/","og_locale":"fr_FR","og_type":"article","og_title":"Circuit H\u00e9li-p\u00eache (2020) Qu\u00e9bec - Wedge Hills Lodge","og_description":"Explorez le paysage de la p\u00e9ninsule du Qu\u00e9bec-Labrador \u00e0 vol d\u2019oiseau! D\u00e9couvrer notre Circuit H\u00e9li-p\u00eache Qu\u00e9bec-Labrador.","og_url":"https:\/\/wedgehillslodge.com\/fr\/forfaits\/circuit-heli-peche\/","og_site_name":"Wedge Hills Lodge","article_modified_time":"2023-08-16T22:20:03+00:00","og_image":[{"width":1500,"height":500,"url":"https:\/\/wedgehillslodge.com\/wp-content\/uploads\/2021\/09\/3C66B63A-91E0-4101-B65E-F3434FBB4AA0.jpeg","type":"image\/jpeg"}],"twitter_card":"summary_large_image","twitter_misc":{"Est. reading time":"1 minute"},"schema":{"@context":"https:\/\/schema.org","@graph":[{"@type":"WebPage","@id":"https:\/\/wedgehillslodge.com\/fr\/forfaits\/circuit-heli-peche\/","url":"https:\/\/wedgehillslodge.com\/fr\/forfaits\/circuit-heli-peche\/","name":"Circuit H\u00e9li-p\u00eache (2020) Qu\u00e9bec - Wedge Hills Lodge","isPartOf":{"@id":"https:\/\/wedgehillslodge.com\/#website"},"primaryImageOfPage":{"@id":"https:\/\/wedgehillslodge.com\/fr\/forfaits\/circuit-heli-peche\/#primaryimage"},"image":{"@id":"https:\/\/wedgehillslodge.com\/fr\/forfaits\/circuit-heli-peche\/#primaryimage"},"thumbnailUrl":"https:\/\/wedgehillslodge.com\/wp-content\/uploads\/2021\/09\/3C66B63A-91E0-4101-B65E-F3434FBB4AA0.jpeg","datePublished":"2020-01-29T19:56:44+00:00","dateModified":"2023-08-16T22:20:03+00:00","description":"Explorez le paysage de la p\u00e9ninsule du Qu\u00e9bec-Labrador \u00e0 vol d\u2019oiseau! D\u00e9couvrer notre Circuit H\u00e9li-p\u00eache Qu\u00e9bec-Labrador.","breadcrumb":{"@id":"https:\/\/wedgehillslodge.com\/fr\/forfaits\/circuit-heli-peche\/#breadcrumb"},"inLanguage":"fr-FR","potentialAction":[{"@type":"ReadAction","target":["https:\/\/wedgehillslodge.com\/fr\/forfaits\/circuit-heli-peche\/"]}]},{"@type":"ImageObject","inLanguage":"fr-FR","@id":"https:\/\/wedgehillslodge.com\/fr\/forfaits\/circuit-heli-peche\/#primaryimage","url":"https:\/\/wedgehillslodge.com\/wp-content\/uploads\/2021\/09\/3C66B63A-91E0-4101-B65E-F3434FBB4AA0.jpeg","contentUrl":"https:\/\/wedgehillslodge.com\/wp-content\/uploads\/2021\/09\/3C66B63A-91E0-4101-B65E-F3434FBB4AA0.jpeg","width":1500,"height":500},{"@type":"BreadcrumbList","@id":"https:\/\/wedgehillslodge.com\/fr\/forfaits\/circuit-heli-peche\/#breadcrumb","itemListElement":[{"@type":"ListItem","position":1,"name":"Home","item":"https:\/\/wedgehillslodge.com\/fr\/"},{"@type":"ListItem","position":2,"name":"Forfaits de P\u00eache","item":"https:\/\/wedgehillslodge.com\/fr\/forfaits\/"},{"@type":"ListItem","position":3,"name":"Circuit Arctique Char"}]},{"@type":"WebSite","@id":"https:\/\/wedgehillslodge.com\/#website","url":"https:\/\/wedgehillslodge.com\/","name":"Wedge Hills Lodge","description":"Atlantic Salmon Fly Fishing trips in Nunavik, Canada - INUA","potentialAction":[{"@type":"SearchAction","target":{"@type":"EntryPoint","urlTemplate":"https:\/\/wedgehillslodge.com\/?s={search_term_string}"},"query-input":{"@type":"PropertyValueSpecification","valueRequired":true,"valueName":"search_term_string"}}],"inLanguage":"fr-FR"}]}},"_links":{"self":[{"href":"https:\/\/wedgehillslodge.com\/fr\/wp-json\/wp\/v2\/pages\/2675","targetHints":{"allow":["GET"]}}],"collection":[{"href":"https:\/\/wedgehillslodge.com\/fr\/wp-json\/wp\/v2\/pages"}],"about":[{"href":"https:\/\/wedgehillslodge.com\/fr\/wp-json\/wp\/v2\/types\/page"}],"author":[{"embeddable":true,"href":"https:\/\/wedgehillslodge.com\/fr\/wp-json\/wp\/v2\/users\/5"}],"replies":[{"embeddable":true,"href":"https:\/\/wedgehillslodge.com\/fr\/wp-json\/wp\/v2\/comments?post=2675"}],"version-history":[{"count":14,"href":"https:\/\/wedgehillslodge.com\/fr\/wp-json\/wp\/v2\/pages\/2675\/revisions"}],"predecessor-version":[{"id":8788,"href":"https:\/\/wedgehillslodge.com\/fr\/wp-json\/wp\/v2\/pages\/2675\/revisions\/8788"}],"up":[{"embeddable":true,"href":"https:\/\/wedgehillslodge.com\/fr\/wp-json\/wp\/v2\/pages\/2196"}],"wp:featuredmedia":[{"embeddable":true,"href":"https:\/\/wedgehillslodge.com\/fr\/wp-json\/wp\/v2\/media\/4922"}],"wp:attachment":[{"href":"https:\/\/wedgehillslodge.com\/fr\/wp-json\/wp\/v2\/media?parent=2675"}],"curies":[{"name":"wp","href":"https:\/\/api.w.org\/{rel}","templated":true}]}}