{"id":2659,"date":"2020-01-30T20:05:51","date_gmt":"2020-01-30T20:05:51","guid":{"rendered":"https:\/\/dev.wedgehillslodge.com\/forfaits\/all-inclusive-package\/"},"modified":"2026-01-19T09:56:48","modified_gmt":"2026-01-19T14:56:48","slug":"forfait-saumon-truite-tout-inclus","status":"publish","type":"page","link":"https:\/\/wedgehillslodge.com\/fr\/forfaits\/forfait-saumon-truite-tout-inclus\/","title":{"rendered":"Saumon Atlantique &#038; Truite"},"content":{"rendered":"<div class=\"wpb-content-wrapper\"><p>[vc_row][vc_column][vc_column_text]<\/p>\n<h1>Saumon Atlantique &amp; Truite<\/h1>\n<p>[\/vc_column_text][\/vc_column][\/vc_row][vc_row][vc_column width=\"1\/2\"][vc_column_text css=\"\"][\/vc_column_text][vc_column_text css=\"\"]Laissez-nous prendre soin de vous du d\u00e9but \u00e0 la fin avec ce forfait tout compris, sp\u00e9cialement con\u00e7u pour ceux qui r\u00eavent de combiner la p\u00eache au saumon atlantique et \u00e0 la truite dans un cadre spectaculaire. D\u00e8s votre d\u00e9part, nous nous occupons de chaque d\u00e9tail logistique \u2014 transport, h\u00e9bergement et plus encore \u2014 pour que vous puissiez vous concentrer uniquement sur le plaisir. Profitez du confort exceptionnel de notre lodge, savourez des repas gastronomiques pr\u00e9par\u00e9s par notre chef, et laissez-vous guider par des experts vers des lieux de p\u00eache parmi les plus r\u00e9put\u00e9s au monde. Une aventure sans souci, riche en \u00e9motions et en prises m\u00e9morables vous attend !<\/p>\n<p><strong>Esp\u00e8ces<\/strong>: saumon atlantique, mouchet\u00e9e, touladi, et char eau douce<\/p>\n<p><strong>\u00c9quipement<\/strong>: p\u00eache \u00e0 la mouche, remise \u00e0 l\u2019eau seulement (sauf que pour les repas)<\/p>\n<p>&nbsp;<\/p>\n<h3 data-start=\"556\" data-end=\"590\">Tarifs et dates de s\u00e9jour 2027<\/h3>\n<p data-start=\"592\" data-end=\"644\"><strong>Voyage de 6 jours<\/strong> : 10 800 $ CAD | 8 600 $ USD<\/p>\n<p data-start=\"646\" data-end=\"769\"><strong>Rabais client de retour<\/strong> : 300 $ CAD | 250 $ USD<\/p>\n<p data-start=\"646\" data-end=\"769\"><strong>Rabais groupe complet (8 personnes)<\/strong> : 2 400 $ CAD | 2 000 $ USD<\/p>\n<ul data-start=\"771\" data-end=\"1063\">\n<li data-start=\"771\" data-end=\"840\">\n<p data-start=\"773\" data-end=\"840\">2 au 8 ao\u00fbt (7 jours \u2013 bonus : +1 jour en d\u00e9but de migration)<\/p>\n<\/li>\n<li data-start=\"841\" data-end=\"861\">\n<p data-start=\"843\" data-end=\"861\">8 au 13 ao\u00fbt<\/p>\n<\/li>\n<li data-start=\"862\" data-end=\"883\">\n<p data-start=\"864\" data-end=\"883\">13 au 18 ao\u00fbt<\/p>\n<\/li>\n<li data-start=\"884\" data-end=\"905\">\n<p data-start=\"886\" data-end=\"905\">18 au 23 ao\u00fbt<\/p>\n<\/li>\n<li data-start=\"906\" data-end=\"927\">\n<p data-start=\"908\" data-end=\"927\">23 au 28 ao\u00fbt<\/p>\n<\/li>\n<li data-start=\"928\" data-end=\"958\">\n<p data-start=\"930\" data-end=\"958\">28 ao\u00fbt au 2 septembre<\/p>\n<\/li>\n<li data-start=\"959\" data-end=\"983\">\n<p data-start=\"961\" data-end=\"983\">2 au 7 septembre<\/p>\n<\/li>\n<li data-start=\"984\" data-end=\"1009\">\n<p data-start=\"986\" data-end=\"1009\">7 au 12 septembre<\/p>\n<\/li>\n<li data-start=\"1010\" data-end=\"1036\">\n<p data-start=\"1012\" data-end=\"1036\">12 au 17 septembre<\/p>\n<\/li>\n<li data-start=\"1037\" data-end=\"1063\">\n<p data-start=\"1039\" data-end=\"1063\">17 au 22 septembre<\/p>\n<\/li>\n<\/ul>\n<p>[\/vc_column_text][vc_btn title=\"R\u00e9server maintenant\" link=\"url:https%3A%2F%2Fwedgehillslodge.com%2Ffr%2Freservation-voyage%2F%3Fmenu-951%3DForfait%2520Tout%2520Inclus|||\"][\/vc_column][vc_column width=\"1\/2\"][vc_gallery type=\"image_grid\" images=\"5815,5781,5843,572,2590,1125,1137,596,527,9676,9289,7100,5895,5879,5883,5885,5877,5861,5855,5849,5813,5821,5817,5819\" img_size=\"\" css=\"\"][\/vc_column][\/vc_row][vc_row el_class=\"inclusions\"][vc_column][vc_row_inner][vc_column_inner][vc_column_text]<\/p>\n<h2>Inclusions<\/h2>\n<p>[\/vc_column_text][\/vc_column_inner][\/vc_row_inner][vc_row_inner][vc_column_inner el_class=\"includes\" width=\"1\/2\"][vc_column_text css=\"\"]<strong>Inclus :<\/strong><\/p>\n<ul>\n<li>Transport aller-retour entre Montr\u00e9al et Wedge Hills Lodge<\/li>\n<li>5 nuits \/ 6 jours, accommodations au lodge en occupation double<\/li>\n<li>4-1\/2 jours de p\u00eache sur la rivi\u00e8re George<\/li>\n<li>D\u00e9jeuner, souper, hors d\u2019\u0153uvres et collations pr\u00e9par\u00e9s par notre chef (y compris le vin avec le souper)<\/li>\n<li>D\u00eener chaud pr\u00e9par\u00e9 par votre guide dans un de nos gazebos sur la rive<\/li>\n<li>Un guide professionnel pour deux personnes<\/li>\n<li>Tous les permis de p\u00eache n\u00e9cessaires (2 permis requis; remise \u00e0 l'eau)<\/li>\n<li>Carburant illimit\u00e9 pour voyager sur la rivi\u00e8re<\/li>\n<li>Wi-Fi au lodge<\/li>\n<li>Acc\u00e8s au lounge et au bain \u00e0 remous au bois<\/li>\n<li>Acc\u00e8s aux fat bikes \u00e9lectriques au lodge<\/li>\n<\/ul>\n<p>[\/vc_column_text][\/vc_column_inner][vc_column_inner el_class=\"excludes\" width=\"1\/2\"][vc_column_text]<\/p>\n<p class=\"title\"><strong>Non inclus :<\/strong><\/p>\n<ul>\n<li>Repas et h\u00e9bergement \u00e0 Montr\u00e9al<\/li>\n<li>Breuvages alcoolis\u00e9s (vin inclus avec souper)<\/li>\n<li>Pourboires<\/li>\n<li>taxes f\u00e9d\u00e9rales et provinciales (14,975%)<\/li>\n<\/ul>\n<p>[\/vc_column_text][\/vc_column_inner][\/vc_row_inner][\/vc_column][\/vc_row][vc_row full_width=\"stretch_row\" el_class=\"days-packages\"][vc_column][\/vc_column][\/vc_row]<\/p>\n<\/div>","protected":false},"excerpt":{"rendered":"<p>[vc_row][vc_column][vc_column_text] Saumon Atlantique &amp; Truite [\/vc_column_text][\/vc_column][\/vc_row][vc_row][vc_column width=\"1\/2\"][vc_column_text css=\"\"][\/vc_column_text][vc_column_text css=\"\"]Laissez-nous prendre soin de vous du d\u00e9but \u00e0 la fin avec ce forfait tout compris, sp\u00e9cialement con\u00e7u pour ceux qui r\u00eavent de combiner la p\u00eache au saumon atlantique et \u00e0 la truite dans un cadre spectaculaire. D\u00e8s votre d\u00e9part, nous nous occupons de chaque d\u00e9tail logistique \u2014 &hellip; <a href=\"https:\/\/wedgehillslodge.com\/fr\/forfaits\/forfait-saumon-truite-tout-inclus\/\">Continued<\/a><\/p>\n","protected":false},"author":5,"featured_media":1143,"parent":2196,"menu_order":0,"comment_status":"closed","ping_status":"closed","template":"templates\/page-no-template.php","meta":{"_acf_changed":false,"footnotes":""},"class_list":["post-2659","page","type-page","status-publish","has-post-thumbnail","hentry"],"acf":[],"yoast_head":"<!-- This site is optimized with the Yoast SEO plugin v24.7 - https:\/\/yoast.com\/wordpress\/plugins\/seo\/ -->\n<title>Forfait P\u00eache \u00e0 la Mouche Tout Inclus - Wedge Hills Lodge<\/title>\n<meta name=\"description\" content=\"Ce forfait convient \u00e0 ceux qui aiment voyager et p\u00eacher mais qui ont un horaire serr\u00e9.D\u00e9couvrer le Forfait P\u00eache \u00e0 la Mouche Tout Inclus.\" \/>\n<meta name=\"robots\" content=\"index, follow, max-snippet:-1, max-image-preview:large, max-video-preview:-1\" \/>\n<link rel=\"canonical\" href=\"https:\/\/wedgehillslodge.com\/fr\/forfaits\/forfait-saumon-truite-tout-inclus\/\" \/>\n<meta property=\"og:locale\" content=\"fr_FR\" \/>\n<meta property=\"og:type\" content=\"article\" \/>\n<meta property=\"og:title\" content=\"Forfait P\u00eache \u00e0 la Mouche Tout Inclus - Wedge Hills Lodge\" \/>\n<meta property=\"og:description\" content=\"Ce forfait convient \u00e0 ceux qui aiment voyager et p\u00eacher mais qui ont un horaire serr\u00e9.D\u00e9couvrer le Forfait P\u00eache \u00e0 la Mouche Tout Inclus.\" \/>\n<meta property=\"og:url\" content=\"https:\/\/wedgehillslodge.com\/fr\/forfaits\/forfait-saumon-truite-tout-inclus\/\" \/>\n<meta property=\"og:site_name\" content=\"Wedge Hills Lodge\" \/>\n<meta property=\"article:modified_time\" content=\"2026-01-19T14:56:48+00:00\" \/>\n<meta property=\"og:image\" content=\"https:\/\/wedgehillslodge.com\/wp-content\/uploads\/2019\/10\/gallery-27-e1760712290420.jpg\" \/>\n\t<meta property=\"og:image:width\" content=\"2385\" \/>\n\t<meta property=\"og:image:height\" content=\"1216\" \/>\n\t<meta property=\"og:image:type\" content=\"image\/jpeg\" \/>\n<meta name=\"twitter:card\" content=\"summary_large_image\" \/>\n<meta name=\"twitter:label1\" content=\"Est. reading time\" \/>\n\t<meta name=\"twitter:data1\" content=\"2 minutes\" \/>\n<script type=\"application\/ld+json\" class=\"yoast-schema-graph\">{\"@context\":\"https:\/\/schema.org\",\"@graph\":[{\"@type\":\"WebPage\",\"@id\":\"https:\/\/wedgehillslodge.com\/fr\/forfaits\/forfait-saumon-truite-tout-inclus\/\",\"url\":\"https:\/\/wedgehillslodge.com\/fr\/forfaits\/forfait-saumon-truite-tout-inclus\/\",\"name\":\"Forfait P\u00eache \u00e0 la Mouche Tout Inclus - Wedge Hills Lodge\",\"isPartOf\":{\"@id\":\"https:\/\/wedgehillslodge.com\/#website\"},\"primaryImageOfPage\":{\"@id\":\"https:\/\/wedgehillslodge.com\/fr\/forfaits\/forfait-saumon-truite-tout-inclus\/#primaryimage\"},\"image\":{\"@id\":\"https:\/\/wedgehillslodge.com\/fr\/forfaits\/forfait-saumon-truite-tout-inclus\/#primaryimage\"},\"thumbnailUrl\":\"https:\/\/wedgehillslodge.com\/wp-content\/uploads\/2019\/10\/gallery-27-e1760712290420.jpg\",\"datePublished\":\"2020-01-30T20:05:51+00:00\",\"dateModified\":\"2026-01-19T14:56:48+00:00\",\"description\":\"Ce forfait convient \u00e0 ceux qui aiment voyager et p\u00eacher mais qui ont un horaire serr\u00e9.D\u00e9couvrer le Forfait P\u00eache \u00e0 la Mouche Tout Inclus.\",\"breadcrumb\":{\"@id\":\"https:\/\/wedgehillslodge.com\/fr\/forfaits\/forfait-saumon-truite-tout-inclus\/#breadcrumb\"},\"inLanguage\":\"fr-FR\",\"potentialAction\":[{\"@type\":\"ReadAction\",\"target\":[\"https:\/\/wedgehillslodge.com\/fr\/forfaits\/forfait-saumon-truite-tout-inclus\/\"]}]},{\"@type\":\"ImageObject\",\"inLanguage\":\"fr-FR\",\"@id\":\"https:\/\/wedgehillslodge.com\/fr\/forfaits\/forfait-saumon-truite-tout-inclus\/#primaryimage\",\"url\":\"https:\/\/wedgehillslodge.com\/wp-content\/uploads\/2019\/10\/gallery-27-e1760712290420.jpg\",\"contentUrl\":\"https:\/\/wedgehillslodge.com\/wp-content\/uploads\/2019\/10\/gallery-27-e1760712290420.jpg\",\"width\":2385,\"height\":1216,\"caption\":\"P\u00eache \u00e0 la mouche Qu\u00e9bec, Canada\"},{\"@type\":\"BreadcrumbList\",\"@id\":\"https:\/\/wedgehillslodge.com\/fr\/forfaits\/forfait-saumon-truite-tout-inclus\/#breadcrumb\",\"itemListElement\":[{\"@type\":\"ListItem\",\"position\":1,\"name\":\"Home\",\"item\":\"https:\/\/wedgehillslodge.com\/fr\/\"},{\"@type\":\"ListItem\",\"position\":2,\"name\":\"Forfaits de P\u00eache\",\"item\":\"https:\/\/wedgehillslodge.com\/fr\/forfaits\/\"},{\"@type\":\"ListItem\",\"position\":3,\"name\":\"Saumon Atlantique &#038; Truite\"}]},{\"@type\":\"WebSite\",\"@id\":\"https:\/\/wedgehillslodge.com\/#website\",\"url\":\"https:\/\/wedgehillslodge.com\/\",\"name\":\"Wedge Hills Lodge\",\"description\":\"Atlantic Salmon Fly Fishing trips in Nunavik, Canada - INUA\",\"potentialAction\":[{\"@type\":\"SearchAction\",\"target\":{\"@type\":\"EntryPoint\",\"urlTemplate\":\"https:\/\/wedgehillslodge.com\/?s={search_term_string}\"},\"query-input\":{\"@type\":\"PropertyValueSpecification\",\"valueRequired\":true,\"valueName\":\"search_term_string\"}}],\"inLanguage\":\"fr-FR\"}]}<\/script>\n<!-- \/ Yoast SEO plugin. -->","yoast_head_json":{"title":"Forfait P\u00eache \u00e0 la Mouche Tout Inclus - Wedge Hills Lodge","description":"Ce forfait convient \u00e0 ceux qui aiment voyager et p\u00eacher mais qui ont un horaire serr\u00e9.D\u00e9couvrer le Forfait P\u00eache \u00e0 la Mouche Tout Inclus.","robots":{"index":"index","follow":"follow","max-snippet":"max-snippet:-1","max-image-preview":"max-image-preview:large","max-video-preview":"max-video-preview:-1"},"canonical":"https:\/\/wedgehillslodge.com\/fr\/forfaits\/forfait-saumon-truite-tout-inclus\/","og_locale":"fr_FR","og_type":"article","og_title":"Forfait P\u00eache \u00e0 la Mouche Tout Inclus - Wedge Hills Lodge","og_description":"Ce forfait convient \u00e0 ceux qui aiment voyager et p\u00eacher mais qui ont un horaire serr\u00e9.D\u00e9couvrer le Forfait P\u00eache \u00e0 la Mouche Tout Inclus.","og_url":"https:\/\/wedgehillslodge.com\/fr\/forfaits\/forfait-saumon-truite-tout-inclus\/","og_site_name":"Wedge Hills Lodge","article_modified_time":"2026-01-19T14:56:48+00:00","og_image":[{"width":2385,"height":1216,"url":"https:\/\/wedgehillslodge.com\/wp-content\/uploads\/2019\/10\/gallery-27-e1760712290420.jpg","type":"image\/jpeg"}],"twitter_card":"summary_large_image","twitter_misc":{"Est. reading time":"2 minutes"},"schema":{"@context":"https:\/\/schema.org","@graph":[{"@type":"WebPage","@id":"https:\/\/wedgehillslodge.com\/fr\/forfaits\/forfait-saumon-truite-tout-inclus\/","url":"https:\/\/wedgehillslodge.com\/fr\/forfaits\/forfait-saumon-truite-tout-inclus\/","name":"Forfait P\u00eache \u00e0 la Mouche Tout Inclus - Wedge Hills Lodge","isPartOf":{"@id":"https:\/\/wedgehillslodge.com\/#website"},"primaryImageOfPage":{"@id":"https:\/\/wedgehillslodge.com\/fr\/forfaits\/forfait-saumon-truite-tout-inclus\/#primaryimage"},"image":{"@id":"https:\/\/wedgehillslodge.com\/fr\/forfaits\/forfait-saumon-truite-tout-inclus\/#primaryimage"},"thumbnailUrl":"https:\/\/wedgehillslodge.com\/wp-content\/uploads\/2019\/10\/gallery-27-e1760712290420.jpg","datePublished":"2020-01-30T20:05:51+00:00","dateModified":"2026-01-19T14:56:48+00:00","description":"Ce forfait convient \u00e0 ceux qui aiment voyager et p\u00eacher mais qui ont un horaire serr\u00e9.D\u00e9couvrer le Forfait P\u00eache \u00e0 la Mouche Tout Inclus.","breadcrumb":{"@id":"https:\/\/wedgehillslodge.com\/fr\/forfaits\/forfait-saumon-truite-tout-inclus\/#breadcrumb"},"inLanguage":"fr-FR","potentialAction":[{"@type":"ReadAction","target":["https:\/\/wedgehillslodge.com\/fr\/forfaits\/forfait-saumon-truite-tout-inclus\/"]}]},{"@type":"ImageObject","inLanguage":"fr-FR","@id":"https:\/\/wedgehillslodge.com\/fr\/forfaits\/forfait-saumon-truite-tout-inclus\/#primaryimage","url":"https:\/\/wedgehillslodge.com\/wp-content\/uploads\/2019\/10\/gallery-27-e1760712290420.jpg","contentUrl":"https:\/\/wedgehillslodge.com\/wp-content\/uploads\/2019\/10\/gallery-27-e1760712290420.jpg","width":2385,"height":1216,"caption":"P\u00eache \u00e0 la mouche Qu\u00e9bec, Canada"},{"@type":"BreadcrumbList","@id":"https:\/\/wedgehillslodge.com\/fr\/forfaits\/forfait-saumon-truite-tout-inclus\/#breadcrumb","itemListElement":[{"@type":"ListItem","position":1,"name":"Home","item":"https:\/\/wedgehillslodge.com\/fr\/"},{"@type":"ListItem","position":2,"name":"Forfaits de P\u00eache","item":"https:\/\/wedgehillslodge.com\/fr\/forfaits\/"},{"@type":"ListItem","position":3,"name":"Saumon Atlantique &#038; Truite"}]},{"@type":"WebSite","@id":"https:\/\/wedgehillslodge.com\/#website","url":"https:\/\/wedgehillslodge.com\/","name":"Wedge Hills Lodge","description":"Atlantic Salmon Fly Fishing trips in Nunavik, Canada - INUA","potentialAction":[{"@type":"SearchAction","target":{"@type":"EntryPoint","urlTemplate":"https:\/\/wedgehillslodge.com\/?s={search_term_string}"},"query-input":{"@type":"PropertyValueSpecification","valueRequired":true,"valueName":"search_term_string"}}],"inLanguage":"fr-FR"}]}},"_links":{"self":[{"href":"https:\/\/wedgehillslodge.com\/fr\/wp-json\/wp\/v2\/pages\/2659","targetHints":{"allow":["GET"]}}],"collection":[{"href":"https:\/\/wedgehillslodge.com\/fr\/wp-json\/wp\/v2\/pages"}],"about":[{"href":"https:\/\/wedgehillslodge.com\/fr\/wp-json\/wp\/v2\/types\/page"}],"author":[{"embeddable":true,"href":"https:\/\/wedgehillslodge.com\/fr\/wp-json\/wp\/v2\/users\/5"}],"replies":[{"embeddable":true,"href":"https:\/\/wedgehillslodge.com\/fr\/wp-json\/wp\/v2\/comments?post=2659"}],"version-history":[{"count":35,"href":"https:\/\/wedgehillslodge.com\/fr\/wp-json\/wp\/v2\/pages\/2659\/revisions"}],"predecessor-version":[{"id":11827,"href":"https:\/\/wedgehillslodge.com\/fr\/wp-json\/wp\/v2\/pages\/2659\/revisions\/11827"}],"up":[{"embeddable":true,"href":"https:\/\/wedgehillslodge.com\/fr\/wp-json\/wp\/v2\/pages\/2196"}],"wp:featuredmedia":[{"embeddable":true,"href":"https:\/\/wedgehillslodge.com\/fr\/wp-json\/wp\/v2\/media\/1143"}],"wp:attachment":[{"href":"https:\/\/wedgehillslodge.com\/fr\/wp-json\/wp\/v2\/media?parent=2659"}],"curies":[{"name":"wp","href":"https:\/\/api.w.org\/{rel}","templated":true}]}}