{"id":2643,"date":"2020-01-30T20:28:22","date_gmt":"2020-01-30T20:28:22","guid":{"rendered":"https:\/\/dev.wedgehillslodge.com\/golden-peninsula-tours\/"},"modified":"2020-12-14T15:04:50","modified_gmt":"2020-12-14T20:04:50","slug":"peninsule-or-voyage","status":"publish","type":"page","link":"https:\/\/wedgehillslodge.com\/fr\/peninsule-or-voyage\/","title":{"rendered":"P\u00e9ninsule d'or"},"content":{"rendered":"<h1 style=\"text-align: center;\">D\u00e9couvrez<br \/>\nla P\u00e9ninsule d\u2019Or<\/h1>\n<p class=\"p1\" style=\"text-align: center;\">Situ\u00e9 dans la r\u00e9gion la plus \u00e0 l\u2019est de l\u2019Am\u00e9rique du Nord, la P\u00e9ninsule Qu\u00e9bec-Labrador que nous d\u00e9nommons la \u00ab\u00a0P\u00e9ninsule d\u2019Or\u00a0\u00bb compte parmi les endroits les plus sauvages de la plan\u00e8te. Loin du tourisme de masse, cette r\u00e9gion arctique \u00e0 des sites exceptionnels qui attire de plus en plus de voyageurs \u00e0 la recherche de merveilles qui n\u2019ont jamais \u00e9t\u00e9 photographi\u00e9. Partez \u00e0 la rencontre d\u2019un des derniers mondes sauvages, d\u00e9couvrez des paysages in\u00e9dits et faites des rencontres impr\u00e9visibles avec l\u2019ours polaire ou encore une unique esp\u00e8ce d\u2019ours noirs de la toundra qui ne craint pas l\u2019homme.<\/p>\n","protected":false},"excerpt":{"rendered":"<p>D\u00e9couvrez la P\u00e9ninsule d\u2019Or Situ\u00e9 dans la r\u00e9gion la plus \u00e0 l\u2019est de l\u2019Am\u00e9rique du Nord, la P\u00e9ninsule Qu\u00e9bec-Labrador que nous d\u00e9nommons la \u00ab\u00a0P\u00e9ninsule d\u2019Or\u00a0\u00bb compte parmi les endroits les plus sauvages de la plan\u00e8te. Loin du tourisme de masse, cette r\u00e9gion arctique \u00e0 des sites exceptionnels qui attire de plus en plus de voyageurs &hellip; <a href=\"https:\/\/wedgehillslodge.com\/fr\/peninsule-or-voyage\/\">Continued<\/a><\/p>\n","protected":false},"author":5,"featured_media":2622,"parent":0,"menu_order":0,"comment_status":"closed","ping_status":"closed","template":"front-page-golden.php","meta":{"_acf_changed":false,"footnotes":""},"class_list":["post-2643","page","type-page","status-publish","has-post-thumbnail","hentry"],"acf":[],"yoast_head":"<!-- This site is optimized with the Yoast SEO plugin v24.7 - https:\/\/yoast.com\/wordpress\/plugins\/seo\/ -->\n<title>P\u00e9ninsule d&#039;or - Circuits et voyages Qu\u00e9bec - Wedge Hills Lodge<\/title>\n<meta name=\"description\" content=\"Situ\u00e9 le plus \u00e0 l\u2019est de l\u2019Am\u00e9rique du Nord, la P\u00e9ninsule Qu\u00e9bec-Labrador que nous d\u00e9nommons la P\u00e9ninsule d\u2019Or compte parmi les endroits les plus sauvages.\" \/>\n<meta name=\"robots\" content=\"index, follow, max-snippet:-1, max-image-preview:large, max-video-preview:-1\" \/>\n<link rel=\"canonical\" href=\"https:\/\/wedgehillslodge.com\/fr\/peninsule-or-voyage\/\" \/>\n<meta property=\"og:locale\" content=\"fr_FR\" \/>\n<meta property=\"og:type\" content=\"article\" \/>\n<meta property=\"og:title\" content=\"P\u00e9ninsule d&#039;or - Circuits et voyages Qu\u00e9bec - Wedge Hills Lodge\" \/>\n<meta property=\"og:description\" content=\"Situ\u00e9 le plus \u00e0 l\u2019est de l\u2019Am\u00e9rique du Nord, la P\u00e9ninsule Qu\u00e9bec-Labrador que nous d\u00e9nommons la P\u00e9ninsule d\u2019Or compte parmi les endroits les plus sauvages.\" \/>\n<meta property=\"og:url\" content=\"https:\/\/wedgehillslodge.com\/fr\/peninsule-or-voyage\/\" \/>\n<meta property=\"og:site_name\" content=\"Wedge Hills Lodge\" \/>\n<meta property=\"article:modified_time\" content=\"2020-12-14T20:04:50+00:00\" \/>\n<meta property=\"og:image\" content=\"https:\/\/wedgehillslodge.com\/wp-content\/uploads\/2020\/01\/Golden_peninsula_explore_headerz-e1576592487471.jpg\" \/>\n\t<meta property=\"og:image:width\" content=\"1536\" \/>\n\t<meta property=\"og:image:height\" content=\"796\" \/>\n\t<meta property=\"og:image:type\" content=\"image\/jpeg\" \/>\n<meta name=\"twitter:card\" content=\"summary_large_image\" \/>\n<meta name=\"twitter:label1\" content=\"Est. reading time\" \/>\n\t<meta name=\"twitter:data1\" content=\"1 minute\" \/>\n<script type=\"application\/ld+json\" class=\"yoast-schema-graph\">{\"@context\":\"https:\/\/schema.org\",\"@graph\":[{\"@type\":\"WebPage\",\"@id\":\"https:\/\/wedgehillslodge.com\/fr\/peninsule-or-voyage\/\",\"url\":\"https:\/\/wedgehillslodge.com\/fr\/peninsule-or-voyage\/\",\"name\":\"P\u00e9ninsule d'or - Circuits et voyages Qu\u00e9bec - Wedge Hills Lodge\",\"isPartOf\":{\"@id\":\"https:\/\/wedgehillslodge.com\/#website\"},\"primaryImageOfPage\":{\"@id\":\"https:\/\/wedgehillslodge.com\/fr\/peninsule-or-voyage\/#primaryimage\"},\"image\":{\"@id\":\"https:\/\/wedgehillslodge.com\/fr\/peninsule-or-voyage\/#primaryimage\"},\"thumbnailUrl\":\"https:\/\/wedgehillslodge.com\/wp-content\/uploads\/2020\/01\/Golden_peninsula_explore_headerz-e1576592487471.jpg\",\"datePublished\":\"2020-01-30T20:28:22+00:00\",\"dateModified\":\"2020-12-14T20:04:50+00:00\",\"description\":\"Situ\u00e9 le plus \u00e0 l\u2019est de l\u2019Am\u00e9rique du Nord, la P\u00e9ninsule Qu\u00e9bec-Labrador que nous d\u00e9nommons la P\u00e9ninsule d\u2019Or compte parmi les endroits les plus sauvages.\",\"breadcrumb\":{\"@id\":\"https:\/\/wedgehillslodge.com\/fr\/peninsule-or-voyage\/#breadcrumb\"},\"inLanguage\":\"fr-FR\",\"potentialAction\":[{\"@type\":\"ReadAction\",\"target\":[\"https:\/\/wedgehillslodge.com\/fr\/peninsule-or-voyage\/\"]}]},{\"@type\":\"ImageObject\",\"inLanguage\":\"fr-FR\",\"@id\":\"https:\/\/wedgehillslodge.com\/fr\/peninsule-or-voyage\/#primaryimage\",\"url\":\"https:\/\/wedgehillslodge.com\/wp-content\/uploads\/2020\/01\/Golden_peninsula_explore_headerz-e1576592487471.jpg\",\"contentUrl\":\"https:\/\/wedgehillslodge.com\/wp-content\/uploads\/2020\/01\/Golden_peninsula_explore_headerz-e1576592487471.jpg\",\"width\":1536,\"height\":796},{\"@type\":\"BreadcrumbList\",\"@id\":\"https:\/\/wedgehillslodge.com\/fr\/peninsule-or-voyage\/#breadcrumb\",\"itemListElement\":[{\"@type\":\"ListItem\",\"position\":1,\"name\":\"Home\",\"item\":\"https:\/\/wedgehillslodge.com\/fr\/\"},{\"@type\":\"ListItem\",\"position\":2,\"name\":\"P\u00e9ninsule d'or\"}]},{\"@type\":\"WebSite\",\"@id\":\"https:\/\/wedgehillslodge.com\/#website\",\"url\":\"https:\/\/wedgehillslodge.com\/\",\"name\":\"Wedge Hills Lodge\",\"description\":\"Atlantic Salmon Fly Fishing trips in Nunavik, Canada - INUA\",\"potentialAction\":[{\"@type\":\"SearchAction\",\"target\":{\"@type\":\"EntryPoint\",\"urlTemplate\":\"https:\/\/wedgehillslodge.com\/?s={search_term_string}\"},\"query-input\":{\"@type\":\"PropertyValueSpecification\",\"valueRequired\":true,\"valueName\":\"search_term_string\"}}],\"inLanguage\":\"fr-FR\"}]}<\/script>\n<!-- \/ Yoast SEO plugin. -->","yoast_head_json":{"title":"P\u00e9ninsule d'or - Circuits et voyages Qu\u00e9bec - Wedge Hills Lodge","description":"Situ\u00e9 le plus \u00e0 l\u2019est de l\u2019Am\u00e9rique du Nord, la P\u00e9ninsule Qu\u00e9bec-Labrador que nous d\u00e9nommons la P\u00e9ninsule d\u2019Or compte parmi les endroits les plus sauvages.","robots":{"index":"index","follow":"follow","max-snippet":"max-snippet:-1","max-image-preview":"max-image-preview:large","max-video-preview":"max-video-preview:-1"},"canonical":"https:\/\/wedgehillslodge.com\/fr\/peninsule-or-voyage\/","og_locale":"fr_FR","og_type":"article","og_title":"P\u00e9ninsule d'or - Circuits et voyages Qu\u00e9bec - Wedge Hills Lodge","og_description":"Situ\u00e9 le plus \u00e0 l\u2019est de l\u2019Am\u00e9rique du Nord, la P\u00e9ninsule Qu\u00e9bec-Labrador que nous d\u00e9nommons la P\u00e9ninsule d\u2019Or compte parmi les endroits les plus sauvages.","og_url":"https:\/\/wedgehillslodge.com\/fr\/peninsule-or-voyage\/","og_site_name":"Wedge Hills Lodge","article_modified_time":"2020-12-14T20:04:50+00:00","og_image":[{"width":1536,"height":796,"url":"https:\/\/wedgehillslodge.com\/wp-content\/uploads\/2020\/01\/Golden_peninsula_explore_headerz-e1576592487471.jpg","type":"image\/jpeg"}],"twitter_card":"summary_large_image","twitter_misc":{"Est. reading time":"1 minute"},"schema":{"@context":"https:\/\/schema.org","@graph":[{"@type":"WebPage","@id":"https:\/\/wedgehillslodge.com\/fr\/peninsule-or-voyage\/","url":"https:\/\/wedgehillslodge.com\/fr\/peninsule-or-voyage\/","name":"P\u00e9ninsule d'or - Circuits et voyages Qu\u00e9bec - Wedge Hills Lodge","isPartOf":{"@id":"https:\/\/wedgehillslodge.com\/#website"},"primaryImageOfPage":{"@id":"https:\/\/wedgehillslodge.com\/fr\/peninsule-or-voyage\/#primaryimage"},"image":{"@id":"https:\/\/wedgehillslodge.com\/fr\/peninsule-or-voyage\/#primaryimage"},"thumbnailUrl":"https:\/\/wedgehillslodge.com\/wp-content\/uploads\/2020\/01\/Golden_peninsula_explore_headerz-e1576592487471.jpg","datePublished":"2020-01-30T20:28:22+00:00","dateModified":"2020-12-14T20:04:50+00:00","description":"Situ\u00e9 le plus \u00e0 l\u2019est de l\u2019Am\u00e9rique du Nord, la P\u00e9ninsule Qu\u00e9bec-Labrador que nous d\u00e9nommons la P\u00e9ninsule d\u2019Or compte parmi les endroits les plus sauvages.","breadcrumb":{"@id":"https:\/\/wedgehillslodge.com\/fr\/peninsule-or-voyage\/#breadcrumb"},"inLanguage":"fr-FR","potentialAction":[{"@type":"ReadAction","target":["https:\/\/wedgehillslodge.com\/fr\/peninsule-or-voyage\/"]}]},{"@type":"ImageObject","inLanguage":"fr-FR","@id":"https:\/\/wedgehillslodge.com\/fr\/peninsule-or-voyage\/#primaryimage","url":"https:\/\/wedgehillslodge.com\/wp-content\/uploads\/2020\/01\/Golden_peninsula_explore_headerz-e1576592487471.jpg","contentUrl":"https:\/\/wedgehillslodge.com\/wp-content\/uploads\/2020\/01\/Golden_peninsula_explore_headerz-e1576592487471.jpg","width":1536,"height":796},{"@type":"BreadcrumbList","@id":"https:\/\/wedgehillslodge.com\/fr\/peninsule-or-voyage\/#breadcrumb","itemListElement":[{"@type":"ListItem","position":1,"name":"Home","item":"https:\/\/wedgehillslodge.com\/fr\/"},{"@type":"ListItem","position":2,"name":"P\u00e9ninsule d'or"}]},{"@type":"WebSite","@id":"https:\/\/wedgehillslodge.com\/#website","url":"https:\/\/wedgehillslodge.com\/","name":"Wedge Hills Lodge","description":"Atlantic Salmon Fly Fishing trips in Nunavik, Canada - INUA","potentialAction":[{"@type":"SearchAction","target":{"@type":"EntryPoint","urlTemplate":"https:\/\/wedgehillslodge.com\/?s={search_term_string}"},"query-input":{"@type":"PropertyValueSpecification","valueRequired":true,"valueName":"search_term_string"}}],"inLanguage":"fr-FR"}]}},"_links":{"self":[{"href":"https:\/\/wedgehillslodge.com\/fr\/wp-json\/wp\/v2\/pages\/2643","targetHints":{"allow":["GET"]}}],"collection":[{"href":"https:\/\/wedgehillslodge.com\/fr\/wp-json\/wp\/v2\/pages"}],"about":[{"href":"https:\/\/wedgehillslodge.com\/fr\/wp-json\/wp\/v2\/types\/page"}],"author":[{"embeddable":true,"href":"https:\/\/wedgehillslodge.com\/fr\/wp-json\/wp\/v2\/users\/5"}],"replies":[{"embeddable":true,"href":"https:\/\/wedgehillslodge.com\/fr\/wp-json\/wp\/v2\/comments?post=2643"}],"version-history":[{"count":6,"href":"https:\/\/wedgehillslodge.com\/fr\/wp-json\/wp\/v2\/pages\/2643\/revisions"}],"predecessor-version":[{"id":4295,"href":"https:\/\/wedgehillslodge.com\/fr\/wp-json\/wp\/v2\/pages\/2643\/revisions\/4295"}],"wp:featuredmedia":[{"embeddable":true,"href":"https:\/\/wedgehillslodge.com\/fr\/wp-json\/wp\/v2\/media\/2622"}],"wp:attachment":[{"href":"https:\/\/wedgehillslodge.com\/fr\/wp-json\/wp\/v2\/media?parent=2643"}],"curies":[{"name":"wp","href":"https:\/\/api.w.org\/{rel}","templated":true}]}}