{"id":2196,"date":"2020-01-24T15:26:29","date_gmt":"2020-01-24T15:26:29","guid":{"rendered":"https:\/\/dev.wedgehillslodge.com\/?page_id=2196"},"modified":"2025-10-28T09:37:28","modified_gmt":"2025-10-28T13:37:28","slug":"forfaits","status":"publish","type":"page","link":"https:\/\/wedgehillslodge.com\/fr\/forfaits\/","title":{"rendered":"Forfaits de P\u00eache"},"content":{"rendered":"<div class=\"wpb-content-wrapper\"><p>[vc_row][vc_column][vc_column_text]<\/p>\n<h1 style=\"text-align: center;\">Forfaits de p\u00eache<\/h1>\n<p style=\"text-align: center;\">Tous les prix des forfaits sont par personne \/ R\u00e9server de 2 \u00e0 8 personnes par groupe<\/p>\n<p>[\/vc_column_text][vc_btn title=\"D\u00e9tails de transport\" style=\"outline-custom\" outline_custom_color=\"#000000\" outline_custom_hover_background=\"#000000\" outline_custom_hover_text=\"#ffffff\" shape=\"round\" align=\"center\" link=\"url:%2Ffr%2Ftransport-avion%2F|||\"][\/vc_column][\/vc_row]<\/p>\n<\/div>","protected":false},"excerpt":{"rendered":"<p>[vc_row][vc_column][vc_column_text] Forfaits de p\u00eache Tous les prix des forfaits sont par personne \/ R\u00e9server de 2 \u00e0 8 personnes par groupe [\/vc_column_text][vc_btn title=\"D\u00e9tails de transport\" style=\"outline-custom\" outline_custom_color=\"#000000\" outline_custom_hover_background=\"#000000\" outline_custom_hover_text=\"#ffffff\" shape=\"round\" align=\"center\" link=\"url:%2Ffr%2Ftransport-avion%2F|||\"][\/vc_column][\/vc_row]<\/p>\n","protected":false},"author":5,"featured_media":9724,"parent":0,"menu_order":0,"comment_status":"closed","ping_status":"closed","template":"templates\/page-package-fishing.php","meta":{"_acf_changed":false,"footnotes":""},"class_list":["post-2196","page","type-page","status-publish","has-post-thumbnail","hentry"],"acf":[],"yoast_head":"<!-- This site is optimized with the Yoast SEO plugin v24.7 - https:\/\/yoast.com\/wordpress\/plugins\/seo\/ -->\n<title>Forfaits p\u00eache \u00e0 la mouche et safari a\u00e9rien - Wedge Hills Lodge<\/title>\n<meta name=\"description\" content=\"Consultez nos forfaits de p\u00eache \u00e0 la mouche et nos forfaits de safari a\u00e9rien pour votre prochain voyage au nord du Qu\u00e9bec - Labrador.\" \/>\n<meta name=\"robots\" content=\"index, follow, max-snippet:-1, max-image-preview:large, max-video-preview:-1\" \/>\n<link rel=\"canonical\" href=\"https:\/\/wedgehillslodge.com\/fr\/forfaits\/\" \/>\n<meta property=\"og:locale\" content=\"fr_FR\" \/>\n<meta property=\"og:type\" content=\"article\" \/>\n<meta property=\"og:title\" content=\"Forfaits p\u00eache \u00e0 la mouche et safari a\u00e9rien - Wedge Hills Lodge\" \/>\n<meta property=\"og:description\" content=\"Consultez nos forfaits de p\u00eache \u00e0 la mouche et nos forfaits de safari a\u00e9rien pour votre prochain voyage au nord du Qu\u00e9bec - Labrador.\" \/>\n<meta property=\"og:url\" content=\"https:\/\/wedgehillslodge.com\/fr\/forfaits\/\" \/>\n<meta property=\"og:site_name\" content=\"Wedge Hills Lodge\" \/>\n<meta property=\"article:modified_time\" content=\"2025-10-28T13:37:28+00:00\" \/>\n<meta property=\"og:image\" content=\"https:\/\/wedgehillslodge.com\/wp-content\/uploads\/2025\/06\/TNFF19WHL2023Day5Drone-26-scaled-e1749498791567.jpg\" \/>\n\t<meta property=\"og:image:width\" content=\"2560\" \/>\n\t<meta property=\"og:image:height\" content=\"1440\" \/>\n\t<meta property=\"og:image:type\" content=\"image\/jpeg\" \/>\n<meta name=\"twitter:card\" content=\"summary_large_image\" \/>\n<meta name=\"twitter:label1\" content=\"Est. reading time\" \/>\n\t<meta name=\"twitter:data1\" content=\"1 minute\" \/>\n<script type=\"application\/ld+json\" class=\"yoast-schema-graph\">{\"@context\":\"https:\/\/schema.org\",\"@graph\":[{\"@type\":\"WebPage\",\"@id\":\"https:\/\/wedgehillslodge.com\/fr\/forfaits\/\",\"url\":\"https:\/\/wedgehillslodge.com\/fr\/forfaits\/\",\"name\":\"Forfaits p\u00eache \u00e0 la mouche et safari a\u00e9rien - Wedge Hills Lodge\",\"isPartOf\":{\"@id\":\"https:\/\/wedgehillslodge.com\/#website\"},\"primaryImageOfPage\":{\"@id\":\"https:\/\/wedgehillslodge.com\/fr\/forfaits\/#primaryimage\"},\"image\":{\"@id\":\"https:\/\/wedgehillslodge.com\/fr\/forfaits\/#primaryimage\"},\"thumbnailUrl\":\"https:\/\/wedgehillslodge.com\/wp-content\/uploads\/2025\/06\/TNFF19WHL2023Day5Drone-26-scaled-e1749498791567.jpg\",\"datePublished\":\"2020-01-24T15:26:29+00:00\",\"dateModified\":\"2025-10-28T13:37:28+00:00\",\"description\":\"Consultez nos forfaits de p\u00eache \u00e0 la mouche et nos forfaits de safari a\u00e9rien pour votre prochain voyage au nord du Qu\u00e9bec - Labrador.\",\"breadcrumb\":{\"@id\":\"https:\/\/wedgehillslodge.com\/fr\/forfaits\/#breadcrumb\"},\"inLanguage\":\"fr-FR\",\"potentialAction\":[{\"@type\":\"ReadAction\",\"target\":[\"https:\/\/wedgehillslodge.com\/fr\/forfaits\/\"]}]},{\"@type\":\"ImageObject\",\"inLanguage\":\"fr-FR\",\"@id\":\"https:\/\/wedgehillslodge.com\/fr\/forfaits\/#primaryimage\",\"url\":\"https:\/\/wedgehillslodge.com\/wp-content\/uploads\/2025\/06\/TNFF19WHL2023Day5Drone-26-scaled-e1749498791567.jpg\",\"contentUrl\":\"https:\/\/wedgehillslodge.com\/wp-content\/uploads\/2025\/06\/TNFF19WHL2023Day5Drone-26-scaled-e1749498791567.jpg\",\"width\":2560,\"height\":1440},{\"@type\":\"BreadcrumbList\",\"@id\":\"https:\/\/wedgehillslodge.com\/fr\/forfaits\/#breadcrumb\",\"itemListElement\":[{\"@type\":\"ListItem\",\"position\":1,\"name\":\"Home\",\"item\":\"https:\/\/wedgehillslodge.com\/fr\/\"},{\"@type\":\"ListItem\",\"position\":2,\"name\":\"Forfaits de P\u00eache\"}]},{\"@type\":\"WebSite\",\"@id\":\"https:\/\/wedgehillslodge.com\/#website\",\"url\":\"https:\/\/wedgehillslodge.com\/\",\"name\":\"Wedge Hills Lodge\",\"description\":\"Atlantic Salmon Fly Fishing trips in Nunavik, Canada - INUA\",\"potentialAction\":[{\"@type\":\"SearchAction\",\"target\":{\"@type\":\"EntryPoint\",\"urlTemplate\":\"https:\/\/wedgehillslodge.com\/?s={search_term_string}\"},\"query-input\":{\"@type\":\"PropertyValueSpecification\",\"valueRequired\":true,\"valueName\":\"search_term_string\"}}],\"inLanguage\":\"fr-FR\"}]}<\/script>\n<!-- \/ Yoast SEO plugin. -->","yoast_head_json":{"title":"Forfaits p\u00eache \u00e0 la mouche et safari a\u00e9rien - Wedge Hills Lodge","description":"Consultez nos forfaits de p\u00eache \u00e0 la mouche et nos forfaits de safari a\u00e9rien pour votre prochain voyage au nord du Qu\u00e9bec - Labrador.","robots":{"index":"index","follow":"follow","max-snippet":"max-snippet:-1","max-image-preview":"max-image-preview:large","max-video-preview":"max-video-preview:-1"},"canonical":"https:\/\/wedgehillslodge.com\/fr\/forfaits\/","og_locale":"fr_FR","og_type":"article","og_title":"Forfaits p\u00eache \u00e0 la mouche et safari a\u00e9rien - Wedge Hills Lodge","og_description":"Consultez nos forfaits de p\u00eache \u00e0 la mouche et nos forfaits de safari a\u00e9rien pour votre prochain voyage au nord du Qu\u00e9bec - Labrador.","og_url":"https:\/\/wedgehillslodge.com\/fr\/forfaits\/","og_site_name":"Wedge Hills Lodge","article_modified_time":"2025-10-28T13:37:28+00:00","og_image":[{"width":2560,"height":1440,"url":"https:\/\/wedgehillslodge.com\/wp-content\/uploads\/2025\/06\/TNFF19WHL2023Day5Drone-26-scaled-e1749498791567.jpg","type":"image\/jpeg"}],"twitter_card":"summary_large_image","twitter_misc":{"Est. reading time":"1 minute"},"schema":{"@context":"https:\/\/schema.org","@graph":[{"@type":"WebPage","@id":"https:\/\/wedgehillslodge.com\/fr\/forfaits\/","url":"https:\/\/wedgehillslodge.com\/fr\/forfaits\/","name":"Forfaits p\u00eache \u00e0 la mouche et safari a\u00e9rien - Wedge Hills Lodge","isPartOf":{"@id":"https:\/\/wedgehillslodge.com\/#website"},"primaryImageOfPage":{"@id":"https:\/\/wedgehillslodge.com\/fr\/forfaits\/#primaryimage"},"image":{"@id":"https:\/\/wedgehillslodge.com\/fr\/forfaits\/#primaryimage"},"thumbnailUrl":"https:\/\/wedgehillslodge.com\/wp-content\/uploads\/2025\/06\/TNFF19WHL2023Day5Drone-26-scaled-e1749498791567.jpg","datePublished":"2020-01-24T15:26:29+00:00","dateModified":"2025-10-28T13:37:28+00:00","description":"Consultez nos forfaits de p\u00eache \u00e0 la mouche et nos forfaits de safari a\u00e9rien pour votre prochain voyage au nord du Qu\u00e9bec - Labrador.","breadcrumb":{"@id":"https:\/\/wedgehillslodge.com\/fr\/forfaits\/#breadcrumb"},"inLanguage":"fr-FR","potentialAction":[{"@type":"ReadAction","target":["https:\/\/wedgehillslodge.com\/fr\/forfaits\/"]}]},{"@type":"ImageObject","inLanguage":"fr-FR","@id":"https:\/\/wedgehillslodge.com\/fr\/forfaits\/#primaryimage","url":"https:\/\/wedgehillslodge.com\/wp-content\/uploads\/2025\/06\/TNFF19WHL2023Day5Drone-26-scaled-e1749498791567.jpg","contentUrl":"https:\/\/wedgehillslodge.com\/wp-content\/uploads\/2025\/06\/TNFF19WHL2023Day5Drone-26-scaled-e1749498791567.jpg","width":2560,"height":1440},{"@type":"BreadcrumbList","@id":"https:\/\/wedgehillslodge.com\/fr\/forfaits\/#breadcrumb","itemListElement":[{"@type":"ListItem","position":1,"name":"Home","item":"https:\/\/wedgehillslodge.com\/fr\/"},{"@type":"ListItem","position":2,"name":"Forfaits de P\u00eache"}]},{"@type":"WebSite","@id":"https:\/\/wedgehillslodge.com\/#website","url":"https:\/\/wedgehillslodge.com\/","name":"Wedge Hills Lodge","description":"Atlantic Salmon Fly Fishing trips in Nunavik, Canada - INUA","potentialAction":[{"@type":"SearchAction","target":{"@type":"EntryPoint","urlTemplate":"https:\/\/wedgehillslodge.com\/?s={search_term_string}"},"query-input":{"@type":"PropertyValueSpecification","valueRequired":true,"valueName":"search_term_string"}}],"inLanguage":"fr-FR"}]}},"_links":{"self":[{"href":"https:\/\/wedgehillslodge.com\/fr\/wp-json\/wp\/v2\/pages\/2196","targetHints":{"allow":["GET"]}}],"collection":[{"href":"https:\/\/wedgehillslodge.com\/fr\/wp-json\/wp\/v2\/pages"}],"about":[{"href":"https:\/\/wedgehillslodge.com\/fr\/wp-json\/wp\/v2\/types\/page"}],"author":[{"embeddable":true,"href":"https:\/\/wedgehillslodge.com\/fr\/wp-json\/wp\/v2\/users\/5"}],"replies":[{"embeddable":true,"href":"https:\/\/wedgehillslodge.com\/fr\/wp-json\/wp\/v2\/comments?post=2196"}],"version-history":[{"count":99,"href":"https:\/\/wedgehillslodge.com\/fr\/wp-json\/wp\/v2\/pages\/2196\/revisions"}],"predecessor-version":[{"id":10752,"href":"https:\/\/wedgehillslodge.com\/fr\/wp-json\/wp\/v2\/pages\/2196\/revisions\/10752"}],"wp:featuredmedia":[{"embeddable":true,"href":"https:\/\/wedgehillslodge.com\/fr\/wp-json\/wp\/v2\/media\/9724"}],"wp:attachment":[{"href":"https:\/\/wedgehillslodge.com\/fr\/wp-json\/wp\/v2\/media?parent=2196"}],"curies":[{"name":"wp","href":"https:\/\/api.w.org\/{rel}","templated":true}]}}