{"id":1500,"date":"2020-01-23T16:28:51","date_gmt":"2020-01-23T16:28:51","guid":{"rendered":"https:\/\/dev.wedgehillslodge.com\/?page_id=1500"},"modified":"2025-10-24T14:56:38","modified_gmt":"2025-10-24T18:56:38","slug":"trek-au-dessus-du-fjord-dhebron-au-labrador","status":"publish","type":"page","link":"https:\/\/wedgehillslodge.com\/fr\/circuits\/trek-et-randonnees\/trek-au-dessus-du-fjord-dhebron-au-labrador\/","title":{"rendered":"Trek au-dessus du fjord d\u2019H\u00e9bron au Labrador"},"content":{"rendered":"<div class=\"wpb-content-wrapper\"><p>[vc_row][vc_column][vc_column_text]<\/p>\n<h1>Trek au-dessus du fjord d\u2019H\u00e9bron au Labrador<\/h1>\n<p>[\/vc_column_text][\/vc_column][\/vc_row][vc_row][vc_column width=\"1\/2\"][vc_column_text css=\"\"]<\/p>\n<p data-start=\"216\" data-end=\"593\">Partez explorer l\u2019un des territoires les plus sauvages du Nord. Bien au-dessus du plus grand fjord int\u00e9rieur des monts Torngat, votre sentier serpente \u00e0 travers un paysage fa\u00e7onn\u00e9 par la glace, le vent et le temps lui-m\u00eame. Ce trek guid\u00e9 de six jours vous plonge au c\u0153ur brut du Labrador \u2014 une nature intacte o\u00f9 chaque pas raconte une histoire grav\u00e9e dans la pierre et l\u2019eau.<\/p>\n<p data-start=\"595\" data-end=\"1149\">Depuis votre camp de base fixe, vous partirez chaque jour en petit groupe pour suivre des circuits en boucle surplombant le fjord int\u00e9rieur d\u2019Hebron. Peu d\u2019endroits sur Terre permettent de marcher des kilom\u00e8tres au-dessus d\u2019un fjord aussi vaste, aussi escarp\u00e9, et aussi vibrant de contrastes. Le fjord et son lac int\u00e9rieur s\u2019\u00e9tendent sur plus de 70 kilom\u00e8tres, encadr\u00e9s de parois qui s\u2019\u00e9l\u00e8vent \u00e0 pr\u00e8s de 800 m\u00e8tres au-dessus de la mer. Ici, les montagnes plongent dans des eaux turquoise, et le silence du Nord vous enveloppe comme nulle part ailleurs.<\/p>\n<p data-start=\"1151\" data-end=\"1755\">En gravissant le <strong data-start=\"1168\" data-end=\"1189\">North Crest Trail<\/strong>, le monde s\u2019ouvre \u00e0 perte de vue \u2014 un panorama infini de lacs, de deltas, de rivi\u00e8res, de cascades et de vall\u00e9es glaciaires. Des langues de neige persistent dans les creux des montagnes; l\u2019air est pur, vif, charg\u00e9 de l\u2019\u00e9nergie de l\u2019Arctique. Sous le soleil, le fjord se m\u00e9tamorphose : le matin, ses eaux limpides oscillent entre le turquoise et le bleu cobalt; le soir, les falaises s\u2019embrasent de reflets ambr\u00e9s et dor\u00e9s. Debout au bord d\u2019un pr\u00e9cipice de 900 m\u00e8tres, observant le calme de l\u2019eau tout en bas, on comprend ce que signifie vraiment le mot <em data-start=\"1743\" data-end=\"1752\">sauvage<\/em>.<\/p>\n<p data-start=\"1757\" data-end=\"2252\">Le <strong data-start=\"1760\" data-end=\"1781\">North Crest Trail<\/strong> s\u2019adresse aux randonneurs exp\u00e9riment\u00e9s anim\u00e9s par la curiosit\u00e9 et l\u2019\u00e9merveillement. Plusieurs itin\u00e9raires s\u2019offrent \u00e0 vous selon vos int\u00e9r\u00eats \u2014 paysages, faune ou flore arctique. Votre guide chevronn\u00e9 vous accompagne tout au long du parcours, partageant son savoir et veillant \u00e0 ce que chaque journ\u00e9e se d\u00e9roule en harmonie avec cet environnement spectaculaire. Avec seulement un petit sac \u00e0 dos pour la journ\u00e9e, vous marchez l\u00e9gers, libres, en rythme avec la toundra.<\/p>\n<p data-start=\"2254\" data-end=\"2702\">Pour ceux qui sont en bonne condition physique et avides d\u2019aventure arctique authentique, cette exp\u00e9dition promet une exp\u00e9rience unique dans une vie. Et lorsque viendra le moment de repartir, l\u2019histoire ne s\u2019arr\u00eate pas l\u00e0 : vous prendrez place \u00e0 bord d\u2019un hydravion pour un vol panoramique au-dessus de l\u2019immense fjord d\u2019Hebron et du myst\u00e9rieux <strong data-start=\"2599\" data-end=\"2621\">crat\u00e8re Merewether<\/strong>, dont le bassin turquoise brille tel un joyau au c\u0153ur de l\u2019immensit\u00e9 nordique.<\/p>\n<p>[\/vc_column_text][\/vc_column][vc_column width=\"1\/2\"][vc_gallery type=\"flexslider_slide\" interval=\"5\" images=\"9250,9157,9213,9177,9215,8617,9211,9225,9179,9155\" img_size=\"500x500\" onclick=\"img_link_large\" custom_links_target=\"_blank\" css=\".vc_custom_1761326282888{margin-top: 20px !important;}\" el_class=\"tour-slider\"][vc_btn title=\"R\u00c9SERVER MAINTENANT\" link=\"url:https%3A%2F%2Fwedgehillslodge.com%2Ffr%2Freservez-votre-voyage%2F%3Fmenu-951%3DTrek%2520au-dessus%2520du%2520fjord%2520d%25E2%2580%2599H%25C3%25A9bron%2520au%2520Labrador|title:R%C3%A9servez%20votre%20voyage||\"][\/vc_column][\/vc_row]<\/p>\n<\/div>","protected":false},"excerpt":{"rendered":"<p>[vc_row][vc_column][vc_column_text] Trek au-dessus du fjord d\u2019H\u00e9bron au Labrador [\/vc_column_text][\/vc_column][\/vc_row][vc_row][vc_column width=\"1\/2\"][vc_column_text css=\"\"] Partez explorer l\u2019un des territoires les plus sauvages du Nord. Bien au-dessus du plus grand fjord int\u00e9rieur des monts Torngat, votre sentier serpente \u00e0 travers un paysage fa\u00e7onn\u00e9 par la glace, le vent et le temps lui-m\u00eame. Ce trek guid\u00e9 de six jours vous &hellip; <a href=\"https:\/\/wedgehillslodge.com\/fr\/circuits\/trek-et-randonnees\/trek-au-dessus-du-fjord-dhebron-au-labrador\/\">Continued<\/a><\/p>\n","protected":false},"author":5,"featured_media":9244,"parent":1404,"menu_order":0,"comment_status":"closed","ping_status":"closed","template":"templates\/page-sub-tours.php","meta":{"_acf_changed":false,"footnotes":""},"class_list":["post-1500","page","type-page","status-publish","has-post-thumbnail","hentry"],"acf":[],"yoast_head":"<!-- This site is optimized with the Yoast SEO plugin v24.7 - https:\/\/yoast.com\/wordpress\/plugins\/seo\/ -->\n<title>Trek au-dessus du fjord d\u2019H\u00e9bron au Labrador, Canada<\/title>\n<meta name=\"description\" content=\"Partez \u00e0 la d\u00e9couverte des lieux incontournables de la P\u00e9ninsule d\u2019Or avec ce circuit guid\u00e9 de 8 jours \/ 7 nuits. Randonn\u00e9es et trek au Canada.\" \/>\n<meta name=\"robots\" content=\"index, follow, max-snippet:-1, max-image-preview:large, max-video-preview:-1\" \/>\n<link rel=\"canonical\" href=\"https:\/\/wedgehillslodge.com\/fr\/circuits\/trek-et-randonnees\/trek-au-dessus-du-fjord-dhebron-au-labrador\/\" \/>\n<meta property=\"og:locale\" content=\"fr_FR\" \/>\n<meta property=\"og:type\" content=\"article\" \/>\n<meta property=\"og:title\" content=\"Trek au-dessus du fjord d\u2019H\u00e9bron au Labrador, Canada\" \/>\n<meta property=\"og:description\" content=\"Partez \u00e0 la d\u00e9couverte des lieux incontournables de la P\u00e9ninsule d\u2019Or avec ce circuit guid\u00e9 de 8 jours \/ 7 nuits. Randonn\u00e9es et trek au Canada.\" \/>\n<meta property=\"og:url\" content=\"https:\/\/wedgehillslodge.com\/fr\/circuits\/trek-et-randonnees\/trek-au-dessus-du-fjord-dhebron-au-labrador\/\" \/>\n<meta property=\"og:site_name\" content=\"Wedge Hills Lodge\" \/>\n<meta property=\"article:modified_time\" content=\"2025-10-24T18:56:38+00:00\" \/>\n<meta property=\"og:image\" content=\"https:\/\/wedgehillslodge.com\/wp-content\/uploads\/2024\/10\/image3-scaled-e1761321346676.jpeg\" \/>\n\t<meta property=\"og:image:width\" content=\"2560\" \/>\n\t<meta property=\"og:image:height\" content=\"1920\" \/>\n\t<meta property=\"og:image:type\" content=\"image\/jpeg\" \/>\n<meta name=\"twitter:card\" content=\"summary_large_image\" \/>\n<meta name=\"twitter:label1\" content=\"Est. reading time\" \/>\n\t<meta name=\"twitter:data1\" content=\"5 minutes\" \/>\n<script type=\"application\/ld+json\" class=\"yoast-schema-graph\">{\"@context\":\"https:\/\/schema.org\",\"@graph\":[{\"@type\":\"WebPage\",\"@id\":\"https:\/\/wedgehillslodge.com\/fr\/circuits\/trek-et-randonnees\/trek-au-dessus-du-fjord-dhebron-au-labrador\/\",\"url\":\"https:\/\/wedgehillslodge.com\/fr\/circuits\/trek-et-randonnees\/trek-au-dessus-du-fjord-dhebron-au-labrador\/\",\"name\":\"Trek au-dessus du fjord d\u2019H\u00e9bron au Labrador, Canada\",\"isPartOf\":{\"@id\":\"https:\/\/wedgehillslodge.com\/#website\"},\"primaryImageOfPage\":{\"@id\":\"https:\/\/wedgehillslodge.com\/fr\/circuits\/trek-et-randonnees\/trek-au-dessus-du-fjord-dhebron-au-labrador\/#primaryimage\"},\"image\":{\"@id\":\"https:\/\/wedgehillslodge.com\/fr\/circuits\/trek-et-randonnees\/trek-au-dessus-du-fjord-dhebron-au-labrador\/#primaryimage\"},\"thumbnailUrl\":\"https:\/\/wedgehillslodge.com\/wp-content\/uploads\/2024\/10\/image3-scaled-e1761321346676.jpeg\",\"datePublished\":\"2020-01-23T16:28:51+00:00\",\"dateModified\":\"2025-10-24T18:56:38+00:00\",\"description\":\"Partez \u00e0 la d\u00e9couverte des lieux incontournables de la P\u00e9ninsule d\u2019Or avec ce circuit guid\u00e9 de 8 jours \/ 7 nuits. Randonn\u00e9es et trek au Canada.\",\"breadcrumb\":{\"@id\":\"https:\/\/wedgehillslodge.com\/fr\/circuits\/trek-et-randonnees\/trek-au-dessus-du-fjord-dhebron-au-labrador\/#breadcrumb\"},\"inLanguage\":\"fr-FR\",\"potentialAction\":[{\"@type\":\"ReadAction\",\"target\":[\"https:\/\/wedgehillslodge.com\/fr\/circuits\/trek-et-randonnees\/trek-au-dessus-du-fjord-dhebron-au-labrador\/\"]}]},{\"@type\":\"ImageObject\",\"inLanguage\":\"fr-FR\",\"@id\":\"https:\/\/wedgehillslodge.com\/fr\/circuits\/trek-et-randonnees\/trek-au-dessus-du-fjord-dhebron-au-labrador\/#primaryimage\",\"url\":\"https:\/\/wedgehillslodge.com\/wp-content\/uploads\/2024\/10\/image3-scaled-e1761321346676.jpeg\",\"contentUrl\":\"https:\/\/wedgehillslodge.com\/wp-content\/uploads\/2024\/10\/image3-scaled-e1761321346676.jpeg\",\"width\":2560,\"height\":1920},{\"@type\":\"BreadcrumbList\",\"@id\":\"https:\/\/wedgehillslodge.com\/fr\/circuits\/trek-et-randonnees\/trek-au-dessus-du-fjord-dhebron-au-labrador\/#breadcrumb\",\"itemListElement\":[{\"@type\":\"ListItem\",\"position\":1,\"name\":\"Home\",\"item\":\"https:\/\/wedgehillslodge.com\/fr\/\"},{\"@type\":\"ListItem\",\"position\":2,\"name\":\"Circuits\",\"item\":\"https:\/\/wedgehillslodge.com\/fr\/circuits\/\"},{\"@type\":\"ListItem\",\"position\":3,\"name\":\"Trek et Randonn\u00e9e\",\"item\":\"https:\/\/wedgehillslodge.com\/fr\/circuits\/trek-et-randonnees\/\"},{\"@type\":\"ListItem\",\"position\":4,\"name\":\"Trek au-dessus du fjord d\u2019H\u00e9bron au Labrador\"}]},{\"@type\":\"WebSite\",\"@id\":\"https:\/\/wedgehillslodge.com\/#website\",\"url\":\"https:\/\/wedgehillslodge.com\/\",\"name\":\"Wedge Hills Lodge\",\"description\":\"Atlantic Salmon Fly Fishing trips in Nunavik, Canada - INUA\",\"potentialAction\":[{\"@type\":\"SearchAction\",\"target\":{\"@type\":\"EntryPoint\",\"urlTemplate\":\"https:\/\/wedgehillslodge.com\/?s={search_term_string}\"},\"query-input\":{\"@type\":\"PropertyValueSpecification\",\"valueRequired\":true,\"valueName\":\"search_term_string\"}}],\"inLanguage\":\"fr-FR\"}]}<\/script>\n<!-- \/ Yoast SEO plugin. -->","yoast_head_json":{"title":"Trek au-dessus du fjord d\u2019H\u00e9bron au Labrador, Canada","description":"Partez \u00e0 la d\u00e9couverte des lieux incontournables de la P\u00e9ninsule d\u2019Or avec ce circuit guid\u00e9 de 8 jours \/ 7 nuits. Randonn\u00e9es et trek au Canada.","robots":{"index":"index","follow":"follow","max-snippet":"max-snippet:-1","max-image-preview":"max-image-preview:large","max-video-preview":"max-video-preview:-1"},"canonical":"https:\/\/wedgehillslodge.com\/fr\/circuits\/trek-et-randonnees\/trek-au-dessus-du-fjord-dhebron-au-labrador\/","og_locale":"fr_FR","og_type":"article","og_title":"Trek au-dessus du fjord d\u2019H\u00e9bron au Labrador, Canada","og_description":"Partez \u00e0 la d\u00e9couverte des lieux incontournables de la P\u00e9ninsule d\u2019Or avec ce circuit guid\u00e9 de 8 jours \/ 7 nuits. Randonn\u00e9es et trek au Canada.","og_url":"https:\/\/wedgehillslodge.com\/fr\/circuits\/trek-et-randonnees\/trek-au-dessus-du-fjord-dhebron-au-labrador\/","og_site_name":"Wedge Hills Lodge","article_modified_time":"2025-10-24T18:56:38+00:00","og_image":[{"width":2560,"height":1920,"url":"https:\/\/wedgehillslodge.com\/wp-content\/uploads\/2024\/10\/image3-scaled-e1761321346676.jpeg","type":"image\/jpeg"}],"twitter_card":"summary_large_image","twitter_misc":{"Est. reading time":"5 minutes"},"schema":{"@context":"https:\/\/schema.org","@graph":[{"@type":"WebPage","@id":"https:\/\/wedgehillslodge.com\/fr\/circuits\/trek-et-randonnees\/trek-au-dessus-du-fjord-dhebron-au-labrador\/","url":"https:\/\/wedgehillslodge.com\/fr\/circuits\/trek-et-randonnees\/trek-au-dessus-du-fjord-dhebron-au-labrador\/","name":"Trek au-dessus du fjord d\u2019H\u00e9bron au Labrador, Canada","isPartOf":{"@id":"https:\/\/wedgehillslodge.com\/#website"},"primaryImageOfPage":{"@id":"https:\/\/wedgehillslodge.com\/fr\/circuits\/trek-et-randonnees\/trek-au-dessus-du-fjord-dhebron-au-labrador\/#primaryimage"},"image":{"@id":"https:\/\/wedgehillslodge.com\/fr\/circuits\/trek-et-randonnees\/trek-au-dessus-du-fjord-dhebron-au-labrador\/#primaryimage"},"thumbnailUrl":"https:\/\/wedgehillslodge.com\/wp-content\/uploads\/2024\/10\/image3-scaled-e1761321346676.jpeg","datePublished":"2020-01-23T16:28:51+00:00","dateModified":"2025-10-24T18:56:38+00:00","description":"Partez \u00e0 la d\u00e9couverte des lieux incontournables de la P\u00e9ninsule d\u2019Or avec ce circuit guid\u00e9 de 8 jours \/ 7 nuits. Randonn\u00e9es et trek au Canada.","breadcrumb":{"@id":"https:\/\/wedgehillslodge.com\/fr\/circuits\/trek-et-randonnees\/trek-au-dessus-du-fjord-dhebron-au-labrador\/#breadcrumb"},"inLanguage":"fr-FR","potentialAction":[{"@type":"ReadAction","target":["https:\/\/wedgehillslodge.com\/fr\/circuits\/trek-et-randonnees\/trek-au-dessus-du-fjord-dhebron-au-labrador\/"]}]},{"@type":"ImageObject","inLanguage":"fr-FR","@id":"https:\/\/wedgehillslodge.com\/fr\/circuits\/trek-et-randonnees\/trek-au-dessus-du-fjord-dhebron-au-labrador\/#primaryimage","url":"https:\/\/wedgehillslodge.com\/wp-content\/uploads\/2024\/10\/image3-scaled-e1761321346676.jpeg","contentUrl":"https:\/\/wedgehillslodge.com\/wp-content\/uploads\/2024\/10\/image3-scaled-e1761321346676.jpeg","width":2560,"height":1920},{"@type":"BreadcrumbList","@id":"https:\/\/wedgehillslodge.com\/fr\/circuits\/trek-et-randonnees\/trek-au-dessus-du-fjord-dhebron-au-labrador\/#breadcrumb","itemListElement":[{"@type":"ListItem","position":1,"name":"Home","item":"https:\/\/wedgehillslodge.com\/fr\/"},{"@type":"ListItem","position":2,"name":"Circuits","item":"https:\/\/wedgehillslodge.com\/fr\/circuits\/"},{"@type":"ListItem","position":3,"name":"Trek et Randonn\u00e9e","item":"https:\/\/wedgehillslodge.com\/fr\/circuits\/trek-et-randonnees\/"},{"@type":"ListItem","position":4,"name":"Trek au-dessus du fjord d\u2019H\u00e9bron au Labrador"}]},{"@type":"WebSite","@id":"https:\/\/wedgehillslodge.com\/#website","url":"https:\/\/wedgehillslodge.com\/","name":"Wedge Hills Lodge","description":"Atlantic Salmon Fly Fishing trips in Nunavik, Canada - INUA","potentialAction":[{"@type":"SearchAction","target":{"@type":"EntryPoint","urlTemplate":"https:\/\/wedgehillslodge.com\/?s={search_term_string}"},"query-input":{"@type":"PropertyValueSpecification","valueRequired":true,"valueName":"search_term_string"}}],"inLanguage":"fr-FR"}]}},"_links":{"self":[{"href":"https:\/\/wedgehillslodge.com\/fr\/wp-json\/wp\/v2\/pages\/1500","targetHints":{"allow":["GET"]}}],"collection":[{"href":"https:\/\/wedgehillslodge.com\/fr\/wp-json\/wp\/v2\/pages"}],"about":[{"href":"https:\/\/wedgehillslodge.com\/fr\/wp-json\/wp\/v2\/types\/page"}],"author":[{"embeddable":true,"href":"https:\/\/wedgehillslodge.com\/fr\/wp-json\/wp\/v2\/users\/5"}],"replies":[{"embeddable":true,"href":"https:\/\/wedgehillslodge.com\/fr\/wp-json\/wp\/v2\/comments?post=1500"}],"version-history":[{"count":90,"href":"https:\/\/wedgehillslodge.com\/fr\/wp-json\/wp\/v2\/pages\/1500\/revisions"}],"predecessor-version":[{"id":10715,"href":"https:\/\/wedgehillslodge.com\/fr\/wp-json\/wp\/v2\/pages\/1500\/revisions\/10715"}],"up":[{"embeddable":true,"href":"https:\/\/wedgehillslodge.com\/fr\/wp-json\/wp\/v2\/pages\/1404"}],"wp:featuredmedia":[{"embeddable":true,"href":"https:\/\/wedgehillslodge.com\/fr\/wp-json\/wp\/v2\/media\/9244"}],"wp:attachment":[{"href":"https:\/\/wedgehillslodge.com\/fr\/wp-json\/wp\/v2\/media?parent=1500"}],"curies":[{"name":"wp","href":"https:\/\/api.w.org\/{rel}","templated":true}]}}