{"id":1440,"date":"2020-01-22T21:19:36","date_gmt":"2020-01-22T21:19:36","guid":{"rendered":"https:\/\/dev.wedgehillslodge.com\/nature-and-wildlife-of-quebec-labrador\/"},"modified":"2025-10-23T16:30:06","modified_gmt":"2025-10-23T20:30:06","slug":"nature-and-landscape-discovery-tour","status":"publish","type":"page","link":"https:\/\/wedgehillslodge.com\/fr\/nature-and-landscape-discovery-tour\/","title":{"rendered":"Circuit D\u00e9couverte Nature et Paysage"},"content":{"rendered":"<div class=\"wpb-content-wrapper\"><p>[vc_row][vc_column][vc_column_text]<\/p>\n<h1>Circuit D\u00e9couverte Nature et Paysage<\/h1>\n<p>[\/vc_column_text][\/vc_column][\/vc_row][vc_row][vc_column width=\"1\/2\"][vc_column_text css=\"\"]<\/p>\n<p data-start=\"0\" data-end=\"251\">Partez pour un circuit au c\u0153ur du Qu\u00e9bec arctique et du Labrador. Voyagez en petits groupes vers ces provinces nordiques afin de d\u00e9couvrir les tr\u00e9sors cach\u00e9s de la P\u00e9ninsule d\u2019Or, o\u00f9 des paysages bruts et naturels \u00e0 couper le souffle vous attendent.<\/p>\n<p data-start=\"253\" data-end=\"405\">Avec ce forfait, vous effectuerez une excursion guid\u00e9e en hydravion \u00e0 travers les magnifiques panoramas et la nature vierge de la Cordill\u00e8re Arctique.<\/p>\n<p data-start=\"407\" data-end=\"854\">Accompagn\u00e9 d\u2019un guide naturaliste exp\u00e9riment\u00e9 de Golden Peninsula Tours, vous d\u00e9couvrirez la grande vari\u00e9t\u00e9 des paysages des montagnes Torngat et de la c\u00f4te du Labrador. Vous explorerez la c\u00f4te \u00e0 la recherche de la faune, visiterez le lac Hebron Fjord avec ses superbes chutes et falaises, survolerez la Vall\u00e9e des Icebergs, le crat\u00e8re Merewether et le canyon Fraser, et passerez la nuit sous les \u00e9toiles dans une tente au Jardin des Monolithes.<\/p>\n<p data-start=\"856\" data-end=\"1080\">Rapportez de merveilleux souvenirs des aurores bor\u00e9ales ! En ao\u00fbt, les nuits s\u2019allongent dans le Qu\u00e9bec arctique et au Labrador et, si le ciel est d\u00e9gag\u00e9, vous aurez la chance d\u2019observer ce ph\u00e9nom\u00e8ne naturel spectaculaire.<\/p>\n<p data-start=\"1082\" data-end=\"1222\" data-is-last-node=\"\" data-is-only-node=\"\">Attendez-vous \u00e0 une semaine d\u2019aventure et de d\u00e9couvertes au c\u0153ur d\u2019une nature et d\u2019une faune exceptionnelles dans cette vaste terre du Nord.<\/p>\n<p>&nbsp;<\/p>\n<p>Attendez-vous \u00e0 une semaine pleine d'aventures et de d\u00e9couverte de la nature et de la faune \u00e9tonnantes de ce grand pays.[\/vc_column_text][\/vc_column][vc_column width=\"1\/2\"][vc_gallery interval=\"3\" images=\"5927,4813,2518,2614,5982,3724,5593,5430,4863,3847,3476,2514\" img_size=\"600x400\" css=\".vc_custom_1669987642528{margin-top: 20px !important;}\" el_class=\"tour-slider\"][vc_btn title=\"BOOK NOW\" link=\"url:https%3A%2F%2Fwedgehillslodge.com%2Fbook-your-tour%2F%3Fmenu-951%3DNature%2520and%2520Wildlife%2520of%2520Quebec-Labrador|||\"][\/vc_column][\/vc_row]<\/p>\n<\/div>","protected":false},"excerpt":{"rendered":"<p>[vc_row][vc_column][vc_column_text] Circuit D\u00e9couverte Nature et Paysage [\/vc_column_text][\/vc_column][\/vc_row][vc_row][vc_column width=\"1\/2\"][vc_column_text css=\"\"] Partez pour un circuit au c\u0153ur du Qu\u00e9bec arctique et du Labrador. Voyagez en petits groupes vers ces provinces nordiques afin de d\u00e9couvrir les tr\u00e9sors cach\u00e9s de la P\u00e9ninsule d\u2019Or, o\u00f9 des paysages bruts et naturels \u00e0 couper le souffle vous attendent. Avec ce forfait, vous &hellip; <a href=\"https:\/\/wedgehillslodge.com\/fr\/nature-and-landscape-discovery-tour\/\">Continued<\/a><\/p>\n","protected":false},"author":5,"featured_media":1063,"parent":0,"menu_order":0,"comment_status":"closed","ping_status":"closed","template":"templates\/page-sub-tours.php","meta":{"_acf_changed":false,"footnotes":""},"class_list":["post-1440","page","type-page","status-publish","has-post-thumbnail","hentry"],"acf":[],"yoast_head":"<!-- This site is optimized with the Yoast SEO plugin v24.7 - https:\/\/yoast.com\/wordpress\/plugins\/seo\/ -->\n<title>Nature and Landscape Discovery Tour<\/title>\n<meta name=\"description\" content=\"Embark on a tour in Arctic Quebec and Labrador. Travel in small groups to these northern provinces, visit the hidden treasures of the Golden Peninsula.\" \/>\n<meta name=\"robots\" content=\"index, follow, max-snippet:-1, max-image-preview:large, max-video-preview:-1\" \/>\n<link rel=\"canonical\" href=\"https:\/\/wedgehillslodge.com\/fr\/nature-and-landscape-discovery-tour\/\" \/>\n<meta property=\"og:locale\" content=\"fr_FR\" \/>\n<meta property=\"og:type\" content=\"article\" \/>\n<meta property=\"og:title\" content=\"Nature and Landscape Discovery Tour\" \/>\n<meta property=\"og:description\" content=\"Embark on a tour in Arctic Quebec and Labrador. Travel in small groups to these northern provinces, visit the hidden treasures of the Golden Peninsula.\" \/>\n<meta property=\"og:url\" content=\"https:\/\/wedgehillslodge.com\/fr\/nature-and-landscape-discovery-tour\/\" \/>\n<meta property=\"og:site_name\" content=\"Wedge Hills Lodge\" \/>\n<meta property=\"article:modified_time\" content=\"2025-10-23T20:30:06+00:00\" \/>\n<meta property=\"og:image\" content=\"https:\/\/wedgehillslodge.com\/wp-content\/uploads\/2019\/10\/slide-1-10.jpg\" \/>\n\t<meta property=\"og:image:width\" content=\"1920\" \/>\n\t<meta property=\"og:image:height\" content=\"995\" \/>\n\t<meta property=\"og:image:type\" content=\"image\/jpeg\" \/>\n<meta name=\"twitter:card\" content=\"summary_large_image\" \/>\n<meta name=\"twitter:label1\" content=\"Est. reading time\" \/>\n\t<meta name=\"twitter:data1\" content=\"2 minutes\" \/>\n<script type=\"application\/ld+json\" class=\"yoast-schema-graph\">{\"@context\":\"https:\/\/schema.org\",\"@graph\":[{\"@type\":\"WebPage\",\"@id\":\"https:\/\/wedgehillslodge.com\/fr\/nature-and-landscape-discovery-tour\/\",\"url\":\"https:\/\/wedgehillslodge.com\/fr\/nature-and-landscape-discovery-tour\/\",\"name\":\"Nature and Landscape Discovery Tour\",\"isPartOf\":{\"@id\":\"https:\/\/wedgehillslodge.com\/#website\"},\"primaryImageOfPage\":{\"@id\":\"https:\/\/wedgehillslodge.com\/fr\/nature-and-landscape-discovery-tour\/#primaryimage\"},\"image\":{\"@id\":\"https:\/\/wedgehillslodge.com\/fr\/nature-and-landscape-discovery-tour\/#primaryimage\"},\"thumbnailUrl\":\"https:\/\/wedgehillslodge.com\/wp-content\/uploads\/2019\/10\/slide-1-10.jpg\",\"datePublished\":\"2020-01-22T21:19:36+00:00\",\"dateModified\":\"2025-10-23T20:30:06+00:00\",\"description\":\"Embark on a tour in Arctic Quebec and Labrador. Travel in small groups to these northern provinces, visit the hidden treasures of the Golden Peninsula.\",\"breadcrumb\":{\"@id\":\"https:\/\/wedgehillslodge.com\/fr\/nature-and-landscape-discovery-tour\/#breadcrumb\"},\"inLanguage\":\"fr-FR\",\"potentialAction\":[{\"@type\":\"ReadAction\",\"target\":[\"https:\/\/wedgehillslodge.com\/fr\/nature-and-landscape-discovery-tour\/\"]}]},{\"@type\":\"ImageObject\",\"inLanguage\":\"fr-FR\",\"@id\":\"https:\/\/wedgehillslodge.com\/fr\/nature-and-landscape-discovery-tour\/#primaryimage\",\"url\":\"https:\/\/wedgehillslodge.com\/wp-content\/uploads\/2019\/10\/slide-1-10.jpg\",\"contentUrl\":\"https:\/\/wedgehillslodge.com\/wp-content\/uploads\/2019\/10\/slide-1-10.jpg\",\"width\":1920,\"height\":995,\"caption\":\"Circuits nature\"},{\"@type\":\"BreadcrumbList\",\"@id\":\"https:\/\/wedgehillslodge.com\/fr\/nature-and-landscape-discovery-tour\/#breadcrumb\",\"itemListElement\":[{\"@type\":\"ListItem\",\"position\":1,\"name\":\"Home\",\"item\":\"https:\/\/wedgehillslodge.com\/fr\/\"},{\"@type\":\"ListItem\",\"position\":2,\"name\":\"Circuit D\u00e9couverte Nature et Paysage\"}]},{\"@type\":\"WebSite\",\"@id\":\"https:\/\/wedgehillslodge.com\/#website\",\"url\":\"https:\/\/wedgehillslodge.com\/\",\"name\":\"Wedge Hills Lodge\",\"description\":\"Atlantic Salmon Fly Fishing trips in Nunavik, Canada - INUA\",\"potentialAction\":[{\"@type\":\"SearchAction\",\"target\":{\"@type\":\"EntryPoint\",\"urlTemplate\":\"https:\/\/wedgehillslodge.com\/?s={search_term_string}\"},\"query-input\":{\"@type\":\"PropertyValueSpecification\",\"valueRequired\":true,\"valueName\":\"search_term_string\"}}],\"inLanguage\":\"fr-FR\"}]}<\/script>\n<!-- \/ Yoast SEO plugin. -->","yoast_head_json":{"title":"Nature and Landscape Discovery Tour","description":"Embark on a tour in Arctic Quebec and Labrador. Travel in small groups to these northern provinces, visit the hidden treasures of the Golden Peninsula.","robots":{"index":"index","follow":"follow","max-snippet":"max-snippet:-1","max-image-preview":"max-image-preview:large","max-video-preview":"max-video-preview:-1"},"canonical":"https:\/\/wedgehillslodge.com\/fr\/nature-and-landscape-discovery-tour\/","og_locale":"fr_FR","og_type":"article","og_title":"Nature and Landscape Discovery Tour","og_description":"Embark on a tour in Arctic Quebec and Labrador. Travel in small groups to these northern provinces, visit the hidden treasures of the Golden Peninsula.","og_url":"https:\/\/wedgehillslodge.com\/fr\/nature-and-landscape-discovery-tour\/","og_site_name":"Wedge Hills Lodge","article_modified_time":"2025-10-23T20:30:06+00:00","og_image":[{"width":1920,"height":995,"url":"https:\/\/wedgehillslodge.com\/wp-content\/uploads\/2019\/10\/slide-1-10.jpg","type":"image\/jpeg"}],"twitter_card":"summary_large_image","twitter_misc":{"Est. reading time":"2 minutes"},"schema":{"@context":"https:\/\/schema.org","@graph":[{"@type":"WebPage","@id":"https:\/\/wedgehillslodge.com\/fr\/nature-and-landscape-discovery-tour\/","url":"https:\/\/wedgehillslodge.com\/fr\/nature-and-landscape-discovery-tour\/","name":"Nature and Landscape Discovery Tour","isPartOf":{"@id":"https:\/\/wedgehillslodge.com\/#website"},"primaryImageOfPage":{"@id":"https:\/\/wedgehillslodge.com\/fr\/nature-and-landscape-discovery-tour\/#primaryimage"},"image":{"@id":"https:\/\/wedgehillslodge.com\/fr\/nature-and-landscape-discovery-tour\/#primaryimage"},"thumbnailUrl":"https:\/\/wedgehillslodge.com\/wp-content\/uploads\/2019\/10\/slide-1-10.jpg","datePublished":"2020-01-22T21:19:36+00:00","dateModified":"2025-10-23T20:30:06+00:00","description":"Embark on a tour in Arctic Quebec and Labrador. Travel in small groups to these northern provinces, visit the hidden treasures of the Golden Peninsula.","breadcrumb":{"@id":"https:\/\/wedgehillslodge.com\/fr\/nature-and-landscape-discovery-tour\/#breadcrumb"},"inLanguage":"fr-FR","potentialAction":[{"@type":"ReadAction","target":["https:\/\/wedgehillslodge.com\/fr\/nature-and-landscape-discovery-tour\/"]}]},{"@type":"ImageObject","inLanguage":"fr-FR","@id":"https:\/\/wedgehillslodge.com\/fr\/nature-and-landscape-discovery-tour\/#primaryimage","url":"https:\/\/wedgehillslodge.com\/wp-content\/uploads\/2019\/10\/slide-1-10.jpg","contentUrl":"https:\/\/wedgehillslodge.com\/wp-content\/uploads\/2019\/10\/slide-1-10.jpg","width":1920,"height":995,"caption":"Circuits nature"},{"@type":"BreadcrumbList","@id":"https:\/\/wedgehillslodge.com\/fr\/nature-and-landscape-discovery-tour\/#breadcrumb","itemListElement":[{"@type":"ListItem","position":1,"name":"Home","item":"https:\/\/wedgehillslodge.com\/fr\/"},{"@type":"ListItem","position":2,"name":"Circuit D\u00e9couverte Nature et Paysage"}]},{"@type":"WebSite","@id":"https:\/\/wedgehillslodge.com\/#website","url":"https:\/\/wedgehillslodge.com\/","name":"Wedge Hills Lodge","description":"Atlantic Salmon Fly Fishing trips in Nunavik, Canada - INUA","potentialAction":[{"@type":"SearchAction","target":{"@type":"EntryPoint","urlTemplate":"https:\/\/wedgehillslodge.com\/?s={search_term_string}"},"query-input":{"@type":"PropertyValueSpecification","valueRequired":true,"valueName":"search_term_string"}}],"inLanguage":"fr-FR"}]}},"_links":{"self":[{"href":"https:\/\/wedgehillslodge.com\/fr\/wp-json\/wp\/v2\/pages\/1440","targetHints":{"allow":["GET"]}}],"collection":[{"href":"https:\/\/wedgehillslodge.com\/fr\/wp-json\/wp\/v2\/pages"}],"about":[{"href":"https:\/\/wedgehillslodge.com\/fr\/wp-json\/wp\/v2\/types\/page"}],"author":[{"embeddable":true,"href":"https:\/\/wedgehillslodge.com\/fr\/wp-json\/wp\/v2\/users\/5"}],"replies":[{"embeddable":true,"href":"https:\/\/wedgehillslodge.com\/fr\/wp-json\/wp\/v2\/comments?post=1440"}],"version-history":[{"count":121,"href":"https:\/\/wedgehillslodge.com\/fr\/wp-json\/wp\/v2\/pages\/1440\/revisions"}],"predecessor-version":[{"id":10669,"href":"https:\/\/wedgehillslodge.com\/fr\/wp-json\/wp\/v2\/pages\/1440\/revisions\/10669"}],"wp:featuredmedia":[{"embeddable":true,"href":"https:\/\/wedgehillslodge.com\/fr\/wp-json\/wp\/v2\/media\/1063"}],"wp:attachment":[{"href":"https:\/\/wedgehillslodge.com\/fr\/wp-json\/wp\/v2\/media?parent=1440"}],"curies":[{"name":"wp","href":"https:\/\/api.w.org\/{rel}","templated":true}]}}