{"id":1404,"date":"2020-01-22T19:46:14","date_gmt":"2020-01-22T19:46:14","guid":{"rendered":"https:\/\/dev.wedgehillslodge.com\/trek-and-hike\/"},"modified":"2025-10-24T12:51:13","modified_gmt":"2025-10-24T16:51:13","slug":"trek-et-randonnees","status":"publish","type":"page","link":"https:\/\/wedgehillslodge.com\/fr\/circuits\/trek-et-randonnees\/","title":{"rendered":"Trek et Randonn\u00e9e"},"content":{"rendered":"<div class=\"wpb-content-wrapper\"><p>[vc_row el_class=\"categorie-titre\"][vc_column width=\"1\/6\"][\/vc_column][vc_column width=\"4\/6\"][vc_column_text css=\"\"]<\/p>\n<h1 style=\"text-align: left;\">Trek et Randonn\u00e9e<\/h1>\n<p>[\/vc_column_text][vc_column_text css=\"\"]<\/p>\n<h3 data-start=\"127\" data-end=\"150\"><\/h3>\n<p data-start=\"152\" data-end=\"595\">Pour les esprits aventuriers anim\u00e9s par le d\u00e9sir d\u2019explorer le Grand Nord, parcourir \u00e0 pied les monts Torngat et la toundra arctique est la meilleure fa\u00e7on de d\u00e9couvrir cette fronti\u00e8re sauvage. Que vous partiez en exp\u00e9dition guid\u00e9e ou en autonomie compl\u00e8te, chaque pas vous plonge un peu plus au c\u0153ur de la beaut\u00e9 brute et indompt\u00e9e du Qu\u00e9bec et du Labrador arctiques \u2014 une terre fa\u00e7onn\u00e9e par les glaciers, le silence et des horizons sans fin.<\/p>\n<p>[\/vc_column_text][\/vc_column][vc_column width=\"1\/6\"][\/vc_column][\/vc_row]<\/p>\n<\/div>","protected":false},"excerpt":{"rendered":"<p>[vc_row el_class=\"categorie-titre\"][vc_column width=\"1\/6\"][\/vc_column][vc_column width=\"4\/6\"][vc_column_text css=\"\"] Trek et Randonn\u00e9e [\/vc_column_text][vc_column_text css=\"\"] Pour les esprits aventuriers anim\u00e9s par le d\u00e9sir d\u2019explorer le Grand Nord, parcourir \u00e0 pied les monts Torngat et la toundra arctique est la meilleure fa\u00e7on de d\u00e9couvrir cette fronti\u00e8re sauvage. Que vous partiez en exp\u00e9dition guid\u00e9e ou en autonomie compl\u00e8te, chaque pas vous plonge &hellip; <a href=\"https:\/\/wedgehillslodge.com\/fr\/circuits\/trek-et-randonnees\/\">Continued<\/a><\/p>\n","protected":false},"author":5,"featured_media":10544,"parent":1395,"menu_order":0,"comment_status":"closed","ping_status":"closed","template":"templates\/page-tours.php","meta":{"_acf_changed":false,"footnotes":""},"class_list":["post-1404","page","type-page","status-publish","has-post-thumbnail","hentry"],"acf":[],"yoast_head":"<!-- This site is optimized with the Yoast SEO plugin v24.7 - https:\/\/yoast.com\/wordpress\/plugins\/seo\/ -->\n<title>Voyage trek &amp; randonn\u00e9e Qu\u00e9bec, Labrador - Wedge Hills Lodge<\/title>\n<meta name=\"description\" content=\"Les randonn\u00e9es guid\u00e9es, les treks et les excursions en autonomie sont les meilleurs moyens de se connecter avec la nature du Qu\u00e9bec Arctique et du Labrador.\" \/>\n<meta name=\"robots\" content=\"index, follow, max-snippet:-1, max-image-preview:large, max-video-preview:-1\" \/>\n<link rel=\"canonical\" href=\"https:\/\/wedgehillslodge.com\/fr\/circuits\/trek-et-randonnees\/\" \/>\n<meta property=\"og:locale\" content=\"fr_FR\" \/>\n<meta property=\"og:type\" content=\"article\" \/>\n<meta property=\"og:title\" content=\"Voyage trek &amp; randonn\u00e9e Qu\u00e9bec, Labrador - Wedge Hills Lodge\" \/>\n<meta property=\"og:description\" content=\"Les randonn\u00e9es guid\u00e9es, les treks et les excursions en autonomie sont les meilleurs moyens de se connecter avec la nature du Qu\u00e9bec Arctique et du Labrador.\" \/>\n<meta property=\"og:url\" content=\"https:\/\/wedgehillslodge.com\/fr\/circuits\/trek-et-randonnees\/\" \/>\n<meta property=\"og:site_name\" content=\"Wedge Hills Lodge\" \/>\n<meta property=\"article:modified_time\" content=\"2025-10-24T16:51:13+00:00\" \/>\n<meta property=\"og:image\" content=\"https:\/\/wedgehillslodge.com\/wp-content\/uploads\/2025\/10\/Resize-of-IMG_6015-e1761324172483.jpg\" \/>\n\t<meta property=\"og:image:width\" content=\"1728\" \/>\n\t<meta property=\"og:image:height\" content=\"945\" \/>\n\t<meta property=\"og:image:type\" content=\"image\/jpeg\" \/>\n<meta name=\"twitter:card\" content=\"summary_large_image\" \/>\n<meta name=\"twitter:label1\" content=\"Est. reading time\" \/>\n\t<meta name=\"twitter:data1\" content=\"1 minute\" \/>\n<script type=\"application\/ld+json\" class=\"yoast-schema-graph\">{\"@context\":\"https:\/\/schema.org\",\"@graph\":[{\"@type\":\"WebPage\",\"@id\":\"https:\/\/wedgehillslodge.com\/fr\/circuits\/trek-et-randonnees\/\",\"url\":\"https:\/\/wedgehillslodge.com\/fr\/circuits\/trek-et-randonnees\/\",\"name\":\"Voyage trek & randonn\u00e9e Qu\u00e9bec, Labrador - Wedge Hills Lodge\",\"isPartOf\":{\"@id\":\"https:\/\/wedgehillslodge.com\/#website\"},\"primaryImageOfPage\":{\"@id\":\"https:\/\/wedgehillslodge.com\/fr\/circuits\/trek-et-randonnees\/#primaryimage\"},\"image\":{\"@id\":\"https:\/\/wedgehillslodge.com\/fr\/circuits\/trek-et-randonnees\/#primaryimage\"},\"thumbnailUrl\":\"https:\/\/wedgehillslodge.com\/wp-content\/uploads\/2025\/10\/Resize-of-IMG_6015-e1761324172483.jpg\",\"datePublished\":\"2020-01-22T19:46:14+00:00\",\"dateModified\":\"2025-10-24T16:51:13+00:00\",\"description\":\"Les randonn\u00e9es guid\u00e9es, les treks et les excursions en autonomie sont les meilleurs moyens de se connecter avec la nature du Qu\u00e9bec Arctique et du Labrador.\",\"breadcrumb\":{\"@id\":\"https:\/\/wedgehillslodge.com\/fr\/circuits\/trek-et-randonnees\/#breadcrumb\"},\"inLanguage\":\"fr-FR\",\"potentialAction\":[{\"@type\":\"ReadAction\",\"target\":[\"https:\/\/wedgehillslodge.com\/fr\/circuits\/trek-et-randonnees\/\"]}]},{\"@type\":\"ImageObject\",\"inLanguage\":\"fr-FR\",\"@id\":\"https:\/\/wedgehillslodge.com\/fr\/circuits\/trek-et-randonnees\/#primaryimage\",\"url\":\"https:\/\/wedgehillslodge.com\/wp-content\/uploads\/2025\/10\/Resize-of-IMG_6015-e1761324172483.jpg\",\"contentUrl\":\"https:\/\/wedgehillslodge.com\/wp-content\/uploads\/2025\/10\/Resize-of-IMG_6015-e1761324172483.jpg\",\"width\":1728,\"height\":945},{\"@type\":\"BreadcrumbList\",\"@id\":\"https:\/\/wedgehillslodge.com\/fr\/circuits\/trek-et-randonnees\/#breadcrumb\",\"itemListElement\":[{\"@type\":\"ListItem\",\"position\":1,\"name\":\"Home\",\"item\":\"https:\/\/wedgehillslodge.com\/fr\/\"},{\"@type\":\"ListItem\",\"position\":2,\"name\":\"Circuits\",\"item\":\"https:\/\/wedgehillslodge.com\/fr\/circuits\/\"},{\"@type\":\"ListItem\",\"position\":3,\"name\":\"Trek et Randonn\u00e9e\"}]},{\"@type\":\"WebSite\",\"@id\":\"https:\/\/wedgehillslodge.com\/#website\",\"url\":\"https:\/\/wedgehillslodge.com\/\",\"name\":\"Wedge Hills Lodge\",\"description\":\"Atlantic Salmon Fly Fishing trips in Nunavik, Canada - INUA\",\"potentialAction\":[{\"@type\":\"SearchAction\",\"target\":{\"@type\":\"EntryPoint\",\"urlTemplate\":\"https:\/\/wedgehillslodge.com\/?s={search_term_string}\"},\"query-input\":{\"@type\":\"PropertyValueSpecification\",\"valueRequired\":true,\"valueName\":\"search_term_string\"}}],\"inLanguage\":\"fr-FR\"}]}<\/script>\n<!-- \/ Yoast SEO plugin. -->","yoast_head_json":{"title":"Voyage trek & randonn\u00e9e Qu\u00e9bec, Labrador - Wedge Hills Lodge","description":"Les randonn\u00e9es guid\u00e9es, les treks et les excursions en autonomie sont les meilleurs moyens de se connecter avec la nature du Qu\u00e9bec Arctique et du Labrador.","robots":{"index":"index","follow":"follow","max-snippet":"max-snippet:-1","max-image-preview":"max-image-preview:large","max-video-preview":"max-video-preview:-1"},"canonical":"https:\/\/wedgehillslodge.com\/fr\/circuits\/trek-et-randonnees\/","og_locale":"fr_FR","og_type":"article","og_title":"Voyage trek & randonn\u00e9e Qu\u00e9bec, Labrador - Wedge Hills Lodge","og_description":"Les randonn\u00e9es guid\u00e9es, les treks et les excursions en autonomie sont les meilleurs moyens de se connecter avec la nature du Qu\u00e9bec Arctique et du Labrador.","og_url":"https:\/\/wedgehillslodge.com\/fr\/circuits\/trek-et-randonnees\/","og_site_name":"Wedge Hills Lodge","article_modified_time":"2025-10-24T16:51:13+00:00","og_image":[{"width":1728,"height":945,"url":"https:\/\/wedgehillslodge.com\/wp-content\/uploads\/2025\/10\/Resize-of-IMG_6015-e1761324172483.jpg","type":"image\/jpeg"}],"twitter_card":"summary_large_image","twitter_misc":{"Est. reading time":"1 minute"},"schema":{"@context":"https:\/\/schema.org","@graph":[{"@type":"WebPage","@id":"https:\/\/wedgehillslodge.com\/fr\/circuits\/trek-et-randonnees\/","url":"https:\/\/wedgehillslodge.com\/fr\/circuits\/trek-et-randonnees\/","name":"Voyage trek & randonn\u00e9e Qu\u00e9bec, Labrador - Wedge Hills Lodge","isPartOf":{"@id":"https:\/\/wedgehillslodge.com\/#website"},"primaryImageOfPage":{"@id":"https:\/\/wedgehillslodge.com\/fr\/circuits\/trek-et-randonnees\/#primaryimage"},"image":{"@id":"https:\/\/wedgehillslodge.com\/fr\/circuits\/trek-et-randonnees\/#primaryimage"},"thumbnailUrl":"https:\/\/wedgehillslodge.com\/wp-content\/uploads\/2025\/10\/Resize-of-IMG_6015-e1761324172483.jpg","datePublished":"2020-01-22T19:46:14+00:00","dateModified":"2025-10-24T16:51:13+00:00","description":"Les randonn\u00e9es guid\u00e9es, les treks et les excursions en autonomie sont les meilleurs moyens de se connecter avec la nature du Qu\u00e9bec Arctique et du Labrador.","breadcrumb":{"@id":"https:\/\/wedgehillslodge.com\/fr\/circuits\/trek-et-randonnees\/#breadcrumb"},"inLanguage":"fr-FR","potentialAction":[{"@type":"ReadAction","target":["https:\/\/wedgehillslodge.com\/fr\/circuits\/trek-et-randonnees\/"]}]},{"@type":"ImageObject","inLanguage":"fr-FR","@id":"https:\/\/wedgehillslodge.com\/fr\/circuits\/trek-et-randonnees\/#primaryimage","url":"https:\/\/wedgehillslodge.com\/wp-content\/uploads\/2025\/10\/Resize-of-IMG_6015-e1761324172483.jpg","contentUrl":"https:\/\/wedgehillslodge.com\/wp-content\/uploads\/2025\/10\/Resize-of-IMG_6015-e1761324172483.jpg","width":1728,"height":945},{"@type":"BreadcrumbList","@id":"https:\/\/wedgehillslodge.com\/fr\/circuits\/trek-et-randonnees\/#breadcrumb","itemListElement":[{"@type":"ListItem","position":1,"name":"Home","item":"https:\/\/wedgehillslodge.com\/fr\/"},{"@type":"ListItem","position":2,"name":"Circuits","item":"https:\/\/wedgehillslodge.com\/fr\/circuits\/"},{"@type":"ListItem","position":3,"name":"Trek et Randonn\u00e9e"}]},{"@type":"WebSite","@id":"https:\/\/wedgehillslodge.com\/#website","url":"https:\/\/wedgehillslodge.com\/","name":"Wedge Hills Lodge","description":"Atlantic Salmon Fly Fishing trips in Nunavik, Canada - INUA","potentialAction":[{"@type":"SearchAction","target":{"@type":"EntryPoint","urlTemplate":"https:\/\/wedgehillslodge.com\/?s={search_term_string}"},"query-input":{"@type":"PropertyValueSpecification","valueRequired":true,"valueName":"search_term_string"}}],"inLanguage":"fr-FR"}]}},"_links":{"self":[{"href":"https:\/\/wedgehillslodge.com\/fr\/wp-json\/wp\/v2\/pages\/1404","targetHints":{"allow":["GET"]}}],"collection":[{"href":"https:\/\/wedgehillslodge.com\/fr\/wp-json\/wp\/v2\/pages"}],"about":[{"href":"https:\/\/wedgehillslodge.com\/fr\/wp-json\/wp\/v2\/types\/page"}],"author":[{"embeddable":true,"href":"https:\/\/wedgehillslodge.com\/fr\/wp-json\/wp\/v2\/users\/5"}],"replies":[{"embeddable":true,"href":"https:\/\/wedgehillslodge.com\/fr\/wp-json\/wp\/v2\/comments?post=1404"}],"version-history":[{"count":44,"href":"https:\/\/wedgehillslodge.com\/fr\/wp-json\/wp\/v2\/pages\/1404\/revisions"}],"predecessor-version":[{"id":10695,"href":"https:\/\/wedgehillslodge.com\/fr\/wp-json\/wp\/v2\/pages\/1404\/revisions\/10695"}],"up":[{"embeddable":true,"href":"https:\/\/wedgehillslodge.com\/fr\/wp-json\/wp\/v2\/pages\/1395"}],"wp:featuredmedia":[{"embeddable":true,"href":"https:\/\/wedgehillslodge.com\/fr\/wp-json\/wp\/v2\/media\/10544"}],"wp:attachment":[{"href":"https:\/\/wedgehillslodge.com\/fr\/wp-json\/wp\/v2\/media?parent=1404"}],"curies":[{"name":"wp","href":"https:\/\/api.w.org\/{rel}","templated":true}]}}