{"id":1395,"date":"2020-01-17T20:23:29","date_gmt":"2020-01-17T20:23:29","guid":{"rendered":"https:\/\/dev.wedgehillslodge.com\/tours\/"},"modified":"2025-10-24T16:08:44","modified_gmt":"2025-10-24T20:08:44","slug":"circuits","status":"publish","type":"page","link":"https:\/\/wedgehillslodge.com\/fr\/circuits\/","title":{"rendered":"Circuits"},"content":{"rendered":"<div class=\"wpb-content-wrapper\"><p>[vc_row][vc_column width=\"7\/12\"][vc_row_inner][vc_column_inner][vc_column_text]<\/p>\n<h1>Forfaits Touristiques sur la P\u00e9ninsule d\u2019Or<\/h1>\n<p>[\/vc_column_text][\/vc_column_inner][\/vc_row_inner][vc_column_text]<\/p>\n<h3>Les meilleures choses \u00e0 faire au Qu\u00e9bec Arctique et au Labrador<\/h3>\n<p>Laissez-vous inspirer par notre s\u00e9lection de circuits guid\u00e9s, s\u00e9jours complets et excursions en libert\u00e9. Chaque offre a \u00e9t\u00e9 con\u00e7ue avec soin par nos experts locaux pour vous permettre de profiter au maximum du Qu\u00e9bec &amp; Labrador Arctique et de ses paysages.<\/p>\n<p>D\u00e9crit au jour le jour, chaque itin\u00e9raire met en lumi\u00e8re les exp\u00e9riences inoubliables \u00e0 vivre, les beaut\u00e9s \u00e0 voir et les d\u00e9couvertes \u00e9tonnantes \u00e0 faire.<\/p>\n<p class=\"p2\" style=\"text-align: left;\">R\u00e9servez d\u00e8s maintenant votre voyage au pays des aurores bor\u00e9ales et des fjords et profitez de nos meilleures offres !<\/p>\n<p><a class=\"btn transparent\" href=\"https:\/\/wedgehillslodge.com\/fr\/inspiration\/\">Explorez le Qu\u00e9bec et le Labrador<\/a>[\/vc_column_text][\/vc_column][vc_column width=\"5\/12\"][vc_video link=\"https:\/\/youtu.be\/C2PVHvTBp5g\"][\/vc_column][\/vc_row]<\/p>\n<\/div>","protected":false},"excerpt":{"rendered":"<p>[vc_row][vc_column width=\"7\/12\"][vc_row_inner][vc_column_inner][vc_column_text] Forfaits Touristiques sur la P\u00e9ninsule d\u2019Or [\/vc_column_text][\/vc_column_inner][\/vc_row_inner][vc_column_text] Les meilleures choses \u00e0 faire au Qu\u00e9bec Arctique et au Labrador Laissez-vous inspirer par notre s\u00e9lection de circuits guid\u00e9s, s\u00e9jours complets et excursions en libert\u00e9. Chaque offre a \u00e9t\u00e9 con\u00e7ue avec soin par nos experts locaux pour vous permettre de profiter au maximum du Qu\u00e9bec &amp; &hellip; <a href=\"https:\/\/wedgehillslodge.com\/fr\/circuits\/\">Continued<\/a><\/p>\n","protected":false},"author":4,"featured_media":1285,"parent":0,"menu_order":0,"comment_status":"closed","ping_status":"closed","template":"templates\/page-tours.php","meta":{"_acf_changed":false,"footnotes":""},"class_list":["post-1395","page","type-page","status-publish","has-post-thumbnail","hentry"],"acf":[],"yoast_head":"<!-- This site is optimized with the Yoast SEO plugin v24.7 - https:\/\/yoast.com\/wordpress\/plugins\/seo\/ -->\n<title>Forfaits Touristiques P\u00e9ninsule d&#039;Or, Qu\u00e9bec - Wedge Hills Lodge<\/title>\n<meta name=\"description\" content=\"Les possibilit\u00e9s pour l&#039;observation de la nature, la photographie de la nature, la randonn\u00e9e et le v\u00e9lo sont infinies sur la p\u00e9ninsule d&#039;or.\" \/>\n<meta name=\"robots\" content=\"index, follow, max-snippet:-1, max-image-preview:large, max-video-preview:-1\" \/>\n<link rel=\"canonical\" href=\"https:\/\/wedgehillslodge.com\/fr\/circuits\/\" \/>\n<meta property=\"og:locale\" content=\"fr_FR\" \/>\n<meta property=\"og:type\" content=\"article\" \/>\n<meta property=\"og:title\" content=\"Forfaits Touristiques P\u00e9ninsule d&#039;Or, Qu\u00e9bec - Wedge Hills Lodge\" \/>\n<meta property=\"og:description\" content=\"Les possibilit\u00e9s pour l&#039;observation de la nature, la photographie de la nature, la randonn\u00e9e et le v\u00e9lo sont infinies sur la p\u00e9ninsule d&#039;or.\" \/>\n<meta property=\"og:url\" content=\"https:\/\/wedgehillslodge.com\/fr\/circuits\/\" \/>\n<meta property=\"og:site_name\" content=\"Wedge Hills Lodge\" \/>\n<meta property=\"article:modified_time\" content=\"2025-10-24T20:08:44+00:00\" \/>\n<meta property=\"og:image\" content=\"https:\/\/wedgehillslodge.com\/wp-content\/uploads\/2020\/01\/wedge-hills-lodge-tours.jpg\" \/>\n\t<meta property=\"og:image:width\" content=\"1920\" \/>\n\t<meta property=\"og:image:height\" content=\"803\" \/>\n\t<meta property=\"og:image:type\" content=\"image\/jpeg\" \/>\n<meta name=\"twitter:card\" content=\"summary_large_image\" \/>\n<meta name=\"twitter:label1\" content=\"Est. reading time\" \/>\n\t<meta name=\"twitter:data1\" content=\"1 minute\" \/>\n<script type=\"application\/ld+json\" class=\"yoast-schema-graph\">{\"@context\":\"https:\/\/schema.org\",\"@graph\":[{\"@type\":\"WebPage\",\"@id\":\"https:\/\/wedgehillslodge.com\/fr\/circuits\/\",\"url\":\"https:\/\/wedgehillslodge.com\/fr\/circuits\/\",\"name\":\"Forfaits Touristiques P\u00e9ninsule d'Or, Qu\u00e9bec - Wedge Hills Lodge\",\"isPartOf\":{\"@id\":\"https:\/\/wedgehillslodge.com\/#website\"},\"primaryImageOfPage\":{\"@id\":\"https:\/\/wedgehillslodge.com\/fr\/circuits\/#primaryimage\"},\"image\":{\"@id\":\"https:\/\/wedgehillslodge.com\/fr\/circuits\/#primaryimage\"},\"thumbnailUrl\":\"https:\/\/wedgehillslodge.com\/wp-content\/uploads\/2020\/01\/wedge-hills-lodge-tours.jpg\",\"datePublished\":\"2020-01-17T20:23:29+00:00\",\"dateModified\":\"2025-10-24T20:08:44+00:00\",\"description\":\"Les possibilit\u00e9s pour l'observation de la nature, la photographie de la nature, la randonn\u00e9e et le v\u00e9lo sont infinies sur la p\u00e9ninsule d'or.\",\"breadcrumb\":{\"@id\":\"https:\/\/wedgehillslodge.com\/fr\/circuits\/#breadcrumb\"},\"inLanguage\":\"fr-FR\",\"potentialAction\":[{\"@type\":\"ReadAction\",\"target\":[\"https:\/\/wedgehillslodge.com\/fr\/circuits\/\"]}]},{\"@type\":\"ImageObject\",\"inLanguage\":\"fr-FR\",\"@id\":\"https:\/\/wedgehillslodge.com\/fr\/circuits\/#primaryimage\",\"url\":\"https:\/\/wedgehillslodge.com\/wp-content\/uploads\/2020\/01\/wedge-hills-lodge-tours.jpg\",\"contentUrl\":\"https:\/\/wedgehillslodge.com\/wp-content\/uploads\/2020\/01\/wedge-hills-lodge-tours.jpg\",\"width\":1920,\"height\":803},{\"@type\":\"BreadcrumbList\",\"@id\":\"https:\/\/wedgehillslodge.com\/fr\/circuits\/#breadcrumb\",\"itemListElement\":[{\"@type\":\"ListItem\",\"position\":1,\"name\":\"Home\",\"item\":\"https:\/\/wedgehillslodge.com\/fr\/\"},{\"@type\":\"ListItem\",\"position\":2,\"name\":\"Circuits\"}]},{\"@type\":\"WebSite\",\"@id\":\"https:\/\/wedgehillslodge.com\/#website\",\"url\":\"https:\/\/wedgehillslodge.com\/\",\"name\":\"Wedge Hills Lodge\",\"description\":\"Atlantic Salmon Fly Fishing trips in Nunavik, Canada - INUA\",\"potentialAction\":[{\"@type\":\"SearchAction\",\"target\":{\"@type\":\"EntryPoint\",\"urlTemplate\":\"https:\/\/wedgehillslodge.com\/?s={search_term_string}\"},\"query-input\":{\"@type\":\"PropertyValueSpecification\",\"valueRequired\":true,\"valueName\":\"search_term_string\"}}],\"inLanguage\":\"fr-FR\"}]}<\/script>\n<!-- \/ Yoast SEO plugin. -->","yoast_head_json":{"title":"Forfaits Touristiques P\u00e9ninsule d'Or, Qu\u00e9bec - Wedge Hills Lodge","description":"Les possibilit\u00e9s pour l'observation de la nature, la photographie de la nature, la randonn\u00e9e et le v\u00e9lo sont infinies sur la p\u00e9ninsule d'or.","robots":{"index":"index","follow":"follow","max-snippet":"max-snippet:-1","max-image-preview":"max-image-preview:large","max-video-preview":"max-video-preview:-1"},"canonical":"https:\/\/wedgehillslodge.com\/fr\/circuits\/","og_locale":"fr_FR","og_type":"article","og_title":"Forfaits Touristiques P\u00e9ninsule d'Or, Qu\u00e9bec - Wedge Hills Lodge","og_description":"Les possibilit\u00e9s pour l'observation de la nature, la photographie de la nature, la randonn\u00e9e et le v\u00e9lo sont infinies sur la p\u00e9ninsule d'or.","og_url":"https:\/\/wedgehillslodge.com\/fr\/circuits\/","og_site_name":"Wedge Hills Lodge","article_modified_time":"2025-10-24T20:08:44+00:00","og_image":[{"width":1920,"height":803,"url":"https:\/\/wedgehillslodge.com\/wp-content\/uploads\/2020\/01\/wedge-hills-lodge-tours.jpg","type":"image\/jpeg"}],"twitter_card":"summary_large_image","twitter_misc":{"Est. reading time":"1 minute"},"schema":{"@context":"https:\/\/schema.org","@graph":[{"@type":"WebPage","@id":"https:\/\/wedgehillslodge.com\/fr\/circuits\/","url":"https:\/\/wedgehillslodge.com\/fr\/circuits\/","name":"Forfaits Touristiques P\u00e9ninsule d'Or, Qu\u00e9bec - Wedge Hills Lodge","isPartOf":{"@id":"https:\/\/wedgehillslodge.com\/#website"},"primaryImageOfPage":{"@id":"https:\/\/wedgehillslodge.com\/fr\/circuits\/#primaryimage"},"image":{"@id":"https:\/\/wedgehillslodge.com\/fr\/circuits\/#primaryimage"},"thumbnailUrl":"https:\/\/wedgehillslodge.com\/wp-content\/uploads\/2020\/01\/wedge-hills-lodge-tours.jpg","datePublished":"2020-01-17T20:23:29+00:00","dateModified":"2025-10-24T20:08:44+00:00","description":"Les possibilit\u00e9s pour l'observation de la nature, la photographie de la nature, la randonn\u00e9e et le v\u00e9lo sont infinies sur la p\u00e9ninsule d'or.","breadcrumb":{"@id":"https:\/\/wedgehillslodge.com\/fr\/circuits\/#breadcrumb"},"inLanguage":"fr-FR","potentialAction":[{"@type":"ReadAction","target":["https:\/\/wedgehillslodge.com\/fr\/circuits\/"]}]},{"@type":"ImageObject","inLanguage":"fr-FR","@id":"https:\/\/wedgehillslodge.com\/fr\/circuits\/#primaryimage","url":"https:\/\/wedgehillslodge.com\/wp-content\/uploads\/2020\/01\/wedge-hills-lodge-tours.jpg","contentUrl":"https:\/\/wedgehillslodge.com\/wp-content\/uploads\/2020\/01\/wedge-hills-lodge-tours.jpg","width":1920,"height":803},{"@type":"BreadcrumbList","@id":"https:\/\/wedgehillslodge.com\/fr\/circuits\/#breadcrumb","itemListElement":[{"@type":"ListItem","position":1,"name":"Home","item":"https:\/\/wedgehillslodge.com\/fr\/"},{"@type":"ListItem","position":2,"name":"Circuits"}]},{"@type":"WebSite","@id":"https:\/\/wedgehillslodge.com\/#website","url":"https:\/\/wedgehillslodge.com\/","name":"Wedge Hills Lodge","description":"Atlantic Salmon Fly Fishing trips in Nunavik, Canada - INUA","potentialAction":[{"@type":"SearchAction","target":{"@type":"EntryPoint","urlTemplate":"https:\/\/wedgehillslodge.com\/?s={search_term_string}"},"query-input":{"@type":"PropertyValueSpecification","valueRequired":true,"valueName":"search_term_string"}}],"inLanguage":"fr-FR"}]}},"_links":{"self":[{"href":"https:\/\/wedgehillslodge.com\/fr\/wp-json\/wp\/v2\/pages\/1395","targetHints":{"allow":["GET"]}}],"collection":[{"href":"https:\/\/wedgehillslodge.com\/fr\/wp-json\/wp\/v2\/pages"}],"about":[{"href":"https:\/\/wedgehillslodge.com\/fr\/wp-json\/wp\/v2\/types\/page"}],"author":[{"embeddable":true,"href":"https:\/\/wedgehillslodge.com\/fr\/wp-json\/wp\/v2\/users\/4"}],"replies":[{"embeddable":true,"href":"https:\/\/wedgehillslodge.com\/fr\/wp-json\/wp\/v2\/comments?post=1395"}],"version-history":[{"count":148,"href":"https:\/\/wedgehillslodge.com\/fr\/wp-json\/wp\/v2\/pages\/1395\/revisions"}],"predecessor-version":[{"id":10736,"href":"https:\/\/wedgehillslodge.com\/fr\/wp-json\/wp\/v2\/pages\/1395\/revisions\/10736"}],"wp:featuredmedia":[{"embeddable":true,"href":"https:\/\/wedgehillslodge.com\/fr\/wp-json\/wp\/v2\/media\/1285"}],"wp:attachment":[{"href":"https:\/\/wedgehillslodge.com\/fr\/wp-json\/wp\/v2\/media?parent=1395"}],"curies":[{"name":"wp","href":"https:\/\/api.w.org\/{rel}","templated":true}]}}